{"id":1103,"date":"2020-08-16T13:34:31","date_gmt":"2020-08-16T13:34:31","guid":{"rendered":"http:\/\/www.univnt.ro\/?page_id=1103"},"modified":"2022-05-02T08:58:02","modified_gmt":"2022-05-02T08:58:02","slug":"studii-de-licenta-aa-zi","status":"publish","type":"page","link":"https:\/\/www2.univnt.ro\/index.php\/facultati\/facultatea-de-economie-si-administrarea-afacerilor\/studii-de-licenta-aa-zi\/","title":{"rendered":"STUDII DE LICEN\u021a\u0102 AA ZI"},"content":{"rendered":"\t\t<div data-elementor-type=\"wp-page\" data-elementor-id=\"1103\" class=\"elementor elementor-1103\">\n\t\t\t\t\t\t<div class=\"elementor-inner\">\n\t\t\t\t<div class=\"elementor-section-wrap\">\n\t\t\t\t\t\t\t\t\t<section class=\"elementor-section elementor-top-section elementor-element elementor-element-f0e678a elementor-section-boxed elementor-section-height-default elementor-section-height-default\" data-id=\"f0e678a\" data-element_type=\"section\">\n\t\t\t\t\t\t<div class=\"elementor-container elementor-column-gap-default\">\n\t\t\t\t\t\t\t<div class=\"elementor-row\">\n\t\t\t\t\t<div class=\"elementor-column elementor-col-100 elementor-top-column elementor-element elementor-element-6a1451ac\" data-id=\"6a1451ac\" data-element_type=\"column\">\n\t\t\t<div class=\"elementor-column-wrap elementor-element-populated\">\n\t\t\t\t\t\t\t<div class=\"elementor-widget-wrap\">\n\t\t\t\t\t\t<div class=\"elementor-element elementor-element-34bcec9 elementor-invisible elementor-widget elementor-widget-alert\" data-id=\"34bcec9\" data-element_type=\"widget\" data-settings=\"{&quot;_animation&quot;:&quot;swing&quot;}\" data-widget_type=\"alert.default\">\n\t\t\t\t<div class=\"elementor-widget-container\">\n\t\t\t\t\t<div class=\"elementor-alert elementor-alert-success\" role=\"alert\">\n\t\t\t<span class=\"elementor-alert-title\">A fost publicat\u0103 programarea examenelor pentru sesiunea de var\u0103!<\/span>\n\t\t\t\t\t\t\t\t\t\t<button type=\"button\" class=\"elementor-alert-dismiss\">\n\t\t\t\t\t<span aria-hidden=\"true\">&times;<\/span>\n\t\t\t\t\t<span class=\"elementor-screen-only\">Dismiss alert<\/span>\n\t\t\t\t<\/button>\n\t\t\t\t\t<\/div>\n\t\t\t\t<\/div>\n\t\t\t\t<\/div>\n\t\t\t\t<div class=\"elementor-element elementor-element-2d9aab43 elementor-widget elementor-widget-text-editor\" data-id=\"2d9aab43\" data-element_type=\"widget\" data-widget_type=\"text-editor.default\">\n\t\t\t\t<div class=\"elementor-widget-container\">\n\t\t\t\t\t\t\t\t<div class=\"elementor-text-editor elementor-clearfix\">\n\t\t\t\t<!-- wp:shortcode -->\n<p><div id=\"accordions-1139\" class=\"accordions-1139 accordions\">\r\n                <div id=\"accordions-lazy-1139\" class=\"accordions-lazy\">\r\n                    <\/div>\r\n        <script>\r\n            jQuery(window).load(function() {\r\n                jQuery('#accordions-lazy-1139').fadeOut();\r\n                jQuery('#accordions-1139 .items').fadeIn();\r\n            });\r\n        <\/script><style type='text\/css'>\r\n        @media only screen and (min-width: 1024px) {\r\n            #accordions-1139 {\r\n                width: 100%;\r\n                            }\r\n        }\r\n\r\n        @media only screen and (min-width: 768px) and (max-width: 1023px) {\r\n            #accordions-1139 {\r\n                width: 100%;\r\n                            }\r\n        }\r\n\r\n        @media only screen and (min-width: 0px) and (max-width: 767px) {\r\n            #accordions-1139 {\r\n                width: 100%;\r\n                            }\r\n        }\r\n\r\n        #accordions-1139 .items {\r\n            display: none;\r\n        }\r\n\r\n        #accordions-1139 .accordions-lazy {\r\n            text-align: center;\r\n            position: absolute;\r\n            top: 50%;\r\n            left: 50%;\r\n            transform: translate(-50%, -50%);\r\n        }\r\n\r\n        #accordions-1139 {\r\n            text-align: left;\r\n            background: #ffffff url() repeat scroll 0 0;\r\n            position: relative;\r\n        }\r\n\r\n        #accordions-1139 .accordions-head {\r\n            background: #1e73be none repeat scroll 0 0;\r\n            \r\n                        outline: none;\r\n        }\r\n\r\n        #accordions-1139 .accordions-head-title {\r\n            color: #ffffff;\r\n            font-size: 16px;\r\n                    }\r\n\r\n        #accordions-1139 .accordions-head-title-toggle {\r\n            color: #ffffff;\r\n            font-size: 16px;\r\n                    }\r\n\r\n        #accordions-1139 .accordions-head:hover .accordions-head-title {\r\n            color: #ffffff;\r\n                    }\r\n\r\n        #accordions-1139 .ui-state-active {\r\n            background: #174e7f;\r\n            border: none;\r\n        }\r\n\r\n        #accordions-1139 .accordion-content {\r\n            background: #ffffff none repeat scroll 0 0;\r\n            border: none;\r\n        }\r\n\r\n        #accordions-1139 .accordion-icons {\r\n                    }\r\n\r\n        #accordions-1139 .accordions-head:hover .accordion-icons span {\r\n                    }\r\n\r\n            <\/style>\r\n<div class=\"items\">\r\n                        <div post_id=\"1139\" itemcount=\"0\" header_id=\"header-1597650332480\" id=\"header-1597650332480\" style=\"\" class=\"accordions-head head1597650332480 border-none\" toggle-text=\"\" main-text=\"ANUN\u0162URI\">\r\n                                            <span id=\"accordion-icons-1597650332480\" class=\"accordion-icons\">\r\n                            <span class=\"accordion-icon-active accordion-plus\"><i class=\"fas fa-chevron-up\"><\/i><\/span>\r\n                            <span class=\"accordion-icon-inactive accordion-minus\"><i class=\"fas fa-chevron-right\"><\/i><\/span>\r\n                        <\/span>\r\n                        <span id=\"header-text-1597650332480\" class=\"accordions-head-title\">ANUN\u0162URI<\/span>\r\n                                    <\/div>\r\n                <div class=\"accordion-content content1597650332480 \">\r\n                    <p>ANUN\u021a ELIBERARE CARNETE DE STUDENT ANUL I<\/p>\n<p>Eliberarea carnetelor de student pentru anul 1 \u2013 Licen\u021b\u0103 si Master FEAA &#8211; se va face \u00eencepand de luni 08 noiembrie 2021, in urma unei programari cu 2 zile inainte\u00a0 prin trimiterea unui mail \u00een care sunte\u021bi ruga\u021bi sa specifica\u021bi <strong><em><u>numele, prenumele \u0219i specializarea<\/u><\/em><\/strong> &#8211; la adresele de mail de la secretariatul Facultatii de Economie \u0219i Administrarea Afacerilor:<\/p>\n<p><strong>Secretar \u015fef:<\/strong>\u00a0Camelia CRACIUN<br \/>\ne-mail: cameliacraciun@univnt.ro<\/p>\n<p><strong>Secretar:<\/strong>\u00a0Alexandra Mireille MIRON<br \/>\ne-mail: alexandra.miron@univnt.ro<\/p>\n<ul>\n<li>Deschiderea anului universitar 2021-2022 pentru studentii inscrisi la cursurile AA IF va avea loc \u00een data de 04.10.2021, ora 10.00. (<span style=\"color: #0000ff\"><a style=\"color: #0000ff\" href=\"https:\/\/www.univnt.ro\/index.php\/deschiderea-anului-universitar-2021-2022\/\"><strong>Click aici pentru link-ul de acces<\/strong><\/a><\/span>)<\/li>\n<li><span style=\"color: #0000ff\"><strong><a style=\"color: #0000ff\" href=\"https:\/\/www.univnt.ro\/index.php\/desfasurarea-activitatii-didactice-2021-2022\/\">Desf\u0103\u015furarea activit\u0103\u0163ii didactice 2021\/2022<\/a><\/strong><\/span><\/li>\n<\/ul>\n<p>Pentru a afla numele de utilizator si parola pentru eLis si Gsuite for Education faceti <strong><span style=\"text-decoration: underline\"><span style=\"color: #ff0000;text-decoration: underline\"><a style=\"color: #ff0000;text-decoration: underline\" href=\"https:\/\/www.univnt.ro\/conturi\/login.php\">click aici<\/a><\/span><\/span><span style=\"color: #ff0000\">.\u00a0<\/span><\/strong><\/p>\n<p>Dupa accesarea link-ului va rugam sa completati campurile cu datele cerute. Ulterior apasarii butonului Login primiti utilizatorul si parola. Pentru accesarea platformei\u00a0<span style=\"text-decoration: underline\"><span style=\"color: #ff0000\"><strong><a style=\"color: #ff0000;text-decoration: underline\" href=\"https:\/\/elis.univnt.ro\/\">eLis\u00a0<\/a><\/strong><\/span><\/span>trebuie sa introduceti utilizatorul si parola primita. Pentru accesarea platformei\u00a0<span style=\"text-decoration: underline\"><span style=\"color: #ff0000\"><strong><a style=\"color: #ff0000;text-decoration: underline\" href=\"https:\/\/mail.google.com\/a\/univnt.ro\">Google Classroom<\/a><\/strong><\/span><\/span>\u00a0trebuie obligatoriu sa introduceti utilizatorul cu terminatia @univnt.ro (Ex.\u00a0MihaiL22133@univnt.ro) si parola primita.<\/p>\n<p><span style=\"color: #000000\">Va rugam sa aveti in vedere ca pot exista unele probleme de conectare la cele doua platforme in urmatoarele 24 de ore<\/span><\/p>\n<p>Gasiti mai multe ghiduri de folosire a platformelor\u00a0<span style=\"text-decoration: underline;color: #ff0000\"><a style=\"color: #ff0000\" href=\"https:\/\/sites.google.com\/univnt.ro\/student\/pagina-de-pornire\"><strong>aici<\/strong><\/a><\/span><\/p>\n                <\/div>\r\n                        <div post_id=\"1139\" itemcount=\"1\" header_id=\"header-1597650340952\" id=\"header-1597650340952\" style=\"\" class=\"accordions-head head1597650340952 border-none\" toggle-text=\"\" main-text=\"ORAR\">\r\n                                            <span id=\"accordion-icons-1597650340952\" class=\"accordion-icons\">\r\n                            <span class=\"accordion-icon-active accordion-plus\"><i class=\"fas fa-chevron-up\"><\/i><\/span>\r\n                            <span class=\"accordion-icon-inactive accordion-minus\"><i class=\"fas fa-chevron-right\"><\/i><\/span>\r\n                        <\/span>\r\n                        <span id=\"header-text-1597650340952\" class=\"accordions-head-title\">ORAR<\/span>\r\n                                    <\/div>\r\n                <div class=\"accordion-content content1597650340952 \">\r\n                    <p style=\"text-align: center\"><span style=\"color: #ff0000\"><strong>An universitar 2021 &#8211; 2022, semestrul 2<\/strong><\/span><\/p>\n<p style=\"text-align: center\"><span style=\"color: #0000ff\"><a href=\"http:\/\/www.univnt.ro\/wp-content\/uploads\/facultati\/2021-2022\/feea\/licenta\/aa_cig_if\/orar\/semestrul_2\/ORAR, An_I_AA_IF_sem_2_2021_2022_sali.pdf\" target=\"_blank\" rel=\"noopener\"><span style=\"text-decoration: underline\"><strong>Anul 1<\/strong><\/span><\/a><strong> \u00a0 \u00a0 \u00a0 <\/strong><a href=\"http:\/\/www.univnt.ro\/wp-content\/uploads\/facultati\/2021-2022\/feea\/licenta\/aa_cig_if\/orar\/semestrul_2\/ORAR, An_II_AA_IF_sem_2_2021_2022.sali.pdf\" target=\"_blank\" rel=\"noopener\"><span style=\"text-decoration: underline\"><strong>Anul 2<\/strong><\/span><\/a><strong> \u00a0 \u00a0 \u00a0 \u00a0<\/strong><a href=\"http:\/\/www.univnt.ro\/wp-content\/uploads\/facultati\/2021-2022\/feea\/licenta\/aa_cig_if\/orar\/semestrul_2\/ORAR, An_III_AA_IF_sem_2_2021_2022.sali.pdf\" target=\"_blank\" rel=\"noopener\"><span style=\"text-decoration: underline\"><strong>Anul 3<\/strong><\/span><\/a><\/span><\/p>\n<p style=\"text-align: center\"><a href=\"http:\/\/www.univnt.ro\/wp-content\/uploads\/facultati\/2021-2022\/feea\/licenta\/aa_cig_if\/orar\/semestrul_2\/saptamanile_ seminar_ sem II__FEAA - 2021_2022 doc.pdf\" target=\"_blank\" rel=\"noopener\"><span style=\"text-decoration: underline;color: #0000ff\"><strong>S\u0103pt\u0103m\u00e2nile de seminar<\/strong><\/span><\/a><\/p>\n                <\/div>\r\n                        <div post_id=\"1139\" itemcount=\"2\" header_id=\"header-1597650341479\" id=\"header-1597650341479\" style=\"\" class=\"accordions-head head1597650341479 border-none\" toggle-text=\"\" main-text=\"EXAMENE\/VERIFIC\u0102RI\">\r\n                                            <span id=\"accordion-icons-1597650341479\" class=\"accordion-icons\">\r\n                            <span class=\"accordion-icon-active accordion-plus\"><i class=\"fas fa-chevron-up\"><\/i><\/span>\r\n                            <span class=\"accordion-icon-inactive accordion-minus\"><i class=\"fas fa-chevron-right\"><\/i><\/span>\r\n                        <\/span>\r\n                        <span id=\"header-text-1597650341479\" class=\"accordions-head-title\">EXAMENE\/VERIFIC\u0102RI<\/span>\r\n                                    <\/div>\r\n                <div class=\"accordion-content content1597650341479 \">\r\n                    <p style=\"text-align: center\"><strong>An universitar 2021 \u2013 2022, Semestrul 2<\/strong><\/p>\n<p style=\"text-align: center\"><span style=\"color: #ff0000\"><strong><span style=\"text-decoration: underline\"><a style=\"color: #ff0000;text-decoration: underline\" href=\"http:\/\/www.univnt.ro\/wp-content\/uploads\/facultati\/2021-2022\/feea\/licenta\/aa_cig_if\/examene\/semestrul_2\/Programare_Verificari_Examene_ anul I_semestrul 2 AA_IF_ID_2022 .pdf\">Anul 1<\/a><\/span>\u00a0 \u00a0 \u00a0 \u00a0 \u00a0 <span style=\"text-decoration: underline\"><a style=\"color: #ff0000;text-decoration: underline\" href=\"http:\/\/www.univnt.ro\/wp-content\/uploads\/facultati\/2021-2022\/feea\/licenta\/aa_cig_if\/examene\/semestrul_2\/Programare_Verificari_Examene_ anul II semestrul 2_AA_IF_ID_2022 .pdf\">Anul 2<\/a>\u00a0<\/span> \u00a0 \u00a0 \u00a0 <span style=\"text-decoration: underline\">\u00a0<a style=\"color: #ff0000;text-decoration: underline\" href=\"http:\/\/www.univnt.ro\/wp-content\/uploads\/facultati\/2021-2022\/feea\/licenta\/aa_cig_if\/examene\/semestrul_2\/Programare_Verificari_Examene_ anul III semestrul 2_AA_IF_ID_2022 .pdf\">Anul 3<\/a><\/span><\/strong><\/span><\/p>\n                <\/div>\r\n                        <div post_id=\"1139\" itemcount=\"3\" header_id=\"header-1597650342011\" id=\"header-1597650342011\" style=\"\" class=\"accordions-head head1597650342011 border-none\" toggle-text=\"\" main-text=\"REEXAMIN\u0102RI\">\r\n                                            <span id=\"accordion-icons-1597650342011\" class=\"accordion-icons\">\r\n                            <span class=\"accordion-icon-active accordion-plus\"><i class=\"fas fa-chevron-up\"><\/i><\/span>\r\n                            <span class=\"accordion-icon-inactive accordion-minus\"><i class=\"fas fa-chevron-right\"><\/i><\/span>\r\n                        <\/span>\r\n                        <span id=\"header-text-1597650342011\" class=\"accordions-head-title\">REEXAMIN\u0102RI<\/span>\r\n                                    <\/div>\r\n                <div class=\"accordion-content content1597650342011 \">\r\n                    <p style=\"text-align: center\"><strong>An universitar 2021 \u2013 2022, Semestrul 2<\/strong><\/p>\n<p style=\"text-align: center\"><span style=\"color: #ff0000\"><strong>Anul 1\u00a0 \u00a0 \u00a0 \u00a0 \u00a0 Anul 2\u00a0 \u00a0 \u00a0 \u00a0 \u00a0<a href=\"http:\/\/www.univnt.ro\/wp-content\/uploads\/facultati\/2021-2022\/feea\/licenta\/aa_cig_if\/reexaminari\/Reexaminari_Licenta_anul 3__IF_ID_AA perioada 20-25 Iunie_2022.pdf\">Anul 3<\/a><\/strong><\/span><\/p>\n                <\/div>\r\n                        <div post_id=\"1139\" itemcount=\"4\" header_id=\"header-1597650342493\" id=\"header-1597650342493\" style=\"\" class=\"accordions-head head1597650342493 border-none\" toggle-text=\"\" main-text=\"RESTAN\u0162E\">\r\n                                            <span id=\"accordion-icons-1597650342493\" class=\"accordion-icons\">\r\n                            <span class=\"accordion-icon-active accordion-plus\"><i class=\"fas fa-chevron-up\"><\/i><\/span>\r\n                            <span class=\"accordion-icon-inactive accordion-minus\"><i class=\"fas fa-chevron-right\"><\/i><\/span>\r\n                        <\/span>\r\n                        <span id=\"header-text-1597650342493\" class=\"accordions-head-title\">RESTAN\u0162E<\/span>\r\n                                    <\/div>\r\n                <div class=\"accordion-content content1597650342493 \">\r\n                    <p style=\"text-align: center\"><strong>An universitar 2021 \u2013 2022, Semestrul 2<\/strong><\/p>\n<p style=\"text-align: center\"><span style=\"color: #ff0000\"><strong>Anul 1\u00a0 \u00a0 \u00a0 \u00a0 \u00a0 Anul 2\u00a0 \u00a0 \u00a0 \u00a0 \u00a0<a href=\"http:\/\/www.univnt.ro\/wp-content\/uploads\/facultati\/2021-2022\/feea\/licenta\/aa_cig_if\/reexaminari\/Restante_Licenta_anul 3__IF_ID_AA perioada 14-18 Iunie_2022.pdf\">Anul 3<\/a><\/strong><\/span><\/p>\n                <\/div>\r\n                        <div post_id=\"1139\" itemcount=\"5\" header_id=\"header-1597650343000\" id=\"header-1597650343000\" style=\"\" class=\"accordions-head head1597650343000 border-none\" toggle-text=\"\" main-text=\"EXAMENUL DE FINALIZARE\">\r\n                                            <span id=\"accordion-icons-1597650343000\" class=\"accordion-icons\">\r\n                            <span class=\"accordion-icon-active accordion-plus\"><i class=\"fas fa-chevron-up\"><\/i><\/span>\r\n                            <span class=\"accordion-icon-inactive accordion-minus\"><i class=\"fas fa-chevron-right\"><\/i><\/span>\r\n                        <\/span>\r\n                        <span id=\"header-text-1597650343000\" class=\"accordions-head-title\">EXAMENUL DE FINALIZARE<\/span>\r\n                                    <\/div>\r\n                <div class=\"accordion-content content1597650343000 \">\r\n                    <p style=\"text-align: center\"><strong><span style=\"color: #ff0000\">Licen\u0163\u0103 Iulie 2022<\/span><\/strong><\/p>\n<p><a href=\"http:\/\/www.univnt.ro\/wp-content\/uploads\/facultati\/2021-2022\/feea\/licenta\/aa_cig_if\/finalizare studii\/tematica licenta AA.pdf\"><span style=\"text-decoration: underline;color: #0000ff\"><strong>Tematic\u0103 licen\u021b\u0103 AA<\/strong><\/span><\/a><\/p>\n<p><a href=\"http:\/\/www.univnt.ro\/wp-content\/uploads\/facultati\/2021-2022\/feea\/licenta\/aa_cig_if\/finalizare studii\/Optiuni examen licenta AA.pdf\"><span style=\"text-decoration: underline;color: #0000ff\"><strong>Op\u021biuni examen licenta AA<\/strong><\/span><\/a><\/p>\n<p><a href=\"http:\/\/www.univnt.ro\/wp-content\/uploads\/facultati\/2021-2022\/feea\/licenta\/aa_cig_if\/finalizare studii\/39. MT-06 - Metodologie finalizare studii.pdf\"><span style=\"text-decoration: underline;color: #0000ff\"><strong>Metodologie finalizare studii<\/strong><\/span><\/a><\/p>\n<p><a href=\"http:\/\/www.univnt.ro\/wp-content\/uploads\/facultati\/2021-2022\/feea\/licenta\/aa_cig_if\/finalizare studii\/iulie\/Anunt inscrieri examen licenta AA iulie 2022.pdf\"><span style=\"text-decoration: underline;color: #0000ff\"><strong>Anun\u0163 \u00eenscriere licen\u0163\u0103<\/strong><\/span><\/a><\/p>\n<p><a href=\"http:\/\/www.univnt.ro\/wp-content\/uploads\/facultati\/2021-2022\/feea\/licenta\/aa_cig_if\/finalizare studii\/iulie\/Formular_Cerere_Inscriere_licenta_AA_Iulie_2022.pdf\"><span style=\"text-decoration: underline;color: #0000ff\"><strong>Cerere de \u00eenscriere<\/strong><\/span><\/a><\/p>\n                <\/div>\r\n                        <div post_id=\"1139\" itemcount=\"6\" header_id=\"header-1597650343503\" id=\"header-1597650343503\" style=\"\" class=\"accordions-head head1597650343503 border-none\" toggle-text=\"\" main-text=\"PLANURI DE \u00ceNV\u0102\u0162\u0102M\u00c2NT\">\r\n                                            <span id=\"accordion-icons-1597650343503\" class=\"accordion-icons\">\r\n                            <span class=\"accordion-icon-active accordion-plus\"><i class=\"fas fa-chevron-up\"><\/i><\/span>\r\n                            <span class=\"accordion-icon-inactive accordion-minus\"><i class=\"fas fa-chevron-right\"><\/i><\/span>\r\n                        <\/span>\r\n                        <span id=\"header-text-1597650343503\" class=\"accordions-head-title\">PLANURI DE \u00ceNV\u0102\u0162\u0102M\u00c2NT<\/span>\r\n                                    <\/div>\r\n                <div class=\"accordion-content content1597650343503 \">\r\n                    <p>&nbsp;<\/p>\n<p style=\"text-align: center\"><a href=\"http:\/\/www.univnt.ro\/wp-content\/uploads\/facultati\/2021-2022\/feea\/licenta\/aa_cig_id\/planuri\/Plan inv. AA ZI 2021 - 2024.pdf\"><b>Plan de \u00eenvatamant Promo\u0163ia 2021-2024<\/b><\/a><\/p>\n                <\/div>\r\n                        <div post_id=\"1139\" itemcount=\"7\" header_id=\"header-1597650344079\" id=\"header-1597650344079\" style=\"\" class=\"accordions-head head1597650344079 border-none\" toggle-text=\"\" main-text=\"STRUCTURA ANULUI UNIVERSITAR\">\r\n                                            <span id=\"accordion-icons-1597650344079\" class=\"accordion-icons\">\r\n                            <span class=\"accordion-icon-active accordion-plus\"><i class=\"fas fa-chevron-up\"><\/i><\/span>\r\n                            <span class=\"accordion-icon-inactive accordion-minus\"><i class=\"fas fa-chevron-right\"><\/i><\/span>\r\n                        <\/span>\r\n                        <span id=\"header-text-1597650344079\" class=\"accordions-head-title\">STRUCTURA ANULUI UNIVERSITAR<\/span>\r\n                                    <\/div>\r\n                <div class=\"accordion-content content1597650344079 \">\r\n                    <p>&nbsp;<\/p>\n<p style=\"text-align: center\"><span style=\"color: #ff0000\"><a style=\"color: #ff0000\" href=\"https:\/\/www.univnt.ro\/wp-content\/uploads\/structura\/Structura_Universitara_FEAA_licenta_2021-2022.pdf\">STRUCTURA ANULUI UNIVERSITAR<\/a><\/span><\/p>\n                <\/div>\r\n            <\/div>\r\n    <script>\r\n        jQuery(document).ready(function($) {\r\n            accordions_active_index_1139 = [];\r\n                })\r\n    <\/script>    <script>\r\n        jQuery(document).ready(function($) {\r\n            accordion_1139 = $(\"#accordions-1139 .items\").accordion({\r\n                event: \"click\",\r\n                collapsible: true,\r\n                heightStyle: \"content\",\r\n                animate: (\"swing\", 1000),\r\n                navigation: true,\r\n                active: 999,\r\n                            });\r\n        })\r\n    <\/script>\r\n                <\/div><\/p>\n<!-- \/wp:shortcode -->\n\n<!-- wp:separator -->\n<p class=\"has-vivid-red-color has-text-color\">INVATAMANT CU FRECVENTA: Specializare <strong>acreditat\u0103<\/strong> prin HG nr. 575\/2015<\/p>\n<!-- \/wp:paragraph -->\n\n<!-- wp:paragraph -->\n<p>Absolven\u021bii acestui program de studii sunt licen\u021bia\u021bi \u00een domeniul fundamental \u201e\u0218tiin\u021be economice\u201d, domeniul de licen\u021b\u0103 \u201eAdministrarea Afacerilor\u201d, programul de studii \u201eAdministrarea Afacerilor\u201d.<\/p>\n<p>Programul de studii universitare de licen\u021b\u0103 <em>\u201eAdministrarea Afacerilor\u201d <\/em>\u00ee\u0219i propune s\u0103 preg\u0103teasc\u0103 viitori speciali\u0219ti \u00een domeniile administr\u0103rii afacerilor, politicilor \u0219i strategiilor de firm\u0103, managementului riscurilor pe pia\u021b\u0103, care s\u0103 poat\u0103 desf\u0103\u0219ura o activitate corespunz\u0103toare \u00een cadrul companiilor na\u021bionale \u0219i interna\u021bionale.<\/p>\n<!-- \/wp:paragraph -->\n\n<!-- wp:shortcode -->\n<p><div class='yrm-content yrm-content-11 yrm-content-hide' id='yrm-Q4uR3' data-id='11' data-show-status='false' data-after-action=''>\n\t\t\t<div id='yrm-inner-content-yrm-Q4uR3' class='yrm-inner-content-wrapper yrm-cntent-11'><\/p>\n<p>Planul de \u00eenv\u0103\u021b\u0103m\u00e2nt al programului de studii de licen\u021b\u0103 \u201eAdministrarea Afacerilor\u201d asigur\u0103 o \u00eembinare a cuno\u0219tin\u021belor de baz\u0103, asigurate de discipline fundamentale din domeniul economic (Microeconomie, Macroeconomie, Management, Marketing, Statistic\u0103, Finan\u021be, Informatic\u0103), cu cele din domeniu (Managementul firmelor mici \u0219i mijlocii, Tehnica negocierilor, Comportamentul consumatorului, Fiscalitate, Mediul de afaceri european, Analiz\u0103 economico-financiar\u0103, Prelucr\u0103ri statistice pe computer, Practica de specialitate, Proiecte economice etc.) menite s\u0103 confere studen\u021bilor no\u0219tri competen\u021bele \u0219i abilit\u0103\u021bile practice necesare lu\u0103rii deciziilor \u0219i pentru \u00een\u021belegerea modului de conducere, organizare, func\u021bionare a afacerilor, \u00een orice domeniu al economiei de pia\u021b\u0103 concuren\u021bial\u0103.<\/p>\n<p>Curricula programului de studii de licen\u021b\u0103 \u201eAdministrarea Afacerilor\u201d este corelat\u0103 cu cerin\u021bele specifice mediului de afaceri, oferind absolven\u021bilor posibilitatea de a \u00eencepe o afacere proprie sau de a se integra rapid pe pia\u021ba muncii, ca economi\u0219ti speciali\u0219ti \u00een management, consultan\u021bi \u00een management, administratori de societate, manageri de proiect etc.<\/p>\n<p>Absolven\u021bii programului de studii de licen\u021b\u0103 \u201eAdministrarea Afacerilor\u201d au posibilitatea dezvolt\u0103rii abilit\u0103\u021bilor \u0219i competen\u021belor din domeniul antreprenoriatului, administr\u0103rii \u0219i dezvolt\u0103rii afacerilor prin alegerea programului de masterat \u201eAntreprenoriat \u0219i Administrarea Afacerilor\u201d care func\u021bioneaz\u0103 \u00een cadrul Universit\u0103\u021bii \u201eNicolae Titulescu\u201d din Bucure\u0219ti.<\/p>\n<p><\/div>\n\t\t<\/div><div class='yrm-btn-wrapper yrm-btn-wrapper-11 yrm-more-button-wrapper '\n\t\tdata-custom-more-class-name='' data-custom-less-class-name=''><span title='' data-less-title='' data-more-title='' class='yrm-toggle-expand  yrm-toggle-expand-11 ' data-rel='yrm-Q4uR3' data-more='Mai mult' data-less='Mai pu\u021bin'><span class='yrm-text-wrapper yrm-text-wrapper-custom-dimensions'><span class=\"yrm-button-text-11\">Mai mult<\/span><\/span><\/span><\/div><\/p>\n<!-- \/wp:shortcode -->\t\t\t\t\t<\/div>\n\t\t\t\t\t\t<\/div>\n\t\t\t\t<\/div>\n\t\t\t\t\t\t<\/div>\n\t\t\t\t\t<\/div>\n\t\t<\/div>\n\t\t\t\t\t\t\t\t<\/div>\n\t\t\t\t\t<\/div>\n\t\t<\/section>\n\t\t\t\t\t\t\t\t\t<\/div>\n\t\t\t<\/div>\n\t\t\t\t\t<\/div>\n\t\t","protected":false},"excerpt":{"rendered":"<p>A fost publicat\u0103 programarea examenelor pentru sesiunea de var\u0103! &times; Dismiss alert Absolven\u021bii acestui program de studii sunt licen\u021bia\u021bi \u00een &hellip; <\/p>\n","protected":false},"author":1,"featured_media":0,"parent":112,"menu_order":0,"comment_status":"closed","ping_status":"closed","template":"","meta":{"_mi_skip_tracking":false},"_links":{"self":[{"href":"https:\/\/www2.univnt.ro\/index.php\/wp-json\/wp\/v2\/pages\/1103"}],"collection":[{"href":"https:\/\/www2.univnt.ro\/index.php\/wp-json\/wp\/v2\/pages"}],"about":[{"href":"https:\/\/www2.univnt.ro\/index.php\/wp-json\/wp\/v2\/types\/page"}],"author":[{"embeddable":true,"href":"https:\/\/www2.univnt.ro\/index.php\/wp-json\/wp\/v2\/users\/1"}],"replies":[{"embeddable":true,"href":"https:\/\/www2.univnt.ro\/index.php\/wp-json\/wp\/v2\/comments?post=1103"}],"version-history":[{"count":58,"href":"https:\/\/www2.univnt.ro\/index.php\/wp-json\/wp\/v2\/pages\/1103\/revisions"}],"predecessor-version":[{"id":4735,"href":"https:\/\/www2.univnt.ro\/index.php\/wp-json\/wp\/v2\/pages\/1103\/revisions\/4735"}],"up":[{"embeddable":true,"href":"https:\/\/www2.univnt.ro\/index.php\/wp-json\/wp\/v2\/pages\/112"}],"wp:attachment":[{"href":"https:\/\/www2.univnt.ro\/index.php\/wp-json\/wp\/v2\/media?parent=1103"}],"curies":[{"name":"wp","href":"https:\/\/api.w.org\/{rel}","templated":true}]}}