{"id":1109,"date":"2020-08-16T13:35:10","date_gmt":"2020-08-16T13:35:10","guid":{"rendered":"http:\/\/www.univnt.ro\/?page_id=1109"},"modified":"2022-05-02T08:59:34","modified_gmt":"2022-05-02T08:59:34","slug":"studii-de-licenta-cig-zi","status":"publish","type":"page","link":"https:\/\/www2.univnt.ro\/index.php\/facultati\/facultatea-de-economie-si-administrarea-afacerilor\/studii-de-licenta-cig-zi\/","title":{"rendered":"STUDII DE LICEN\u021a\u0102 CIG ZI"},"content":{"rendered":"\t\t<div data-elementor-type=\"wp-page\" data-elementor-id=\"1109\" class=\"elementor elementor-1109\">\n\t\t\t\t\t\t<div class=\"elementor-inner\">\n\t\t\t\t<div class=\"elementor-section-wrap\">\n\t\t\t\t\t\t\t\t\t<section class=\"elementor-section elementor-top-section elementor-element elementor-element-640ddfcc elementor-section-boxed elementor-section-height-default elementor-section-height-default\" data-id=\"640ddfcc\" data-element_type=\"section\">\n\t\t\t\t\t\t<div class=\"elementor-container elementor-column-gap-default\">\n\t\t\t\t\t\t\t<div class=\"elementor-row\">\n\t\t\t\t\t<div class=\"elementor-column elementor-col-100 elementor-top-column elementor-element elementor-element-229e52a3\" data-id=\"229e52a3\" data-element_type=\"column\">\n\t\t\t<div class=\"elementor-column-wrap elementor-element-populated\">\n\t\t\t\t\t\t\t<div class=\"elementor-widget-wrap\">\n\t\t\t\t\t\t<div class=\"elementor-element elementor-element-4f906d5 elementor-invisible elementor-widget elementor-widget-alert\" data-id=\"4f906d5\" data-element_type=\"widget\" data-settings=\"{&quot;_animation&quot;:&quot;swing&quot;}\" data-widget_type=\"alert.default\">\n\t\t\t\t<div class=\"elementor-widget-container\">\n\t\t\t\t\t<div class=\"elementor-alert elementor-alert-success\" role=\"alert\">\n\t\t\t<span class=\"elementor-alert-title\">A fost publicat\u0103 programarea examenelor pentru sesiunea de var\u0103!<\/span>\n\t\t\t\t\t\t\t\t\t\t<button type=\"button\" class=\"elementor-alert-dismiss\">\n\t\t\t\t\t<span aria-hidden=\"true\">&times;<\/span>\n\t\t\t\t\t<span class=\"elementor-screen-only\">Dismiss alert<\/span>\n\t\t\t\t<\/button>\n\t\t\t\t\t<\/div>\n\t\t\t\t<\/div>\n\t\t\t\t<\/div>\n\t\t\t\t<div class=\"elementor-element elementor-element-40757f46 elementor-widget elementor-widget-text-editor\" data-id=\"40757f46\" data-element_type=\"widget\" data-widget_type=\"text-editor.default\">\n\t\t\t\t<div class=\"elementor-widget-container\">\n\t\t\t\t\t\t\t\t<div class=\"elementor-text-editor elementor-clearfix\">\n\t\t\t\t<p><div id=\"accordions-1143\" class=\"accordions-1143 accordions\">\r\n                <div id=\"accordions-lazy-1143\" class=\"accordions-lazy\">\r\n                    <\/div>\r\n        <script>\r\n            jQuery(window).load(function() {\r\n                jQuery('#accordions-lazy-1143').fadeOut();\r\n                jQuery('#accordions-1143 .items').fadeIn();\r\n            });\r\n        <\/script><style type='text\/css'>\r\n        @media only screen and (min-width: 1024px) {\r\n            #accordions-1143 {\r\n                width: 100%;\r\n                            }\r\n        }\r\n\r\n        @media only screen and (min-width: 768px) and (max-width: 1023px) {\r\n            #accordions-1143 {\r\n                width: 100%;\r\n                            }\r\n        }\r\n\r\n        @media only screen and (min-width: 0px) and (max-width: 767px) {\r\n            #accordions-1143 {\r\n                width: 100%;\r\n                            }\r\n        }\r\n\r\n        #accordions-1143 .items {\r\n            display: none;\r\n        }\r\n\r\n        #accordions-1143 .accordions-lazy {\r\n            text-align: center;\r\n            position: absolute;\r\n            top: 50%;\r\n            left: 50%;\r\n            transform: translate(-50%, -50%);\r\n        }\r\n\r\n        #accordions-1143 {\r\n            text-align: left;\r\n            background: #ffffff url() repeat scroll 0 0;\r\n            position: relative;\r\n        }\r\n\r\n        #accordions-1143 .accordions-head {\r\n            background: #1e73be none repeat scroll 0 0;\r\n            \r\n                        outline: none;\r\n        }\r\n\r\n        #accordions-1143 .accordions-head-title {\r\n            color: #ffffff;\r\n            font-size: 16px;\r\n                    }\r\n\r\n        #accordions-1143 .accordions-head-title-toggle {\r\n            color: #ffffff;\r\n            font-size: 16px;\r\n                    }\r\n\r\n        #accordions-1143 .accordions-head:hover .accordions-head-title {\r\n            color: #ffffff;\r\n                    }\r\n\r\n        #accordions-1143 .ui-state-active {\r\n            background: #174e7f;\r\n            border: none;\r\n        }\r\n\r\n        #accordions-1143 .accordion-content {\r\n            background: #ffffff none repeat scroll 0 0;\r\n            border: none;\r\n        }\r\n\r\n        #accordions-1143 .accordion-icons {\r\n                    }\r\n\r\n        #accordions-1143 .accordions-head:hover .accordion-icons span {\r\n                    }\r\n\r\n            <\/style>\r\n<div class=\"items\">\r\n                        <div post_id=\"1143\" itemcount=\"0\" header_id=\"header-1597650332480\" id=\"header-1597650332480\" style=\"\" class=\"accordions-head head1597650332480 border-none\" toggle-text=\"\" main-text=\"ANUN\u0162URI\">\r\n                                            <span id=\"accordion-icons-1597650332480\" class=\"accordion-icons\">\r\n                            <span class=\"accordion-icon-active accordion-plus\"><i class=\"fas fa-chevron-up\"><\/i><\/span>\r\n                            <span class=\"accordion-icon-inactive accordion-minus\"><i class=\"fas fa-chevron-right\"><\/i><\/span>\r\n                        <\/span>\r\n                        <span id=\"header-text-1597650332480\" class=\"accordions-head-title\">ANUN\u0162URI<\/span>\r\n                                    <\/div>\r\n                <div class=\"accordion-content content1597650332480 \">\r\n                    <p>ANUN\u021a ELIBERARE CARNETE DE STUDENT ANUL I<\/p>\n<p>Eliberarea carnetelor de student pentru anul 1 \u2013 Licen\u021b\u0103 si Master FEAA &#8211; se va face \u00eencepand de luni 08 noiembrie 2021, in urma unei programari cu 2 zile inainte\u00a0 prin trimiterea unui mail \u00een care sunte\u021bi ruga\u021bi sa specifica\u021bi <strong><em><u>numele, prenumele \u0219i specializarea<\/u><\/em><\/strong> &#8211; la adresele de mail de la secretariatul Facultatii de Economie \u0219i Administrarea Afacerilor:<\/p>\n<p><strong>Secretar \u015fef:<\/strong>\u00a0Camelia CRACIUN<br \/>\ne-mail: cameliacraciun@univnt.ro<\/p>\n<p><strong>Secretar:<\/strong>\u00a0Alexandra Mireille MIRON<br \/>\ne-mail: alexandra.miron@univnt.ro<\/p>\n<ul>\n<li>Deschiderea anului universitar 2021-2022 pentru studentii inscrisi la cursurile CIG IF va avea loc \u00een data de 04.10.2021, ora 10.00. (<span style=\"color: #0000ff\"><a style=\"color: #0000ff\" href=\"https:\/\/www.univnt.ro\/index.php\/deschiderea-anului-universitar-2021-2022\/\"><strong>Click aici pentru link-ul de acces<\/strong><\/a><\/span>)<\/li>\n<li><span style=\"color: #0000ff\"><strong><a style=\"color: #0000ff\" href=\"https:\/\/www.univnt.ro\/index.php\/desfasurarea-activitatii-didactice-2021-2022\/\">Desf\u0103\u015furarea activit\u0103\u0163ii didactice 2021\/2022<\/a><\/strong><\/span><\/li>\n<\/ul>\n<p>Pentru a afla numele de utilizator si parola pentru eLis si Gsuite for Education faceti <strong><span style=\"text-decoration: underline\"><span style=\"color: #ff0000;text-decoration: underline\"><a style=\"color: #ff0000;text-decoration: underline\" href=\"https:\/\/www.univnt.ro\/conturi\/login.php\">click aici<\/a><\/span><\/span><span style=\"color: #ff0000\">.\u00a0<\/span><\/strong><\/p>\n<p>Dupa accesarea link-ului va rugam sa completati campurile cu datele cerute. Ulterior apasarii butonului Login primiti utilizatorul si parola. Pentru accesarea platformei\u00a0<span style=\"text-decoration: underline\"><span style=\"color: #ff0000\"><strong><a style=\"color: #ff0000;text-decoration: underline\" href=\"https:\/\/elis.univnt.ro\/\">eLis\u00a0<\/a><\/strong><\/span><\/span>trebuie sa introduceti utilizatorul si parola primita. Pentru accesarea platformei\u00a0<span style=\"text-decoration: underline\"><span style=\"color: #ff0000\"><strong><a style=\"color: #ff0000;text-decoration: underline\" href=\"https:\/\/mail.google.com\/a\/univnt.ro\">Google Classroom<\/a><\/strong><\/span><\/span>\u00a0trebuie obligatoriu sa introduceti utilizatorul cu terminatia @univnt.ro (Ex.\u00a0MihaiL22133@univnt.ro) si parola primita.<\/p>\n<p><span style=\"color: #000000\">Va rugam sa aveti in vedere ca pot exista unele probleme de conectare la cele doua platforme in urmatoarele 24 de ore<\/span><\/p>\n<p>Gasiti mai multe ghiduri de folosire a platformelor\u00a0<span style=\"text-decoration: underline;color: #ff0000\"><a style=\"color: #ff0000\" href=\"https:\/\/sites.google.com\/univnt.ro\/student\/pagina-de-pornire\"><strong>aici<\/strong><\/a><\/span><\/p>\n                <\/div>\r\n                        <div post_id=\"1143\" itemcount=\"1\" header_id=\"header-1597650340952\" id=\"header-1597650340952\" style=\"\" class=\"accordions-head head1597650340952 border-none\" toggle-text=\"\" main-text=\"ORAR\">\r\n                                            <span id=\"accordion-icons-1597650340952\" class=\"accordion-icons\">\r\n                            <span class=\"accordion-icon-active accordion-plus\"><i class=\"fas fa-chevron-up\"><\/i><\/span>\r\n                            <span class=\"accordion-icon-inactive accordion-minus\"><i class=\"fas fa-chevron-right\"><\/i><\/span>\r\n                        <\/span>\r\n                        <span id=\"header-text-1597650340952\" class=\"accordions-head-title\">ORAR<\/span>\r\n                                    <\/div>\r\n                <div class=\"accordion-content content1597650340952 \">\r\n                    <p style=\"text-align: center\"><span style=\"color: #ff0000\"><strong>An universitar 2020 &#8211; 2021, semestrul 2<\/strong><\/span><\/p>\n<p style=\"text-align: center\"><span style=\"color: #0000ff\"><span style=\"text-decoration: underline\"><strong><a style=\"color: #0000ff;text-decoration: underline\" href=\"https:\/\/www.univnt.ro\/wp-content\/uploads\/facultati\/2021-2022\/feea\/licenta\/aa_cig_if\/orar\/semestrul_2\/ORAR, An_II_CIG_IF_sem_2_2021_2022.sali.pdf\">Anul 2<\/a><\/strong><\/span><strong>\u00a0 \u00a0 \u00a0 \u00a0 <\/strong><span style=\"text-decoration: underline\"><strong><a style=\"color: #0000ff;text-decoration: underline\" href=\"https:\/\/www.univnt.ro\/wp-content\/uploads\/facultati\/2021-2022\/feea\/licenta\/aa_cig_if\/orar\/semestrul_2\/ORAR, An_III_CIG_IF_sem_2_2021_2022.sali.pdf\">Anul 3<\/a><\/strong><\/span><\/span><\/p>\n<p style=\"text-align: center\"><span style=\"text-decoration: underline;color: #0000ff\"><strong><a style=\"color: #0000ff;text-decoration: underline\" href=\"https:\/\/www.univnt.ro\/wp-content\/uploads\/facultati\/2021-2022\/feea\/licenta\/aa_cig_if\/orar\/semestrul_2\/saptamanile_ seminar_ sem II__FEAA - 2021_2022 doc.pdf\">S\u0103pt\u0103m\u00e2nile de seminar<\/a><\/strong><\/span><\/p>\n                <\/div>\r\n                        <div post_id=\"1143\" itemcount=\"2\" header_id=\"header-1597650341479\" id=\"header-1597650341479\" style=\"\" class=\"accordions-head head1597650341479 border-none\" toggle-text=\"\" main-text=\"EXAMENE\/VERIFIC\u0102RI\">\r\n                                            <span id=\"accordion-icons-1597650341479\" class=\"accordion-icons\">\r\n                            <span class=\"accordion-icon-active accordion-plus\"><i class=\"fas fa-chevron-up\"><\/i><\/span>\r\n                            <span class=\"accordion-icon-inactive accordion-minus\"><i class=\"fas fa-chevron-right\"><\/i><\/span>\r\n                        <\/span>\r\n                        <span id=\"header-text-1597650341479\" class=\"accordions-head-title\">EXAMENE\/VERIFIC\u0102RI<\/span>\r\n                                    <\/div>\r\n                <div class=\"accordion-content content1597650341479 \">\r\n                    <p style=\"text-align: center\"><strong>An universitar 2021 \u2013 2022, Semestrul 2<\/strong><\/p>\n<p style=\"text-align: center\"><span style=\"color: #ff0000\"><strong>\u00a0<span style=\"color: #ff0000\"><a style=\"color: #ff0000\" href=\"http:\/\/www.univnt.ro\/wp-content\/uploads\/facultati\/2021-2022\/feea\/licenta\/aa_cig_if\/examene\/semestrul_2\/Programare_Verificari_Examene_ anul II semestrul 2_CIG_IF_ID_2022 .pdf\"><span style=\"text-decoration: underline\">Anul 2<\/span><\/a>\u00a0 \u00a0 \u00a0 \u00a0 \u00a0<span style=\"text-decoration: underline\"><a style=\"color: #ff0000;text-decoration: underline\" href=\"http:\/\/www.univnt.ro\/wp-content\/uploads\/facultati\/2021-2022\/feea\/licenta\/aa_cig_if\/examene\/semestrul_2\/Programare_Verificari_Examene_ anul III semestrul 2_CIG_IF_ID_2022 .pdf\">Anul 3<\/a><\/span><\/span><\/strong><\/span><\/p>\n                <\/div>\r\n                        <div post_id=\"1143\" itemcount=\"3\" header_id=\"header-1597650342011\" id=\"header-1597650342011\" style=\"\" class=\"accordions-head head1597650342011 border-none\" toggle-text=\"\" main-text=\"REEXAMIN\u0102RI\">\r\n                                            <span id=\"accordion-icons-1597650342011\" class=\"accordion-icons\">\r\n                            <span class=\"accordion-icon-active accordion-plus\"><i class=\"fas fa-chevron-up\"><\/i><\/span>\r\n                            <span class=\"accordion-icon-inactive accordion-minus\"><i class=\"fas fa-chevron-right\"><\/i><\/span>\r\n                        <\/span>\r\n                        <span id=\"header-text-1597650342011\" class=\"accordions-head-title\">REEXAMIN\u0102RI<\/span>\r\n                                    <\/div>\r\n                <div class=\"accordion-content content1597650342011 \">\r\n                    <p style=\"text-align: center\"><strong>An universitar 2021 \u2013 2022, Semestrul 2<\/strong><\/p>\n<p style=\"text-align: center\"><span style=\"color: #ff0000\"><strong>Anul 1\u00a0 \u00a0 \u00a0 \u00a0 \u00a0 Anul 2\u00a0 \u00a0 \u00a0 \u00a0 <span style=\"text-decoration: underline\"><span style=\"color: #ff0000;text-decoration: underline\">\u00a0<a style=\"color: #ff0000;text-decoration: underline\" href=\"http:\/\/www.univnt.ro\/wp-content\/uploads\/facultati\/2021-2022\/feea\/licenta\/aa_cig_if\/reexaminari\/Reexaminari_Licenta_anul 3__IF_ID_CIG perioada 20-25 Iunie_2022.pdf\">Anul 3<\/a><\/span><\/span><\/strong><\/span><\/p>\n                <\/div>\r\n                        <div post_id=\"1143\" itemcount=\"4\" header_id=\"header-1597650342493\" id=\"header-1597650342493\" style=\"\" class=\"accordions-head head1597650342493 border-none\" toggle-text=\"\" main-text=\"RESTAN\u0162E\">\r\n                                            <span id=\"accordion-icons-1597650342493\" class=\"accordion-icons\">\r\n                            <span class=\"accordion-icon-active accordion-plus\"><i class=\"fas fa-chevron-up\"><\/i><\/span>\r\n                            <span class=\"accordion-icon-inactive accordion-minus\"><i class=\"fas fa-chevron-right\"><\/i><\/span>\r\n                        <\/span>\r\n                        <span id=\"header-text-1597650342493\" class=\"accordions-head-title\">RESTAN\u0162E<\/span>\r\n                                    <\/div>\r\n                <div class=\"accordion-content content1597650342493 \">\r\n                    <p style=\"text-align: center\"><strong>An universitar 2021 \u2013 2022, Semestrul 2<\/strong><\/p>\n<p style=\"text-align: center\"><span style=\"color: #ff0000\"><strong>Anul 1\u00a0 \u00a0 \u00a0 \u00a0 \u00a0 Anul 2\u00a0 \u00a0 \u00a0 \u00a0 \u00a0<span style=\"text-decoration: underline\"><a style=\"color: #ff0000;text-decoration: underline\" href=\"http:\/\/www.univnt.ro\/wp-content\/uploads\/facultati\/2021-2022\/feea\/licenta\/aa_cig_if\/reexaminari\/Restante_Licenta_anul 3__IF_ID_CIG perioada 14-18 Iunie_2022.pdf\">Anul 3<\/a><\/span><\/strong><\/span><\/p>\n                <\/div>\r\n                        <div post_id=\"1143\" itemcount=\"5\" header_id=\"header-1597650343000\" id=\"header-1597650343000\" style=\"\" class=\"accordions-head head1597650343000 border-none\" toggle-text=\"\" main-text=\"EXAMENUL DE FINALIZARE\">\r\n                                            <span id=\"accordion-icons-1597650343000\" class=\"accordion-icons\">\r\n                            <span class=\"accordion-icon-active accordion-plus\"><i class=\"fas fa-chevron-up\"><\/i><\/span>\r\n                            <span class=\"accordion-icon-inactive accordion-minus\"><i class=\"fas fa-chevron-right\"><\/i><\/span>\r\n                        <\/span>\r\n                        <span id=\"header-text-1597650343000\" class=\"accordions-head-title\">EXAMENUL DE FINALIZARE<\/span>\r\n                                    <\/div>\r\n                <div class=\"accordion-content content1597650343000 \">\r\n                    <p style=\"text-align: center\"><strong><span style=\"color: #ff0000\">Licen\u0163\u0103 Iulie 2022<\/span><\/strong><\/p>\n<p><a href=\"http:\/\/www.univnt.ro\/wp-content\/uploads\/facultati\/2021-2022\/feea\/licenta\/aa_cig_if\/finalizare studii\/Tematica licenta CIG.pdf\"><span style=\"text-decoration: underline;color: #0000ff\"><strong>Tematic\u0103 licen\u021b\u0103 CIG<\/strong><\/span><\/a><\/p>\n<p><a href=\"http:\/\/www.univnt.ro\/wp-content\/uploads\/facultati\/2021-2022\/feea\/licenta\/aa_cig_if\/finalizare studii\/Optiuni examen licenta CIG.pdf\"><span style=\"text-decoration: underline;color: #0000ff\"><strong>Op\u021biuni examen licenta CIG<\/strong><\/span><\/a><\/p>\n<p><a href=\"http:\/\/www.univnt.ro\/wp-content\/uploads\/facultati\/2021-2022\/feea\/licenta\/aa_cig_if\/finalizare studii\/39. MT-06 - Metodologie finalizare studii.pdf\"><span style=\"text-decoration: underline;color: #0000ff\"><strong>Metodologie finalizare studii<\/strong><\/span><\/a><\/p>\n<p><a href=\"http:\/\/www.univnt.ro\/wp-content\/uploads\/facultati\/2021-2022\/feea\/licenta\/aa_cig_if\/finalizare studii\/iulie\/Anun\u0163 \u00eenscriere examen licen\u0163\u0103 CIG iulie 2022.pdf\"><span style=\"text-decoration: underline;color: #0000ff\"><strong>Anun\u0163 \u00eenscriere licen\u0163\u0103<\/strong><\/span><\/a><\/p>\n<p><a href=\"http:\/\/www.univnt.ro\/wp-content\/uploads\/facultati\/2021-2022\/feea\/licenta\/aa_cig_if\/finalizare studii\/iulie\/Formular_Cerere_Inscriere_licenta_CIG_Iulie_2022.pdf\"><span style=\"text-decoration: underline;color: #0000ff\"><strong>Cerere de \u00eenscriere<\/strong><\/span><\/a><\/p>\n                <\/div>\r\n                        <div post_id=\"1143\" itemcount=\"6\" header_id=\"header-1597650343503\" id=\"header-1597650343503\" style=\"\" class=\"accordions-head head1597650343503 border-none\" toggle-text=\"\" main-text=\"PLANURI DE \u00ceNV\u0102\u0162\u0102M\u00c2NT\">\r\n                                            <span id=\"accordion-icons-1597650343503\" class=\"accordion-icons\">\r\n                            <span class=\"accordion-icon-active accordion-plus\"><i class=\"fas fa-chevron-up\"><\/i><\/span>\r\n                            <span class=\"accordion-icon-inactive accordion-minus\"><i class=\"fas fa-chevron-right\"><\/i><\/span>\r\n                        <\/span>\r\n                        <span id=\"header-text-1597650343503\" class=\"accordions-head-title\">PLANURI DE \u00ceNV\u0102\u0162\u0102M\u00c2NT<\/span>\r\n                                    <\/div>\r\n                <div class=\"accordion-content content1597650343503 \">\r\n                    <p>&nbsp;<\/p>\n<p style=\"text-align: center\"><span style=\"text-decoration: underline\"><span style=\"color: #0000ff\"><a style=\"color: #0000ff\" href=\"http:\/\/www.univnt.ro\/wp-content\/uploads\/facultati\/2021-2022\/feea\/licenta\/aa_cig_id\/planuri\/Plan inv. CIG_IF 2021 - 2024.pdf\"><b>Plan de \u00eenvatamant Promo\u0163ia 2021-2024<\/b><\/a><\/span><\/span><\/p>\n                <\/div>\r\n                        <div post_id=\"1143\" itemcount=\"7\" header_id=\"header-1597650344079\" id=\"header-1597650344079\" style=\"\" class=\"accordions-head head1597650344079 border-none\" toggle-text=\"\" main-text=\"STRUCTURA ANULUI UNIVERSITAR\">\r\n                                            <span id=\"accordion-icons-1597650344079\" class=\"accordion-icons\">\r\n                            <span class=\"accordion-icon-active accordion-plus\"><i class=\"fas fa-chevron-up\"><\/i><\/span>\r\n                            <span class=\"accordion-icon-inactive accordion-minus\"><i class=\"fas fa-chevron-right\"><\/i><\/span>\r\n                        <\/span>\r\n                        <span id=\"header-text-1597650344079\" class=\"accordions-head-title\">STRUCTURA ANULUI UNIVERSITAR<\/span>\r\n                                    <\/div>\r\n                <div class=\"accordion-content content1597650344079 \">\r\n                    <p>&nbsp;<\/p>\n<p style=\"text-align: center\"><span style=\"color: #ff0000\"><a style=\"color: #ff0000\" href=\"https:\/\/www.univnt.ro\/wp-content\/uploads\/structura\/Structura_Universitara_FEAA_licenta_2021-2022.pdf\">STRUCTURA ANULUI UNIVERSITAR<\/a><\/span><\/p>\n                <\/div>\r\n            <\/div>\r\n    <script>\r\n        jQuery(document).ready(function($) {\r\n            accordions_active_index_1143 = [];\r\n                })\r\n    <\/script>    <script>\r\n        jQuery(document).ready(function($) {\r\n            accordion_1143 = $(\"#accordions-1143 .items\").accordion({\r\n                event: \"click\",\r\n                collapsible: true,\r\n                heightStyle: \"content\",\r\n                animate: (\"swing\", 1000),\r\n                navigation: true,\r\n                active: 999,\r\n                            });\r\n        })\r\n    <\/script>\r\n                <\/div><br \/><!-- \/wp:shortcode --><\/p>\n<p><span style=\"color: #cf2e2e; font-family: var( --e-global-typography-text-font-family ); font-weight: var( --e-global-typography-text-font-weight );\">INVATAMANT CU FRECVENTA: Specializare\u00a0<\/span><strong style=\"color: #cf2e2e; font-family: var( --e-global-typography-text-font-family );\">acreditat\u0103 <\/strong><span style=\"color: #cf2e2e; font-family: var( --e-global-typography-text-font-family ); font-weight: var( --e-global-typography-text-font-weight );\">prin Legea 631 din 2010.<\/span><\/p>\n<p>Absolven\u021bii acestui program de studii sunt licen\u021bia\u021bi \u00een domeniul fundamental \u201e\u0218tiin\u021be economice\u201d, domeniul de licen\u021b\u0103 \u201eContabilitate\u201d, programul de studii \u201eContabilitate \u0219i Informatic\u0103 de Gestiune\u201d.<\/p>\n<p>Programul de studii universitare de licen\u021b\u0103 \u201eContabilitate \u0219i Informatic\u0103 de Gestiune\u201d asigur\u0103 preg\u0103tirea de speciali\u0219ti \u00een domeniul financiar \u2013 contabil, care s\u0103 cunoasc\u0103 foarte bine sistemul contabil rom\u00e2nesc, s\u0103 practice meseriile de contabil, auditor intern, referent de specialitate financiar &#8211; contabilitate \u00een diverse tipuri de institu\u021bii \u0219i companii \u0219i ulterior, prin aprofundarea acestor studii, s\u0103 aib\u0103 acces la calific\u0103ri de tipul expert contabil, auditor autorizat, cenzor etc.<\/p>\n<p><!-- \/wp:paragraph --><\/p>\n<p><div class='yrm-content yrm-content-9 yrm-content-hide' id='yrm-jPa16' data-id='9' data-show-status='false' data-after-action=''>\n\t\t\t<div id='yrm-inner-content-yrm-jPa16' class='yrm-inner-content-wrapper yrm-cntent-9'><\/p>\n<p>Planul de \u00eenv\u0103\u021b\u0103m\u00e2nt asigur\u0103 prin con\u021binutul s\u0103u at\u00e2t cuno\u0219tin\u021bele formative ale unui economist, prin discipline fundamentale precum Microeconomie, Macroeconomie, Management, Marketing, Statistic\u0103, Finan\u021be, Informatic\u0103 etc., c\u00e2t \u0219i competen\u021be \u0219i abilit\u0103\u021bi specifice, prin discipline de specialitate precum: Contabilitate financiar\u0103, Contabilitate \u0219i gestiune fiscal\u0103, Contabilitate aprofundat\u0103, Baze de date, Fiscalitate, Audit intern, Analiz\u0103 economico \u2013 financiar\u0103, Contabilitatea institu\u021biilor publice, Audit financiar, Practic\u0103 de specialitate, Proiecte economice etc.<\/p>\n<p>\u00cen cadrul Universit\u0103\u021bii \u201eNicolae Titulescu\u201d din Bucure\u0219ti, absolven\u021bii programului de studii de licen\u021b\u0103 \u201eContabilitate \u0219i Informatic\u0103 de Gestiune\u201d \u00ee\u0219i pot continua studiile cu dou\u0103 programe de masterat \u00een domeniul contabilit\u0103\u021bii. Universitatea \u201eNicolae Titulescu\u201d din Bucure\u0219ti a \u00eencheiat protocoale cu <em>Corpul Exper\u021bilor Contabili \u0219i Contabililor Autoriza\u021bi din Rom\u00e2nia (CECCAR)<\/em> pentru echivalarea disciplinelor studiate \u00een aceste programe de masterat cu disciplinele aferente examenului de admitere la stagiul de expert contabil. Absolven\u021bii no\u0219tri au astfel acces direct c\u0103tre profesii foarte solicitate pe pia\u021ba muncii.<\/p>\n<p><\/div>\n\t\t<\/div><div class='yrm-btn-wrapper yrm-btn-wrapper-9 yrm-more-button-wrapper '\n\t\tdata-custom-more-class-name='' data-custom-less-class-name=''><span title='' data-less-title='' data-more-title='' class='yrm-toggle-expand  yrm-toggle-expand-9 ' data-rel='yrm-jPa16' data-more='Mai mult' data-less='Mai pu\u021bin'><span class='yrm-text-wrapper yrm-text-wrapper-custom-dimensions'><span class=\"yrm-button-text-9\">Mai mult<\/span><\/span><\/span><\/div><br \/><!-- \/wp:shortcode --><\/p>\t\t\t\t\t<\/div>\n\t\t\t\t\t\t<\/div>\n\t\t\t\t<\/div>\n\t\t\t\t\t\t<\/div>\n\t\t\t\t\t<\/div>\n\t\t<\/div>\n\t\t\t\t\t\t\t\t<\/div>\n\t\t\t\t\t<\/div>\n\t\t<\/section>\n\t\t\t\t\t\t\t\t\t<\/div>\n\t\t\t<\/div>\n\t\t\t\t\t<\/div>\n\t\t","protected":false},"excerpt":{"rendered":"<p>A fost publicat\u0103 programarea examenelor pentru sesiunea de var\u0103! &times; Dismiss alert INVATAMANT CU FRECVENTA: Specializare\u00a0acreditat\u0103 prin Legea 631 din &hellip; <\/p>\n","protected":false},"author":1,"featured_media":0,"parent":112,"menu_order":0,"comment_status":"closed","ping_status":"closed","template":"","meta":{"_mi_skip_tracking":false},"_links":{"self":[{"href":"https:\/\/www2.univnt.ro\/index.php\/wp-json\/wp\/v2\/pages\/1109"}],"collection":[{"href":"https:\/\/www2.univnt.ro\/index.php\/wp-json\/wp\/v2\/pages"}],"about":[{"href":"https:\/\/www2.univnt.ro\/index.php\/wp-json\/wp\/v2\/types\/page"}],"author":[{"embeddable":true,"href":"https:\/\/www2.univnt.ro\/index.php\/wp-json\/wp\/v2\/users\/1"}],"replies":[{"embeddable":true,"href":"https:\/\/www2.univnt.ro\/index.php\/wp-json\/wp\/v2\/comments?post=1109"}],"version-history":[{"count":68,"href":"https:\/\/www2.univnt.ro\/index.php\/wp-json\/wp\/v2\/pages\/1109\/revisions"}],"predecessor-version":[{"id":4741,"href":"https:\/\/www2.univnt.ro\/index.php\/wp-json\/wp\/v2\/pages\/1109\/revisions\/4741"}],"up":[{"embeddable":true,"href":"https:\/\/www2.univnt.ro\/index.php\/wp-json\/wp\/v2\/pages\/112"}],"wp:attachment":[{"href":"https:\/\/www2.univnt.ro\/index.php\/wp-json\/wp\/v2\/media?parent=1109"}],"curies":[{"name":"wp","href":"https:\/\/api.w.org\/{rel}","templated":true}]}}