{"id":112,"date":"2020-07-04T13:00:57","date_gmt":"2020-07-04T13:00:57","guid":{"rendered":"http:\/\/www.univnt.ro\/?page_id=112"},"modified":"2021-12-06T09:05:39","modified_gmt":"2021-12-06T09:05:39","slug":"facultatea-de-economie-si-administrarea-afacerilor","status":"publish","type":"page","link":"https:\/\/www2.univnt.ro\/index.php\/facultati\/facultatea-de-economie-si-administrarea-afacerilor\/","title":{"rendered":"FACULTATEA DE ECONOMIE \u0218I ADMINISTRAREA AFACERILOR"},"content":{"rendered":"\t\t<div data-elementor-type=\"wp-page\" data-elementor-id=\"112\" class=\"elementor elementor-112\">\n\t\t\t\t\t\t<div class=\"elementor-inner\">\n\t\t\t\t<div class=\"elementor-section-wrap\">\n\t\t\t\t\t\t\t\t\t<section class=\"elementor-section elementor-top-section elementor-element elementor-element-5440e88b elementor-section-boxed elementor-section-height-default elementor-section-height-default\" data-id=\"5440e88b\" data-element_type=\"section\">\n\t\t\t\t\t\t<div class=\"elementor-container elementor-column-gap-default\">\n\t\t\t\t\t\t\t<div class=\"elementor-row\">\n\t\t\t\t\t<div class=\"elementor-column elementor-col-100 elementor-top-column elementor-element elementor-element-ce65715\" data-id=\"ce65715\" data-element_type=\"column\">\n\t\t\t<div class=\"elementor-column-wrap elementor-element-populated\">\n\t\t\t\t\t\t\t<div class=\"elementor-widget-wrap\">\n\t\t\t\t\t\t<div class=\"elementor-element elementor-element-1506f54 elementor-widget elementor-widget-text-editor\" data-id=\"1506f54\" data-element_type=\"widget\" data-widget_type=\"text-editor.default\">\n\t\t\t\t<div class=\"elementor-widget-container\">\n\t\t\t\t\t\t\t\t<div class=\"elementor-text-editor elementor-clearfix\">\n\t\t\t\t<p><!-- wp:shortcode --><\/p>\n<p><div id=\"metaslider-id-820\" style=\"width: 100%;\" class=\"ml-slider-3-18-1 metaslider metaslider-flex metaslider-820 ml-slider\">\n    <div id=\"metaslider_container_820\">\n        <div id=\"metaslider_820\">\n            <ul aria-live=\"polite\" class=\"slides\">\n                <li style=\"display: block; width: 100%;\" class=\"slide-940 ms-image\"><a href=\"https:\/\/www.univnt.ro\/index.php\/facultati\/facultatea-de-economie-si-administrarea-afacerilor\/parteneri-facultatea-de-economie-si-administrarea-afacerilor\/\" target=\"_self\"><img loading=\"lazy\" src=\"https:\/\/www2.univnt.ro\/wp-content\/uploads\/Parteneri-1036x400.png\" height=\"400\" width=\"1036\" alt=\"\" class=\"slider-820 slide-940\" title=\"Parteneri\" \/><\/a><\/li>\n                <li style=\"display: none; width: 100%;\" class=\"slide-943 ms-image\"><img loading=\"lazy\" src=\"https:\/\/www2.univnt.ro\/wp-content\/uploads\/entrepreneur-1340649_1280-1-1036x400.jpg\" height=\"400\" width=\"1036\" alt=\"\" class=\"slider-820 slide-943\" title=\"entrepreneur-1340649_1280\" \/><\/li>\n            <\/ul>\n        <\/div>\n        \n    <\/div>\n<\/div><\/p>\n<p><!-- \/wp:shortcode --><!-- wp:heading --><\/p>\n<h2>Despre noi<\/h2>\n<p><!-- \/wp:heading --><!-- wp:separator --><\/p>\n<hr class=\"wp-block-separator\" \/>\n<p><!-- \/wp:separator --><!-- wp:paragraph --><\/p>\n<p>\u00cen cadrul Facult\u0103\u021bii de Economie \u0219i Administrarea Afacerilor func\u021bioneaz\u0103 dou\u0103 programe de licen\u021b\u0103 acreditate ARACIS, respectiv \u201eContabilitate \u0219i Informatic\u0103 de Gestiune\u201d \u0219i \u201eAdministrarea Afacerilor\u201d. Pentru ambele programe, studiile se desf\u0103\u0219oar\u0103 at\u00e2t \u00een regim de IF (\u00eenv\u0103\u021b\u0103m\u00e2nt cu frecven\u021b\u0103), c\u00e2t \u0219i \u00een regim de ID (\u00eenv\u0103\u021b\u0103m\u00e2nt la distan\u021b\u0103) \u0219i au o durat\u0103 de preg\u0103tire de trei ani, \u00een care sunt incluse \u0219ase semestre cu module de predare \u0219i seminarizare, preg\u0103tire practic\u0103, activit\u0103\u021bi de laborator, proiecte economice.<\/p>\n<p><!-- \/wp:paragraph --><!-- wp:paragraph --><\/p>\n<p>De asemenea, \u00een cadrul acestei facult\u0103\u021bi sunt organizate urm\u0103toarele programe de studii universitare de masterat cu durata de doi ani, acreditate ARACIS: \u201eManagement Contabil, Audit \u0219i Expertiz\u0103 Contabil\u0103\u201d, \u201eContabilitatea \u0219i Auditul Entit\u0103\u021bilor Economice\u201d \u0219i \u201eAntreprenoriat \u0219i Administrarea Afacerilor\u201d.<\/p>\n<p><!-- \/wp:paragraph --><!-- wp:shortcode --><\/p>\n<p><div class='yrm-content yrm-content-3 yrm-content-hide' id='yrm-Ng2yC' data-id='3' data-show-status='false' data-after-action=''>\n\t\t\t<div id='yrm-inner-content-yrm-Ng2yC' class='yrm-inner-content-wrapper yrm-cntent-3'> Facultatea de Economie \u0219i Administrarea Afacerilor are o misiune didactic\u0103, de preg\u0103tire a viitorilor economi\u0219ti la un \u00eenalt nivel de competen\u021b\u0103 \u00een domeniu, \u0219i o misiune \u0219tiin\u021bific\u0103, de cercetare fundamental\u0103 \u0219i aplicativ\u0103. Armonizarea \u0219i corelarea activit\u0103\u021bii didactice cu cea de cercetare \u0219tiin\u021bific\u0103 constituie factorul esen\u021bial pentru crearea unui sistem universitar eficient, care s\u0103 asigure formarea de speciali\u0219ti de \u00eenalt\u0103 calificare \u00een profesii necesare \u0219i recunoscute pe pia\u021ba muncii. Prin participarea la stagii de practic\u0103 \u0219i la activit\u0103\u021bi de cercetare (prin intermediul cercurilor \u0219tiin\u021bifice \u0219i al sesiunilor \u0219tiin\u021bifice studen\u021be\u0219ti), prin participarea la mobilit\u0103\u021bi Erasmus, prin utilizarea facilit\u0103\u021bilor informatice \u0219i de documentare (bibliotec\u0103, s\u0103li de lectur\u0103), a bazei materiale a universit\u0103\u021bii (s\u0103li \u0219i terenuri de sport, c\u0103min studen\u021besc), prin posibilitatea complet\u0103rii studiilor de licen\u021b\u0103 cu studii de masterat, studen\u021bii Facult\u0103\u021bii de Economie \u0219i Administrarea Afacerilor se vor bucura de oportunit\u0103\u021bi sporite pentru angajare. <\/div>\n\t\t<\/div><div class='yrm-btn-wrapper yrm-btn-wrapper-3 yrm-more-button-wrapper '\n\t\tdata-custom-more-class-name='' data-custom-less-class-name=''><span title='' data-less-title='' data-more-title='' class='yrm-toggle-expand  yrm-toggle-expand-3 ' data-rel='yrm-Ng2yC' data-more='Mai mult' data-less='Mai pu\u021bin'><span class='yrm-text-wrapper yrm-text-wrapper-custom-dimensions'><span class=\"yrm-button-text-3\">Mai mult<\/span><\/span><\/span><\/div><\/p>\n<p><!-- \/wp:shortcode --><\/p>\t\t\t\t\t<\/div>\n\t\t\t\t\t\t<\/div>\n\t\t\t\t<\/div>\n\t\t\t\t\t\t<\/div>\n\t\t\t\t\t<\/div>\n\t\t<\/div>\n\t\t\t\t\t\t\t\t<\/div>\n\t\t\t\t\t<\/div>\n\t\t<\/section>\n\t\t\t\t\t\t\t\t\t<\/div>\n\t\t\t<\/div>\n\t\t\t\t\t<\/div>\n\t\t","protected":false},"excerpt":{"rendered":"<p>Despre noi \u00cen cadrul Facult\u0103\u021bii de Economie \u0219i Administrarea Afacerilor func\u021bioneaz\u0103 dou\u0103 programe de licen\u021b\u0103 acreditate ARACIS, respectiv \u201eContabilitate \u0219i &hellip; <\/p>\n","protected":false},"author":1,"featured_media":0,"parent":70,"menu_order":0,"comment_status":"closed","ping_status":"closed","template":"","meta":{"_mi_skip_tracking":false},"_links":{"self":[{"href":"https:\/\/www2.univnt.ro\/index.php\/wp-json\/wp\/v2\/pages\/112"}],"collection":[{"href":"https:\/\/www2.univnt.ro\/index.php\/wp-json\/wp\/v2\/pages"}],"about":[{"href":"https:\/\/www2.univnt.ro\/index.php\/wp-json\/wp\/v2\/types\/page"}],"author":[{"embeddable":true,"href":"https:\/\/www2.univnt.ro\/index.php\/wp-json\/wp\/v2\/users\/1"}],"replies":[{"embeddable":true,"href":"https:\/\/www2.univnt.ro\/index.php\/wp-json\/wp\/v2\/comments?post=112"}],"version-history":[{"count":27,"href":"https:\/\/www2.univnt.ro\/index.php\/wp-json\/wp\/v2\/pages\/112\/revisions"}],"predecessor-version":[{"id":4176,"href":"https:\/\/www2.univnt.ro\/index.php\/wp-json\/wp\/v2\/pages\/112\/revisions\/4176"}],"up":[{"embeddable":true,"href":"https:\/\/www2.univnt.ro\/index.php\/wp-json\/wp\/v2\/pages\/70"}],"wp:attachment":[{"href":"https:\/\/www2.univnt.ro\/index.php\/wp-json\/wp\/v2\/media?parent=112"}],"curies":[{"name":"wp","href":"https:\/\/api.w.org\/{rel}","templated":true}]}}