{"id":1153,"date":"2020-08-17T08:46:12","date_gmt":"2020-08-17T08:46:12","guid":{"rendered":"http:\/\/www.univnt.ro\/?page_id=1153"},"modified":"2022-05-02T12:12:50","modified_gmt":"2022-05-02T12:12:50","slug":"studii-de-licenta-administratie-publica-id","status":"publish","type":"page","link":"https:\/\/www2.univnt.ro\/index.php\/facultati\/facultatea-de-relatii-internationale-si-administratie\/studii-de-licenta-administratie-publica-id\/","title":{"rendered":"STUDII DE LICEN\u0162\u0102 ADMINISTRA\u0162IE PUBLIC\u0102 ID"},"content":{"rendered":"\t\t<div data-elementor-type=\"wp-page\" data-elementor-id=\"1153\" class=\"elementor elementor-1153\">\n\t\t\t\t\t\t<div class=\"elementor-inner\">\n\t\t\t\t<div class=\"elementor-section-wrap\">\n\t\t\t\t\t\t\t\t\t<section class=\"elementor-section elementor-top-section elementor-element elementor-element-85e0d5e elementor-section-boxed elementor-section-height-default elementor-section-height-default\" data-id=\"85e0d5e\" data-element_type=\"section\">\n\t\t\t\t\t\t<div class=\"elementor-container elementor-column-gap-default\">\n\t\t\t\t\t\t\t<div class=\"elementor-row\">\n\t\t\t\t\t<div class=\"elementor-column elementor-col-100 elementor-top-column elementor-element elementor-element-654b329\" data-id=\"654b329\" data-element_type=\"column\">\n\t\t\t<div class=\"elementor-column-wrap elementor-element-populated\">\n\t\t\t\t\t\t\t<div class=\"elementor-widget-wrap\">\n\t\t\t\t\t\t<div class=\"elementor-element elementor-element-f8181a3 elementor-invisible elementor-widget elementor-widget-alert\" data-id=\"f8181a3\" data-element_type=\"widget\" data-settings=\"{&quot;_animation&quot;:&quot;swing&quot;}\" data-widget_type=\"alert.default\">\n\t\t\t\t<div class=\"elementor-widget-container\">\n\t\t\t\t\t<div class=\"elementor-alert elementor-alert-success\" role=\"alert\">\n\t\t\t<span class=\"elementor-alert-title\">A fost publicat\u0103 programarea examenelor pentru sesiunea de var\u0103!<\/span>\n\t\t\t\t\t\t\t\t\t\t<button type=\"button\" class=\"elementor-alert-dismiss\">\n\t\t\t\t\t<span aria-hidden=\"true\">&times;<\/span>\n\t\t\t\t\t<span class=\"elementor-screen-only\">Dismiss alert<\/span>\n\t\t\t\t<\/button>\n\t\t\t\t\t<\/div>\n\t\t\t\t<\/div>\n\t\t\t\t<\/div>\n\t\t\t\t\t\t<\/div>\n\t\t\t\t\t<\/div>\n\t\t<\/div>\n\t\t\t\t\t\t\t\t<\/div>\n\t\t\t\t\t<\/div>\n\t\t<\/section>\n\t\t\t\t<section class=\"elementor-section elementor-top-section elementor-element elementor-element-68d5c88c elementor-section-boxed elementor-section-height-default elementor-section-height-default\" data-id=\"68d5c88c\" data-element_type=\"section\">\n\t\t\t\t\t\t<div class=\"elementor-container elementor-column-gap-default\">\n\t\t\t\t\t\t\t<div class=\"elementor-row\">\n\t\t\t\t\t<div class=\"elementor-column elementor-col-100 elementor-top-column elementor-element elementor-element-5b698b01\" data-id=\"5b698b01\" data-element_type=\"column\">\n\t\t\t<div class=\"elementor-column-wrap elementor-element-populated\">\n\t\t\t\t\t\t\t<div class=\"elementor-widget-wrap\">\n\t\t\t\t\t\t<div class=\"elementor-element elementor-element-1d8c80a1 elementor-widget elementor-widget-text-editor\" data-id=\"1d8c80a1\" data-element_type=\"widget\" data-widget_type=\"text-editor.default\">\n\t\t\t\t<div class=\"elementor-widget-container\">\n\t\t\t\t\t\t\t\t<div class=\"elementor-text-editor elementor-clearfix\">\n\t\t\t\t<!-- wp:shortcode -->\n<div id=\"accordions-1163\" class=\"accordions-1163 accordions\">\r\n                <div id=\"accordions-lazy-1163\" class=\"accordions-lazy\">\r\n                    <\/div>\r\n        <script>\r\n            jQuery(window).load(function() {\r\n                jQuery('#accordions-lazy-1163').fadeOut();\r\n                jQuery('#accordions-1163 .items').fadeIn();\r\n            });\r\n        <\/script><style type='text\/css'>\r\n        @media only screen and (min-width: 1024px) {\r\n            #accordions-1163 {\r\n                width: 100%;\r\n                            }\r\n        }\r\n\r\n        @media only screen and (min-width: 768px) and (max-width: 1023px) {\r\n            #accordions-1163 {\r\n                width: 100%;\r\n                            }\r\n        }\r\n\r\n        @media only screen and (min-width: 0px) and (max-width: 767px) {\r\n            #accordions-1163 {\r\n                width: 100%;\r\n                            }\r\n        }\r\n\r\n        #accordions-1163 .items {\r\n            display: none;\r\n        }\r\n\r\n        #accordions-1163 .accordions-lazy {\r\n            text-align: center;\r\n            position: absolute;\r\n            top: 50%;\r\n            left: 50%;\r\n            transform: translate(-50%, -50%);\r\n        }\r\n\r\n        #accordions-1163 {\r\n            text-align: left;\r\n            background: #ffffff url() repeat scroll 0 0;\r\n            position: relative;\r\n        }\r\n\r\n        #accordions-1163 .accordions-head {\r\n            background: #1e73be none repeat scroll 0 0;\r\n            \r\n                        outline: none;\r\n        }\r\n\r\n        #accordions-1163 .accordions-head-title {\r\n            color: #ffffff;\r\n            font-size: 16px;\r\n                    }\r\n\r\n        #accordions-1163 .accordions-head-title-toggle {\r\n            color: #ffffff;\r\n            font-size: 16px;\r\n                    }\r\n\r\n        #accordions-1163 .accordions-head:hover .accordions-head-title {\r\n            color: #ffffff;\r\n                    }\r\n\r\n        #accordions-1163 .ui-state-active {\r\n            background: #174e7f;\r\n            border: none;\r\n        }\r\n\r\n        #accordions-1163 .accordion-content {\r\n            background: #ffffff none repeat scroll 0 0;\r\n            border: none;\r\n        }\r\n\r\n        #accordions-1163 .accordion-icons {\r\n                    }\r\n\r\n        #accordions-1163 .accordions-head:hover .accordion-icons span {\r\n                    }\r\n\r\n            <\/style>\r\n<div class=\"items\">\r\n                        <div post_id=\"1163\" itemcount=\"0\" header_id=\"header-1597650332480\" id=\"header-1597650332480\" style=\"\" class=\"accordions-head head1597650332480 border-none\" toggle-text=\"\" main-text=\"ANUN\u0162URI\">\r\n                                            <span id=\"accordion-icons-1597650332480\" class=\"accordion-icons\">\r\n                            <span class=\"accordion-icon-active accordion-plus\"><i class=\"fas fa-chevron-up\"><\/i><\/span>\r\n                            <span class=\"accordion-icon-inactive accordion-minus\"><i class=\"fas fa-chevron-right\"><\/i><\/span>\r\n                        <\/span>\r\n                        <span id=\"header-text-1597650332480\" class=\"accordions-head-title\">ANUN\u0162URI<\/span>\r\n                                    <\/div>\r\n                <div class=\"accordion-content content1597650332480 \">\r\n                    <p><a href=\"http:\/\/www.univnt.ro\/wp-content\/uploads\/facultati\/2021-2022\/fria\/licenta\/ap_id\/orar\/semestrul 2\/anunt-AP-tutorial-sem2.pdf\"><span style=\"text-decoration: underline;color: #000080\"><strong>Anun\u0163 tutoriale semestrul 2<\/strong><\/span><\/a><\/p>\n<p><a href=\"http:\/\/www.univnt.ro\/wp-content\/uploads\/facultati\/2021-2022\/fd\/licenta\/dr_id\/orar\/anunt-AP-tutorial-sem1.pdf\"><span style=\"text-decoration: underline;color: #000080\"><strong>Anun\u0163 tutoriale semestrul 1<\/strong><\/span><\/a><\/p>\n<p>Pentru a afla numele de utilizator si parola pentru eLis si Gsuite for Education faceti <strong><span style=\"text-decoration: underline\"><span style=\"color: #ff0000;text-decoration: underline\"><a style=\"color: #ff0000;text-decoration: underline\" href=\"https:\/\/www.univnt.ro\/conturi\/login.php\">click aici<\/a><\/span><\/span><span style=\"color: #ff0000\">.\u00a0<\/span><\/strong><\/p>\n<p>Dupa accesarea link-ului va rugam sa completati campurile cu datele cerute. Ulterior apasarii butonului Login primiti utilizatorul si parola. Pentru accesarea platformei\u00a0<span style=\"text-decoration: underline\"><span style=\"color: #ff0000\"><strong><a style=\"color: #ff0000;text-decoration: underline\" href=\"https:\/\/elis.univnt.ro\/\">eLis\u00a0<\/a><\/strong><\/span><\/span>trebuie sa introduceti utilizatorul si parola primita. Pentru accesarea platformei\u00a0<span style=\"text-decoration: underline\"><span style=\"color: #ff0000\"><strong><a style=\"color: #ff0000;text-decoration: underline\" href=\"https:\/\/mail.google.com\/a\/univnt.ro\">Google Classroom<\/a><\/strong><\/span><\/span>\u00a0trebuie obligatoriu sa introduceti utilizatorul cu terminatia @univnt.ro (Ex.\u00a0MihaiL22133@univnt.ro) si parola primita.<\/p>\n<p><span style=\"color: #000000\">Va rugam sa aveti in vedere ca pot exista unele probleme de conectare la cele doua platforme in urmatoarele 24 de ore<\/span><\/p>\n<p>Gasiti mai multe ghiduri de folosire a platformelor\u00a0<span style=\"text-decoration: underline;color: #ff0000\"><a style=\"color: #ff0000\" href=\"https:\/\/sites.google.com\/univnt.ro\/student\/pagina-de-pornire\"><strong>aici<\/strong><\/a><\/span><\/p>\n                <\/div>\r\n                        <div post_id=\"1163\" itemcount=\"1\" header_id=\"header-1597650340952\" id=\"header-1597650340952\" style=\"\" class=\"accordions-head head1597650340952 border-none\" toggle-text=\"\" main-text=\"ORAR\">\r\n                                            <span id=\"accordion-icons-1597650340952\" class=\"accordion-icons\">\r\n                            <span class=\"accordion-icon-active accordion-plus\"><i class=\"fas fa-chevron-up\"><\/i><\/span>\r\n                            <span class=\"accordion-icon-inactive accordion-minus\"><i class=\"fas fa-chevron-right\"><\/i><\/span>\r\n                        <\/span>\r\n                        <span id=\"header-text-1597650340952\" class=\"accordions-head-title\">ORAR<\/span>\r\n                                    <\/div>\r\n                <div class=\"accordion-content content1597650340952 \">\r\n                    <p style=\"text-align: center\"><strong>An universitar 2021 &#8211; 2022, Semestrul 2<\/strong><\/p>\n<p style=\"text-align: center\"><span style=\"color: #ff0000\"><strong><span style=\"text-decoration: underline;color: #ff0000\"><a style=\"color: #ff0000;text-decoration: underline\" href=\"http:\/\/www.univnt.ro\/wp-content\/uploads\/facultati\/2021-2022\/fria\/licenta\/ap_id\/orar\/semestrul 2\/ap_id_an1.pdf\">Anul 1<\/a><\/span> \u00a0 \u00a0 \u00a0 \u00a0<span style=\"color: #ff0000\"> <a style=\"color: #ff0000\" href=\"http:\/\/www.univnt.ro\/wp-content\/uploads\/facultati\/2021-2022\/fria\/licenta\/ap_id\/orar\/semestrul 2\/ap_id_an2.pdf\"><span style=\"text-decoration: underline\">Anul 2<\/span><\/a><\/span> \u00a0 \u00a0 \u00a0 \u00a0<span style=\"color: #ff0000\"> <a style=\"color: #ff0000\" href=\"http:\/\/www.univnt.ro\/wp-content\/uploads\/facultati\/2021-2022\/fria\/licenta\/ap_id\/orar\/semestrul 2\/ap_id_an3.pdf\"><span style=\"text-decoration: underline\">Anul 3<\/span><\/a><\/span><\/strong><\/span><\/p>\n                <\/div>\r\n                        <div post_id=\"1163\" itemcount=\"2\" header_id=\"header-1597650341479\" id=\"header-1597650341479\" style=\"\" class=\"accordions-head head1597650341479 border-none\" toggle-text=\"\" main-text=\"EXAMENE\/VERIFIC\u0102RI\">\r\n                                            <span id=\"accordion-icons-1597650341479\" class=\"accordion-icons\">\r\n                            <span class=\"accordion-icon-active accordion-plus\"><i class=\"fas fa-chevron-up\"><\/i><\/span>\r\n                            <span class=\"accordion-icon-inactive accordion-minus\"><i class=\"fas fa-chevron-right\"><\/i><\/span>\r\n                        <\/span>\r\n                        <span id=\"header-text-1597650341479\" class=\"accordions-head-title\">EXAMENE\/VERIFIC\u0102RI<\/span>\r\n                                    <\/div>\r\n                <div class=\"accordion-content content1597650341479 \">\r\n                    <p style=\"text-align: center\"><strong>An universitar 2021 \u2013 2022, Semestrul 2<\/strong><\/p>\n<p style=\"text-align: center\"><span style=\"color: #ff0000\"><strong><a style=\"color: #ff0000\" href=\"http:\/\/www.univnt.ro\/wp-content\/uploads\/facultati\/2021-2022\/fria\/licenta\/ap_if\/examen\/semestrul 2\/EXAMENE_ANUL_I_AP_ID.pdf\"><span style=\"text-decoration: underline\">Anul 1<\/span><\/a>\u00a0 \u00a0 \u00a0 \u00a0 \u00a0\u00a0<a style=\"color: #ff0000\" href=\"http:\/\/www.univnt.ro\/wp-content\/uploads\/facultati\/2021-2022\/fria\/licenta\/ap_if\/examen\/semestrul 2\/EXAMENE_ANUL_II_AP_ID.pdf\"><span style=\"text-decoration: underline\">Anul 2<\/span><\/a>\u00a0\u00a0 \u00a0 \u00a0 \u00a0\u00a0<a style=\"color: #ff0000\" href=\"http:\/\/www.univnt.ro\/wp-content\/uploads\/facultati\/2021-2022\/fria\/licenta\/ap_if\/examen\/semestrul 2\/EXAMENE_ANUL_III_AP_ID.pdf\"><span style=\"text-decoration: underline\">Anul 3<\/span><\/a><\/strong><\/span><\/p>\n                <\/div>\r\n                        <div post_id=\"1163\" itemcount=\"3\" header_id=\"header-1597650342011\" id=\"header-1597650342011\" style=\"\" class=\"accordions-head head1597650342011 border-none\" toggle-text=\"\" main-text=\"REEXAMIN\u0102RI\">\r\n                                            <span id=\"accordion-icons-1597650342011\" class=\"accordion-icons\">\r\n                            <span class=\"accordion-icon-active accordion-plus\"><i class=\"fas fa-chevron-up\"><\/i><\/span>\r\n                            <span class=\"accordion-icon-inactive accordion-minus\"><i class=\"fas fa-chevron-right\"><\/i><\/span>\r\n                        <\/span>\r\n                        <span id=\"header-text-1597650342011\" class=\"accordions-head-title\">REEXAMIN\u0102RI<\/span>\r\n                                    <\/div>\r\n                <div class=\"accordion-content content1597650342011 \">\r\n                    <p style=\"text-align: center\"><strong>An universitar 2021 \u2013 2022, Semestrul 2<\/strong><\/p>\n<p style=\"text-align: center\"><strong>Anul 1\u00a0 \u00a0 \u00a0 \u00a0 <\/strong><strong>Anul 2<\/strong><span style=\"color: #ff0000\"><strong> \u00a0 \u00a0 \u00a0 \u00a0 <span style=\"text-decoration: underline\"><a style=\"color: #ff0000;text-decoration: underline\" href=\"http:\/\/www.univnt.ro\/wp-content\/uploads\/facultati\/2021-2022\/fria\/licenta\/ap_if\/reexaminari\/REEXAMIN\u0102RI_ANUL_III_AP_ID.pdf\">Anul 3<\/a><\/span><\/strong><\/span><\/p>\n                <\/div>\r\n                        <div post_id=\"1163\" itemcount=\"4\" header_id=\"header-1597650342493\" id=\"header-1597650342493\" style=\"\" class=\"accordions-head head1597650342493 border-none\" toggle-text=\"\" main-text=\"RESTAN\u0162E\">\r\n                                            <span id=\"accordion-icons-1597650342493\" class=\"accordion-icons\">\r\n                            <span class=\"accordion-icon-active accordion-plus\"><i class=\"fas fa-chevron-up\"><\/i><\/span>\r\n                            <span class=\"accordion-icon-inactive accordion-minus\"><i class=\"fas fa-chevron-right\"><\/i><\/span>\r\n                        <\/span>\r\n                        <span id=\"header-text-1597650342493\" class=\"accordions-head-title\">RESTAN\u0162E<\/span>\r\n                                    <\/div>\r\n                <div class=\"accordion-content content1597650342493 \">\r\n                    <p style=\"text-align: center\"><strong>An universitar 2021 \u2013 2022, Semestrul 2<\/strong><\/p>\n<p style=\"text-align: center\"><strong><span style=\"text-decoration: underline\">Anul 1<\/span>\u00a0 \u00a0 \u00a0 \u00a0 \u00a0<\/strong><strong><span style=\"text-decoration: underline\">Anul 2<\/span><\/strong><span style=\"color: #ff0000\"><strong> \u00a0 \u00a0 \u00a0 \u00a0 <span style=\"text-decoration: underline\"><a style=\"color: #ff0000;text-decoration: underline\" href=\"http:\/\/www.univnt.ro\/wp-content\/uploads\/facultati\/2021-2022\/fria\/licenta\/ap_if\/reexaminari\/RESTANTE_AP_ID.pdf\">Anul 3<\/a><\/span><\/strong><\/span><\/p>\n                <\/div>\r\n                        <div post_id=\"1163\" itemcount=\"5\" header_id=\"header-1597650343000\" id=\"header-1597650343000\" style=\"\" class=\"accordions-head head1597650343000 border-none\" toggle-text=\"\" main-text=\"EXAMENUL DE FINALIZARE\">\r\n                                            <span id=\"accordion-icons-1597650343000\" class=\"accordion-icons\">\r\n                            <span class=\"accordion-icon-active accordion-plus\"><i class=\"fas fa-chevron-up\"><\/i><\/span>\r\n                            <span class=\"accordion-icon-inactive accordion-minus\"><i class=\"fas fa-chevron-right\"><\/i><\/span>\r\n                        <\/span>\r\n                        <span id=\"header-text-1597650343000\" class=\"accordions-head-title\">EXAMENUL DE FINALIZARE<\/span>\r\n                                    <\/div>\r\n                <div class=\"accordion-content content1597650343000 \">\r\n                    <p style=\"text-align: center\"><span style=\"color: #ff0000\"><strong>Sesiunea Iulie 2022<\/strong><\/span><\/p>\n<p><span style=\"text-decoration: underline\"><span style=\"color: #000080\"><a style=\"color: #000080\" href=\"http:\/\/www.univnt.ro\/wp-content\/uploads\/facultati\/2021-2022\/fria\/licenta\/ap_if\/finalizare studii\/tematica_licenta_adp_FRIA_2022 .pdf\"><strong>Tematica examen<\/strong><\/a><\/span><\/span><\/p>\n                <\/div>\r\n                        <div post_id=\"1163\" itemcount=\"6\" header_id=\"header-1597650343503\" id=\"header-1597650343503\" style=\"\" class=\"accordions-head head1597650343503 border-none\" toggle-text=\"\" main-text=\"DISCIPLINE\">\r\n                                            <span id=\"accordion-icons-1597650343503\" class=\"accordion-icons\">\r\n                            <span class=\"accordion-icon-active accordion-plus\"><i class=\"fas fa-chevron-up\"><\/i><\/span>\r\n                            <span class=\"accordion-icon-inactive accordion-minus\"><i class=\"fas fa-chevron-right\"><\/i><\/span>\r\n                        <\/span>\r\n                        <span id=\"header-text-1597650343503\" class=\"accordions-head-title\">DISCIPLINE<\/span>\r\n                                    <\/div>\r\n                <div class=\"accordion-content content1597650343503 \">\r\n                    <p style=\"text-align: center\"><a href=\"http:\/\/www.univnt.ro\/wp-content\/uploads\/facultati\/2021-2022\/fria\/licenta\/ap_if\/planuri\/planuri_ap_id.pdf\"><span style=\"text-decoration: underline\"><span style=\"color: #0000ff\"><b>Planuri de \u00eenv\u0103\u0163\u0103m\u00e2nt<\/b><\/span><\/span><\/a><\/p>\n                <\/div>\r\n                        <div post_id=\"1163\" itemcount=\"7\" header_id=\"header-1597650344079\" id=\"header-1597650344079\" style=\"\" class=\"accordions-head head1597650344079 border-none\" toggle-text=\"\" main-text=\"STRUCTURA ANULUI UNIVERSITAR\">\r\n                                            <span id=\"accordion-icons-1597650344079\" class=\"accordion-icons\">\r\n                            <span class=\"accordion-icon-active accordion-plus\"><i class=\"fas fa-chevron-up\"><\/i><\/span>\r\n                            <span class=\"accordion-icon-inactive accordion-minus\"><i class=\"fas fa-chevron-right\"><\/i><\/span>\r\n                        <\/span>\r\n                        <span id=\"header-text-1597650344079\" class=\"accordions-head-title\">STRUCTURA ANULUI UNIVERSITAR<\/span>\r\n                                    <\/div>\r\n                <div class=\"accordion-content content1597650344079 \">\r\n                    <p>&nbsp;<\/p>\n<p style=\"text-align: center\"><span style=\"color: #ff0000\"><a style=\"color: #ff0000\" href=\"https:\/\/www.univnt.ro\/wp-content\/uploads\/structura\/Structura_Universitara_FRIA_licenta_2021-2022.pdf\">STRUCTURA ANULUI UNIVERSITAR<\/a><\/span><\/p>\n                <\/div>\r\n            <\/div>\r\n    <script>\r\n        jQuery(document).ready(function($) {\r\n            accordions_active_index_1163 = [];\r\n                })\r\n    <\/script>    <script>\r\n        jQuery(document).ready(function($) {\r\n            accordion_1163 = $(\"#accordions-1163 .items\").accordion({\r\n                event: \"click\",\r\n                collapsible: true,\r\n                heightStyle: \"content\",\r\n                animate: (\"swing\", 1000),\r\n                navigation: true,\r\n                active: 999,\r\n                            });\r\n        })\r\n    <\/script>\r\n                <\/div>\n<!-- \/wp:shortcode -->\n\n<!-- wp:separator -->\n<hr class=\"wp-block-separator\"\/>\n<!-- \/wp:separator -->\n\n<!-- wp:paragraph {\"textColor\":\"vivid-red\"} -->\n<p class=\"has-text-color has-vivid-red-color\">INVATAMANT LA DISTANTA: Specializare acreditat\u0103 cf. HG 966\/2011.<br><\/p>\n<!-- \/wp:paragraph -->\n\n<!-- wp:paragraph -->\n<p>Are drept obiectiv preg\u0103tirea unor speciali\u015fti de \u00eenalt\u0103 calificare \u00een domeniul administra\u0163iei \u015fi politicilor publice. Absolven\u0163ii acestei specializ\u0103ri vor fi licen\u0163ia\u0163i \u00een \u015ftiin\u0163e administrative, cu specializarea \u00een administra\u0163ie public\u0103.<\/p>\n<!-- \/wp:paragraph -->\n\n<!-- wp:shortcode -->\n<div class='yrm-content yrm-content-17 yrm-content-hide' id='yrm-YI9ML' data-id='17' data-show-status='false' data-after-action=''>\n\t\t\t<div id='yrm-inner-content-yrm-YI9ML' class='yrm-inner-content-wrapper yrm-cntent-17'>\nPrin planul de \u00eenv\u0103\u0163\u0103m\u00e2nt, domeniul de licen\u0163\u0103 Administra\u0163ie Public\u0103 din facultatea noastr\u0103 are elemente comune cu toate facult\u0103\u0163ile de profil, av\u00e2nd \u00eens\u0103 \u015fi elemente specifice. Elementul specific cel mai important este legat de profilul s\u0103u, acesta fiind mai larg, cuprinz\u00e2nd at\u00e2t preg\u0103tirea \u00een domeniul administra\u0163iei publice, c\u00e2t \u015fi \u00een domeniul politicilor publice. Prin aceasta se asigur\u0103 o preg\u0103tire complex\u0103 a speciali\u015ftilor care vor \u00eendeplini func\u0163ii \u00een administra\u0163ia public\u0103 la diferite niveluri (de la comun\u0103 la ministere \u015fi la alte organe centrale ale administra\u0163iei), precum \u015fi \u00een alte structuri publice sau private de interes public. Avem \u00een vedere func\u0163ii de secretari \u00een unit\u0103\u0163i administrativ teritoriale, referen\u0163i stare civil\u0103, inspectori pe diferite domenii, referen\u0163i asisten\u0163a social\u0103, \u00een compartimente pentru rela\u0163ii cu publicul, gestiunea resurselor umane, contencios administrativ, fond locativ, exper\u0163i \u015fi consilieri la diferite niveluri \u00een probleme de administra\u0163ie public\u0103, directori de cabinete ministeriale etc. De asemenea, \u00een structuri publice sau private de interes public care necesit\u0103 speciali\u015fti \u00een domeniu administra\u0163iei publice (societ\u0103\u0163i de asigur\u0103ri, case de asigur\u0103ri de s\u0103n\u0103tate, case de pensii, fonduri \u015fi agen\u0163ii, organiza\u0163ii nonprofit etc.). La acestea se adaug\u0103 activit\u0103\u0163ile de consiliere \u00een probleme de administra\u0163ie public\u0103 \u015fi politici publice \u015fi de administrare de programe interne \u015fi\/sau externe \u00een acest domeniu. Facultatea, dispun\u00e2nd de un corp profesoral de \u00eenalt\u0103 calificare, asigur\u0103 o preg\u0103tire complex\u0103 a absolven\u0163ilor s\u0103i, \u00een cadrul s\u0103u pred\u00e2ndu-se discipline juridice (drept administrativ, constitu\u0163ional, civil \u015fi procedur\u0103 civil\u0103, financiar \u015fi fiscal etc.), economice (economie, finan\u0163e publice, contabilitate, economia sectorului public, buget \u015fi contabilitate bugetar\u0103 etc.), manageriale (managementul organiza\u0163iilor \u015fi al institu\u0163iilor publice, managementul resurselor umane, strategii \u015fi politici publice, politici sociale etc.) \u015fi socio-umane (teoria administra\u0163iei publice, sociologie, demografie). Se asigur\u0103, de asemenea, preg\u0103tire \u00een domeniile: statistico-matematic, birotic\u0103, informatic\u0103, rela\u0163ii publice etc. \u00cen cadrul domeniului Administra\u0163ie Public\u0103 se organizeaz\u0103 cursuri de zi (cu o durat\u0103 de 3 ani) \u015fi \u00eenv\u0103\u0163\u0103m\u00e2nt la distan\u0163\u0103 (cu o durat\u0103 de 3 ani)\n\nDisciplinele prev\u0103zute \u00een planul de \u00eenv\u0103\u0163\u0103m\u00e2nt sunt grupate pe trei categorii:\n1. Discipline obligatorii\n2. Discipline op\u0163ionale\n3. Discipline facultative\n\nPreg\u0103tirea studen\u0163ilor se realizeaz\u0103 nu numai prin cursuri \u015fi seminarii ci \u015fi prin perioade compacte de practic\u0103 productiv\u0103, eficient\u0103 \u00een diferite institu\u0163ii publice, care permit contactul direct al acestora cu variatele probleme cu care se vor confrunta \u00een activitatea lor viitoare.\n<\/div>\n\t\t<\/div><div class='yrm-btn-wrapper yrm-btn-wrapper-17 yrm-more-button-wrapper '\n\t\tdata-custom-more-class-name='' data-custom-less-class-name=''><span title='' data-less-title='' data-more-title='' class='yrm-toggle-expand  yrm-toggle-expand-17 ' data-rel='yrm-YI9ML' data-more='Mai mult' data-less='Mai pu\u021bin'><span class='yrm-text-wrapper yrm-text-wrapper-custom-dimensions'><span class=\"yrm-button-text-17\">Mai mult<\/span><\/span><\/span><\/div>\n<!-- \/wp:shortcode -->\n\n<!-- wp:paragraph -->\n<p><\/p>\n<!-- \/wp:paragraph -->\t\t\t\t\t<\/div>\n\t\t\t\t\t\t<\/div>\n\t\t\t\t<\/div>\n\t\t\t\t\t\t<\/div>\n\t\t\t\t\t<\/div>\n\t\t<\/div>\n\t\t\t\t\t\t\t\t<\/div>\n\t\t\t\t\t<\/div>\n\t\t<\/section>\n\t\t\t\t\t\t\t\t\t<\/div>\n\t\t\t<\/div>\n\t\t\t\t\t<\/div>\n\t\t","protected":false},"excerpt":{"rendered":"<p>A fost publicat\u0103 programarea examenelor pentru sesiunea de var\u0103! &times; Dismiss alert INVATAMANT LA DISTANTA: Specializare acreditat\u0103 cf. HG 966\/2011. &hellip; <\/p>\n","protected":false},"author":1,"featured_media":0,"parent":134,"menu_order":0,"comment_status":"closed","ping_status":"closed","template":"","meta":{"_mi_skip_tracking":false},"_links":{"self":[{"href":"https:\/\/www2.univnt.ro\/index.php\/wp-json\/wp\/v2\/pages\/1153"}],"collection":[{"href":"https:\/\/www2.univnt.ro\/index.php\/wp-json\/wp\/v2\/pages"}],"about":[{"href":"https:\/\/www2.univnt.ro\/index.php\/wp-json\/wp\/v2\/types\/page"}],"author":[{"embeddable":true,"href":"https:\/\/www2.univnt.ro\/index.php\/wp-json\/wp\/v2\/users\/1"}],"replies":[{"embeddable":true,"href":"https:\/\/www2.univnt.ro\/index.php\/wp-json\/wp\/v2\/comments?post=1153"}],"version-history":[{"count":31,"href":"https:\/\/www2.univnt.ro\/index.php\/wp-json\/wp\/v2\/pages\/1153\/revisions"}],"predecessor-version":[{"id":4750,"href":"https:\/\/www2.univnt.ro\/index.php\/wp-json\/wp\/v2\/pages\/1153\/revisions\/4750"}],"up":[{"embeddable":true,"href":"https:\/\/www2.univnt.ro\/index.php\/wp-json\/wp\/v2\/pages\/134"}],"wp:attachment":[{"href":"https:\/\/www2.univnt.ro\/index.php\/wp-json\/wp\/v2\/media?parent=1153"}],"curies":[{"name":"wp","href":"https:\/\/api.w.org\/{rel}","templated":true}]}}