{"id":1181,"date":"2020-08-17T12:18:40","date_gmt":"2020-08-17T12:18:40","guid":{"rendered":"http:\/\/www.univnt.ro\/?page_id=1181"},"modified":"2020-09-11T11:18:43","modified_gmt":"2020-09-11T11:18:43","slug":"ghid-student","status":"publish","type":"page","link":"https:\/\/www2.univnt.ro\/index.php\/departament-id\/ghid-student\/","title":{"rendered":"GHID STUDENT"},"content":{"rendered":"\n<h3><strong> Ghid Student <\/strong><\/h3>\n\n\n\n<p>Modul concret de desf\u0103\u015furare a activit\u0103\u0163ilor din cadrul programului ID implic\u0103 descrierea con\u0163inutului principalelor etape ale acestuia, dup\u0103 cum urmeaz\u0103 :<br>&nbsp;<\/p>\n\n\n\n<p><strong>a.)&nbsp;Distribuirea materialelor de studiu&nbsp;se<\/strong>&nbsp;realizeaz\u0103 astfel:<br><br>Ridicarea materialelor se face de la REGISTRATUR\u0102 \u2013 ARHIV\u0102 de luni p\u00e2n\u0103 vineri \u00eentre orele 8:00 \u2013 15:00 \u015fi \u00een zilele&nbsp;in care&nbsp;sunt planificate intalniri tutoriale&nbsp;&nbsp;(vineri orele 8:00 \u2013 16:00, s\u00e2mb\u0103t\u0103 orele 8:00 \u2013 12:00).<br>Celelalte categorii de materiale vor putea fi accesate din sistemul informatic al universit\u0103\u0163ii \u00een perioada 1 octombrie \u2013 31 iulie, de c\u0103tre to\u0163i studen\u0163ii cu toate taxele la zi.<\/p>\n\n\n\n<p><\/p>\n\n\n\n<p><strong>b.)\u00a0Modul de comunicare \u00eentre cursan\u0163i \u015fi tutori<\/strong><br><br>Activitatea tutorial\u0103 se desf\u0103\u015foar\u0103 pe discipline, \u00een forma\u0163ii de studiu (grupe) \u015fi individual.<br><\/p>\n\n\n<div class='yrm-content yrm-content-19 yrm-content-hide' id='yrm-35M4j' data-id='19' data-show-status='false' data-after-action=''>\n\t\t\t<div id='yrm-inner-content-yrm-35M4j' class='yrm-inner-content-wrapper yrm-cntent-19'><\/p>\n<p>Prima form\u0103 de tutoriat se realizeaz\u0103 \u00een prima etap\u0103, preponderent sub forma \u00eent\u00e2lnirilor directe. Acestea sunt programate la interval de 2 \u2013 3 s\u0103pt\u0103m\u00e2ni pentru fiecare disciplin\u0103, conform centralizatoarelor activit\u0103\u0163ii studen\u0163ilor.<\/p>\n<p>Pentru cea de-a doua form\u0103 de tutoriat, cel individual, \u00een cadrul fiec\u0103rei discipline, studentul poate lua leg\u0103tura cu tutorele sau cu oricare dintre cadrele didactice asociate disciplinei respective, trimi\u0163\u00e2nd pe adresa acestora un e-mail. Mesajul va ajunge la cadrele didactice, at\u00e2t pe adresa lor de e-mail, c\u00e2t \u015fi pe contul lor de pe eLis, profesorul put\u00e2nd r\u0103spunde la acest mesaj fie prin intermediul portalului (mesajul va ap\u0103rea pe contul studentului), fie prin e-mail (pe adresa furnizat\u0103 de student.<\/p>\n<p>Tot prin intermediul platformei eLis, studentul poate solicita informa\u0163ii sau poate comunica prin trimiterea de mesaje, acestea ajung\u00e2nd at\u00e2t pe adresa de e-mail\u00a0<a href=\"mailto:office@univnt.ro\">office@univnt.ro<\/a>, c\u00e2t \u015fi pe adresa de e-mail a secretariatului de care apar\u0163ine studentul. Mesajul ajunge pe portal \u015fi la fiecare secretar\u0103 \u00een parte a facult\u0103\u0163ii de care apar\u0163ine studentul \u015fi aceasta \u00eei poate r\u0103spunde fie prin e-mail, fie prin portal, unde se va p\u0103stra \u00een arhiv\u0103 firul discu\u0163iei.<br \/>\u00a0<\/p>\n<p><strong>c.)&nbsp;Modul de desf\u0103\u015furare a activit\u0103\u0163ilor tutoriale \u015fi asistate<\/strong><\/p>\n<p>Activit\u0103\u0163ile tutoriale \u015fi asistate sunt programate la \u00eenceput de semestru, sistematizate \u00een&nbsp;<strong>centralizatorul activit\u0103\u0163ilor studentului<\/strong>&nbsp;\u015fi afi\u015fate \u00een form\u0103 scris\u0103 sau\/\u015fi electronic\u0103.<\/p>\n<p>Pentru fiecare disciplin\u0103 \u00een parte se realizeaz\u0103 \u00eemp\u0103r\u0163irea materiei potrivit \u00eent\u00e2lnirilor stabilite \u00een centralizator, precum \u015fi modalitatea de verificare: pe parcurs prin lucr\u0103ri de control (referate, aplica\u0163ii) \u015fi final\u0103 (colocviu, examen). Aceste informa\u0163ii se reg\u0103sesc \u00een&nbsp;<strong>calendarul disciplinei<\/strong>, care este prezentat \u00een format electronic.<br \/>&nbsp;<\/p>\n<p><strong>d.)&nbsp;Modul de verificare pe parcurs \u015fi de evaluare final\u0103 prin examen<\/strong><\/p>\n<p>Sistemul de evaluare a cuno\u015ftin\u0163elor pentru promovarea disciplinelor \u015fi acordarea creditelor include at\u00e2t procedurile de evaluare continu\u0103, pe parcursul semestrului, c\u00e2t \u015fi procedura de evaluare final\u0103. Fiecare coordonator de disciplin\u0103 determin\u0103 con\u0163inutul \u015fi punctajul\/ponderea formelor specifice de evaluare continu\u0103, select\u00e2nd toate sau o parte din urm\u0103toarele tipuri de activit\u0103\u0163i:<\/p>\n<p>&#8211; activit\u0103\u0163i aplicative asistate\/laborator\/lucr\u0103ri practice\/proiect<\/p>\n<p>&#8211; teste pe parcursul semestrului<\/p>\n<p>&#8211; teme de control<\/p>\n<p>Parcurgerea acestor modalit\u0103\u0163i de verificare o realizeaz\u0103 pentru fiecare disciplin\u0103 tutorele sau tutorii desemna\u0163i, prin consultare permanent\u0103 cu coordonatorul de disciplin\u0103. Rezultatele ob\u0163inute vor fi accesibile studen\u0163ilor prin intermediul platformei eLis.<\/p>\n<p>Evaluarea final\u0103 se face prin examen, colocviu sau lucr\u0103ri practice sus\u0163inute conform program\u0103rii din calendarul disciplinei, obligatoriu \u00een prezen\u0163a coordonatorului de disciplin\u0103 \u015fi a tutorilor. La nota ob\u0163inut\u0103 se adaug\u0103, cu ponderea respectiv\u0103, rezultatele ob\u0163inute de student la activit\u0103\u0163ile de evaluare continu\u0103.<\/p>\n<p><strong>\u00cenv\u0103\u0163\u0103m\u00e2ntului la distan\u0163\u0103 i se aplic\u0103 un sistem de credite similar cu cel aplicat \u00eenv\u0103\u0163\u0103m\u00e2ntului de zi.<\/strong><\/p>\n<p><\/div>\n\t\t<\/div><div class='yrm-btn-wrapper yrm-btn-wrapper-19 yrm-more-button-wrapper '\n\t\tdata-custom-more-class-name='' data-custom-less-class-name=''><span title='' data-less-title='' data-more-title='' class='yrm-toggle-expand  yrm-toggle-expand-19 ' data-rel='yrm-35M4j' data-more='Mai mult' data-less='Mai pu\u0163in'><span class='yrm-text-wrapper yrm-text-wrapper-custom-dimensions'><span class=\"yrm-button-text-19\">Mai mult<\/span><\/span><\/span><\/div>\n","protected":false},"excerpt":{"rendered":"<p>Ghid Student Modul concret de desf\u0103\u015furare a activit\u0103\u0163ilor din cadrul programului ID implic\u0103 descrierea con\u0163inutului principalelor etape ale acestuia, dup\u0103 &hellip; <\/p>\n","protected":false},"author":1,"featured_media":0,"parent":304,"menu_order":0,"comment_status":"closed","ping_status":"closed","template":"","meta":{"_mi_skip_tracking":false},"_links":{"self":[{"href":"https:\/\/www2.univnt.ro\/index.php\/wp-json\/wp\/v2\/pages\/1181"}],"collection":[{"href":"https:\/\/www2.univnt.ro\/index.php\/wp-json\/wp\/v2\/pages"}],"about":[{"href":"https:\/\/www2.univnt.ro\/index.php\/wp-json\/wp\/v2\/types\/page"}],"author":[{"embeddable":true,"href":"https:\/\/www2.univnt.ro\/index.php\/wp-json\/wp\/v2\/users\/1"}],"replies":[{"embeddable":true,"href":"https:\/\/www2.univnt.ro\/index.php\/wp-json\/wp\/v2\/comments?post=1181"}],"version-history":[{"count":5,"href":"https:\/\/www2.univnt.ro\/index.php\/wp-json\/wp\/v2\/pages\/1181\/revisions"}],"predecessor-version":[{"id":1748,"href":"https:\/\/www2.univnt.ro\/index.php\/wp-json\/wp\/v2\/pages\/1181\/revisions\/1748"}],"up":[{"embeddable":true,"href":"https:\/\/www2.univnt.ro\/index.php\/wp-json\/wp\/v2\/pages\/304"}],"wp:attachment":[{"href":"https:\/\/www2.univnt.ro\/index.php\/wp-json\/wp\/v2\/media?parent=1181"}],"curies":[{"name":"wp","href":"https:\/\/api.w.org\/{rel}","templated":true}]}}