{"id":136,"date":"2020-07-04T15:13:40","date_gmt":"2020-07-04T15:13:40","guid":{"rendered":"http:\/\/www.univnt.ro\/?page_id=136"},"modified":"2022-01-15T13:59:12","modified_gmt":"2022-01-15T13:59:12","slug":"corp-profesoral-fria","status":"publish","type":"page","link":"https:\/\/www2.univnt.ro\/index.php\/facultati\/facultatea-de-relatii-internationale-si-administratie\/corp-profesoral-fria\/","title":{"rendered":"CORP PROFESORAL FRIA"},"content":{"rendered":"\n<ol><li> <a href=\"http:\/\/www.univnt.ro\/index.php\/profesorii\/prof-univ-dr-damaschin-mircea\/\"><strong>Prof. univ. dr.\u00a0DAMASCHIN Mircea <\/strong><\/a><\/li><li> <a href=\"http:\/\/www.univnt.ro\/index.php\/profesorii\/prof-univ-dr-hotca-mihai-adrian\/\"><strong>Prof. univ. dr.\u00a0HOTCA Mihai Adrian <\/strong><\/a><\/li><li> <a href=\"http:\/\/www.univnt.ro\/index.php\/profesorii\/prof-univ-dr-nedelcu-elena\/\"><strong>Prof. univ. dr.\u00a0NEDELCU Elena <\/strong><\/a><\/li><li> <a href=\"http:\/\/www.univnt.ro\/index.php\/profesorii\/prof-univ-dr-popeanga-petre\/\"><strong>Prof. univ. dr.\u00a0POPEANG\u0102 Petre<\/strong><\/a> <\/li><li> <a href=\"http:\/\/www.univnt.ro\/index.php\/profesorii\/prof-univ-dr-stanciu-sica\/\"><strong>Prof. univ. dr.\u00a0STANCIU Sica<\/strong><\/a> <\/li><li> <a href=\"http:\/\/www.univnt.ro\/index.php\/profesorii\/conf-univ-dr-bragaru-constantin\/\"><strong>Conf. univ. dr.\u00a0BR\u0102GARU Constantin <\/strong><\/a><\/li><li> <a href=\"http:\/\/www.univnt.ro\/index.php\/profesorii\/conf-univ-dr-cliza-marta-claudia\/\"><strong>Conf. univ. dr.\u00a0CLIZA Marta Claudia <\/strong><\/a><\/li><li> <a href=\"http:\/\/www.univnt.ro\/index.php\/profesorii\/conf-univ-dr-cretan-adina-georgeta\/\"><strong>Conf. univ. dr.\u00a0CRE\u0162AN Adina <\/strong><\/a><\/li><li> <a href=\"http:\/\/www.univnt.ro\/index.php\/profesorii\/conf-univ-dr-grigore-maria-zenovia\/\"><strong>Conf. univ. dr.\u00a0GRIGORE Maria Zenovia <\/strong><\/a><\/li><li> <a href=\"http:\/\/www.univnt.ro\/index.php\/profesorii\/conf-univ-dr-radoi-madalina-antoaneta\/\"><strong>Conf. univ. dr.\u00a0R\u0102DOI M\u0103d\u0103lina Antoaneta<\/strong><\/a> <\/li><li> <a href=\"http:\/\/www.univnt.ro\/index.php\/profesorii\/conf-univ-dr-stanciu-costel\/\"><strong>Conf. univ. dr.\u00a0STANCIU Costel <\/strong><\/a><\/li><li> <a href=\"http:\/\/www.univnt.ro\/index.php\/profesorii\/conf-univ-dr-stoica-emilia-cornelia\/\"><strong>Conf. univ. dr.\u00a0STOICA Emilia Cornelia <\/strong><\/a><\/li><li> <a href=\"http:\/\/www.univnt.ro\/index.php\/profesorii\/lect-univ-dr-anghel-comsa-elena\/\"><strong>Lect. univ. dr.\u00a0ANGHEL (COM\u015eA) Elena <\/strong><\/a><\/li><li> <a href=\"http:\/\/www.univnt.ro\/index.php\/profesorii\/lect-univ-dr-bucur-norica-felicia\/\"><strong>Lect. univ. dr.\u00a0BUCUR Norica Felicia <\/strong><\/a><\/li><li> <a href=\"http:\/\/www.univnt.ro\/index.php\/profesorii\/lect-univ-dr-caraiman-carmen-daniela\/\"><strong>Lect. univ. dr.\u00a0CARAIMAN Carmen Daniela <\/strong><\/a><\/li><li> <a href=\"http:\/\/www.univnt.ro\/index.php\/profesorii\/lect-univ-dr-cerkez-mirela\/\"><strong>Lect. univ. dr.\u00a0CERKEZ Mirela <\/strong><\/a><\/li><li> <a href=\"http:\/\/www.univnt.ro\/index.php\/profesorii\/lect-univ-dr-cornescu-alexandru\/\"><strong>Lect. univ. dr.\u00a0CORNESCU Alexandru <\/strong><\/a><\/li><li><strong><a href=\"http:\/\/www.univnt.ro\/index.php\/profesorii\/asist-univ-dr-diamandescu-andrei-sebastian-lucian\/\">Lec<\/a><\/strong><a href=\"http:\/\/www.univnt.ro\/index.php\/profesorii\/asist-univ-dr-diamandescu-andrei-sebastian-lucian\/\"><strong>t<\/strong><\/a><strong><a href=\"http:\/\/www.univnt.ro\/index.php\/profesorii\/asist-univ-dr-diamandescu-andrei-sebastian-lucian\/\">. univ. dr.\u00a0DIAMANDESCU Andrei<\/a><\/strong><\/li><li> <a href=\"http:\/\/www.univnt.ro\/index.php\/profesorii\/lect-univ-dr-gheorghe-anca-nicoleta\/\"><strong>Lect. univ. dr.\u00a0GHEORGHE Anca<\/strong><\/a> <\/li><li> <a href=\"http:\/\/www.univnt.ro\/index.php\/profesorii\/lect-univ-dr-iliescu-elena-mihaela\/\"><strong>Lect. univ. dr.\u00a0ILIESCU Elena Mihaela <\/strong><\/a><\/li><li>  <a href=\"http:\/\/www.univnt.ro\/index.php\/profesorii\/lect-univ-dr-margulescu-elena\/\"><strong>Lect. univ. dr. M\u0102RGULESCU Elena <\/strong><\/a><\/li><li> <a href=\"http:\/\/www.univnt.ro\/index.php\/profesorii\/lect-univ-dr-matei-nicoleta-cristina\/\"><strong>Lect. univ. dr.\u00a0MATEI Cristina <\/strong><\/a><\/li><li> <a href=\"http:\/\/www.univnt.ro\/index.php\/profesorii\/lect-univ-dr-muraru-andrei\/\"><strong>Lect. univ. dr.\u00a0MURARU Andrei <\/strong><\/a><\/li><li> <a href=\"http:\/\/www.univnt.ro\/index.php\/profesorii\/lect-univ-dr-neaga-diana-elena\/\"><strong>Lect. univ. dr.\u00a0NEAGA Diana Elena<\/strong><\/a> <\/li><li> <a href=\"http:\/\/www.univnt.ro\/index.php\/profesorii\/lect-univ-dr-neagu-camelia\/\"><strong>Lect. univ. dr.\u00a0NEAGU Camelia <\/strong><\/a><\/li><li> <a href=\"http:\/\/www.univnt.ro\/index.php\/profesorii\/lect-univ-dr-nila-stratone-mirela-cristiana\/\"><strong>Lect. univ. dr.\u00a0NIL\u0102 STRATONE Mirela Cristiana <\/strong><\/a><\/li><li> <a href=\"http:\/\/www.univnt.ro\/index.php\/profesorii\/lect-univ-dr-padurariu-ioana\/\"><strong>Lect. univ. dr.\u00a0P\u0102DURARIU Ioana <\/strong><\/a><\/li><li> <a href=\"http:\/\/www.univnt.ro\/index.php\/profesorii\/lect-univ-dr-radu-emilia-carmen\/\"><strong>Lect. univ. dr.\u00a0RADU Emilia Carmen <\/strong><\/a><\/li><li> <a href=\"http:\/\/www.univnt.ro\/index.php\/profesorii\/lect-univ-dr-radu-liviu-george\/\"><strong>Lect. univ. dr.\u00a0RADU Liviu George <\/strong><\/a><\/li><li> <a href=\"http:\/\/www.univnt.ro\/index.php\/profesorii\/lect-univ-dr-stefan-elena-emilia\/\"><strong>Lect. univ. dr.\u00a0\u015eTEFAN Elena Emilia <\/strong><\/a><\/li><li> <a href=\"http:\/\/www.univnt.ro\/index.php\/profesorii\/lect-univ-dr-stefan-duicu-viorica-mirela\/\"><strong>Lect. univ. dr.\u00a0\u015eTEFAN-DUICU Viorica-Mirela <\/strong><\/a><\/li><li> <a href=\"http:\/\/www.univnt.ro\/index.php\/profesorii\/lect-univ-dr-velicu-dan\/\"><strong>Lect. univ. dr.\u00a0VELICU Dan <\/strong><\/a><\/li><li> <a href=\"http:\/\/www.univnt.ro\/index.php\/profesorii\/asist-univ-dr-big-dumitru\/\"><strong>Asist. univ. dr.\u00a0BIG Dumitru <\/strong><\/a> <\/li><li> <a href=\"http:\/\/www.univnt.ro\/index.php\/profesorii\/asist-univ-dr-chivulescu-felicia-alina\/\"><strong>Asist. univ. dr. CHIVULESCU Felicia Alina <\/strong><\/a><\/li><li> <a href=\"http:\/\/www.univnt.ro\/index.php\/profesorii\/asist-univ-drd-tudor-eduard-florin\/\"><strong>Asist. univ. drd.\u00a0TUDOR Eduard Florin <\/strong><\/a><\/li><\/ol>\n","protected":false},"excerpt":{"rendered":"<p>Prof. univ. dr.\u00a0DAMASCHIN Mircea Prof. univ. dr.\u00a0HOTCA Mihai Adrian Prof. univ. dr.\u00a0NEDELCU Elena Prof. univ. dr.\u00a0POPEANG\u0102 Petre Prof. univ. dr.\u00a0STANCIU &hellip; <\/p>\n","protected":false},"author":1,"featured_media":0,"parent":134,"menu_order":0,"comment_status":"closed","ping_status":"closed","template":"","meta":{"_mi_skip_tracking":false},"_links":{"self":[{"href":"https:\/\/www2.univnt.ro\/index.php\/wp-json\/wp\/v2\/pages\/136"}],"collection":[{"href":"https:\/\/www2.univnt.ro\/index.php\/wp-json\/wp\/v2\/pages"}],"about":[{"href":"https:\/\/www2.univnt.ro\/index.php\/wp-json\/wp\/v2\/types\/page"}],"author":[{"embeddable":true,"href":"https:\/\/www2.univnt.ro\/index.php\/wp-json\/wp\/v2\/users\/1"}],"replies":[{"embeddable":true,"href":"https:\/\/www2.univnt.ro\/index.php\/wp-json\/wp\/v2\/comments?post=136"}],"version-history":[{"count":7,"href":"https:\/\/www2.univnt.ro\/index.php\/wp-json\/wp\/v2\/pages\/136\/revisions"}],"predecessor-version":[{"id":4353,"href":"https:\/\/www2.univnt.ro\/index.php\/wp-json\/wp\/v2\/pages\/136\/revisions\/4353"}],"up":[{"embeddable":true,"href":"https:\/\/www2.univnt.ro\/index.php\/wp-json\/wp\/v2\/pages\/134"}],"wp:attachment":[{"href":"https:\/\/www2.univnt.ro\/index.php\/wp-json\/wp\/v2\/media?parent=136"}],"curies":[{"name":"wp","href":"https:\/\/api.w.org\/{rel}","templated":true}]}}