{"id":138,"date":"2020-07-04T15:14:19","date_gmt":"2020-07-04T15:14:19","guid":{"rendered":"http:\/\/www.univnt.ro\/?page_id=138"},"modified":"2022-05-02T12:13:17","modified_gmt":"2022-05-02T12:13:17","slug":"managementul-organizatiilor-si-serviciilor-publice","status":"publish","type":"page","link":"https:\/\/www2.univnt.ro\/index.php\/facultati\/facultatea-de-relatii-internationale-si-administratie\/managementul-organizatiilor-si-serviciilor-publice\/","title":{"rendered":"MANAGEMENTUL ORGANIZA\u021aIILOR \u0218I SERVICIILOR PUBLICE"},"content":{"rendered":"\t\t<div data-elementor-type=\"wp-page\" data-elementor-id=\"138\" class=\"elementor elementor-138\">\n\t\t\t\t\t\t<div class=\"elementor-inner\">\n\t\t\t\t<div class=\"elementor-section-wrap\">\n\t\t\t\t\t\t\t\t\t<section class=\"elementor-section elementor-top-section elementor-element elementor-element-cc4197e elementor-section-boxed elementor-section-height-default elementor-section-height-default\" data-id=\"cc4197e\" data-element_type=\"section\">\n\t\t\t\t\t\t<div class=\"elementor-container elementor-column-gap-default\">\n\t\t\t\t\t\t\t<div class=\"elementor-row\">\n\t\t\t\t\t<div class=\"elementor-column elementor-col-100 elementor-top-column elementor-element elementor-element-1b0ca56a\" data-id=\"1b0ca56a\" data-element_type=\"column\">\n\t\t\t<div class=\"elementor-column-wrap elementor-element-populated\">\n\t\t\t\t\t\t\t<div class=\"elementor-widget-wrap\">\n\t\t\t\t\t\t<div class=\"elementor-element elementor-element-8d921ab elementor-invisible elementor-widget elementor-widget-alert\" data-id=\"8d921ab\" data-element_type=\"widget\" data-settings=\"{&quot;_animation&quot;:&quot;swing&quot;}\" data-widget_type=\"alert.default\">\n\t\t\t\t<div class=\"elementor-widget-container\">\n\t\t\t\t\t<div class=\"elementor-alert elementor-alert-info\" role=\"alert\">\n\t\t\t<span class=\"elementor-alert-title\">A fost publicat\u0103 programarea examenelor pentru sesiunea de var\u0103!<\/span>\n\t\t\t\t\t\t\t\t\t\t<button type=\"button\" class=\"elementor-alert-dismiss\">\n\t\t\t\t\t<span aria-hidden=\"true\">&times;<\/span>\n\t\t\t\t\t<span class=\"elementor-screen-only\">Dismiss alert<\/span>\n\t\t\t\t<\/button>\n\t\t\t\t\t<\/div>\n\t\t\t\t<\/div>\n\t\t\t\t<\/div>\n\t\t\t\t<div class=\"elementor-element elementor-element-f817b86 elementor-widget elementor-widget-text-editor\" data-id=\"f817b86\" data-element_type=\"widget\" data-widget_type=\"text-editor.default\">\n\t\t\t\t<div class=\"elementor-widget-container\">\n\t\t\t\t\t\t\t\t<div class=\"elementor-text-editor elementor-clearfix\">\n\t\t\t\t<!-- wp:shortcode -->\n<p><div id=\"accordions-1099\" class=\"accordions-1099 accordions\">\r\n                <div id=\"accordions-lazy-1099\" class=\"accordions-lazy\">\r\n                    <\/div>\r\n        <script>\r\n            jQuery(window).load(function() {\r\n                jQuery('#accordions-lazy-1099').fadeOut();\r\n                jQuery('#accordions-1099 .items').fadeIn();\r\n            });\r\n        <\/script><style type='text\/css'>\r\n        @media only screen and (min-width: 1024px) {\r\n            #accordions-1099 {\r\n                width: 100%;\r\n                            }\r\n        }\r\n\r\n        @media only screen and (min-width: 768px) and (max-width: 1023px) {\r\n            #accordions-1099 {\r\n                width: 100%;\r\n                            }\r\n        }\r\n\r\n        @media only screen and (min-width: 0px) and (max-width: 767px) {\r\n            #accordions-1099 {\r\n                width: 100%;\r\n                            }\r\n        }\r\n\r\n        #accordions-1099 .items {\r\n            display: none;\r\n        }\r\n\r\n        #accordions-1099 .accordions-lazy {\r\n            text-align: center;\r\n            position: absolute;\r\n            top: 50%;\r\n            left: 50%;\r\n            transform: translate(-50%, -50%);\r\n        }\r\n\r\n        #accordions-1099 {\r\n            text-align: left;\r\n            background: #ffffff url() repeat scroll 0 0;\r\n            position: relative;\r\n        }\r\n\r\n        #accordions-1099 .accordions-head {\r\n            background: #1e73be none repeat scroll 0 0;\r\n            \r\n                        outline: none;\r\n        }\r\n\r\n        #accordions-1099 .accordions-head-title {\r\n            color: #ffffff;\r\n            font-size: 16px;\r\n                    }\r\n\r\n        #accordions-1099 .accordions-head-title-toggle {\r\n            color: #ffffff;\r\n            font-size: 16px;\r\n                    }\r\n\r\n        #accordions-1099 .accordions-head:hover .accordions-head-title {\r\n            color: #ffffff;\r\n                    }\r\n\r\n        #accordions-1099 .ui-state-active {\r\n            background: #174e7f;\r\n            border: none;\r\n        }\r\n\r\n        #accordions-1099 .accordion-content {\r\n            background: #ffffff none repeat scroll 0 0;\r\n            border: none;\r\n        }\r\n\r\n        #accordions-1099 .accordion-icons {\r\n                    }\r\n\r\n        #accordions-1099 .accordions-head:hover .accordion-icons span {\r\n                    }\r\n\r\n            <\/style>\r\n<div class=\"items\">\r\n                        <div post_id=\"1099\" itemcount=\"0\" header_id=\"header-1597478577336\" id=\"header-1597478577336\" style=\"\" class=\"accordions-head head1597478577336 border-none\" toggle-text=\"\" main-text=\"ORAR\">\r\n                                            <span id=\"accordion-icons-1597478577336\" class=\"accordion-icons\">\r\n                            <span class=\"accordion-icon-active accordion-plus\"><i class=\"fas fa-chevron-up\"><\/i><\/span>\r\n                            <span class=\"accordion-icon-inactive accordion-minus\"><i class=\"fas fa-chevron-right\"><\/i><\/span>\r\n                        <\/span>\r\n                        <span id=\"header-text-1597478577336\" class=\"accordions-head-title\">ORAR<\/span>\r\n                                    <\/div>\r\n                <div class=\"accordion-content content1597478577336 \">\r\n                    <p style=\"text-align: center\"><span style=\"color: #ff0000\"><strong>An universitar 2021 &#8211; 2022, semestrul II<\/strong><\/span><\/p>\n<p style=\"text-align: center\"><strong><a href=\"https:\/\/www.univnt.ro\/wp-content\/uploads\/facultati\/2021-2022\/fria\/master\/orar\/semestrul_2\/MASTER_MOSP_ANUL I_ SEM II_2021-2022.pdf\">Anul 1<\/a> \u00a0 \u00a0 \u00a0 <a href=\"https:\/\/www.univnt.ro\/wp-content\/uploads\/facultati\/2021-2022\/fria\/master\/orar\/semestrul_2\/MASTER_MOSP_ANUL II_ SEM IV_2021-2022.pdf\">Anul 2<\/a> <\/strong><\/p>\n<p style=\"text-align: center\"><span style=\"color: #ff0000\"><strong><a style=\"color: #ff0000\" href=\"https:\/\/www.univnt.ro\/wp-content\/uploads\/facultati\/2021-2022\/fria\/master\/orar\/semestrul_2\/saptamanile_ seminar_ sem II__FRIA - 2021_2022 doc.pdf\">S\u0103pt\u0103m\u00e2ni seminar<\/a><\/strong><\/span><\/p>\n<p><span style=\"text-decoration: underline;color: #0000ff\"><strong><a style=\"color: #0000ff;text-decoration: underline\" href=\"https:\/\/www.univnt.ro\/wp-content\/uploads\/facultati\/2021-2022\/feea\/licenta\/aa_cig_if\/orar\/inscriere classroom.pdf\">Instructiuni de conectare pentru studentii noi<\/a><\/strong><\/span><\/p>\n                <\/div>\r\n                        <div post_id=\"1099\" itemcount=\"1\" header_id=\"header-1599659574485\" id=\"header-1599659574485\" style=\"\" class=\"accordions-head head1599659574485 border-none\" toggle-text=\"\" main-text=\"ANUN\u0162URI\">\r\n                                            <span id=\"accordion-icons-1599659574485\" class=\"accordion-icons\">\r\n                            <span class=\"accordion-icon-active accordion-plus\"><i class=\"fas fa-chevron-up\"><\/i><\/span>\r\n                            <span class=\"accordion-icon-inactive accordion-minus\"><i class=\"fas fa-chevron-right\"><\/i><\/span>\r\n                        <\/span>\r\n                        <span id=\"header-text-1599659574485\" class=\"accordions-head-title\">ANUN\u0162URI<\/span>\r\n                                    <\/div>\r\n                <div class=\"accordion-content content1599659574485 \">\r\n                    <ul>\n<li>Deschiderea anului universitar 2021-2022 pentru studentii inscrisi la cursurile de master va avea loc \u00een data de 04.10.2021, dupa cum urmeaza: MOSP Anul 1, ora 18.00 iar\u00a0 pentru MOSP Anul 2 la ora 18.30. (<a href=\"https:\/\/www.univnt.ro\/index.php\/deschiderea-anului-universitar-2021-2022\/\"><strong>Click aici pentru link-ul de acces<\/strong><\/a>)<\/li>\n<li><strong><a href=\"https:\/\/www.univnt.ro\/index.php\/desfasurarea-activitatii-didactice-2021-2022\/\">Desf\u0103\u015furarea activit\u0103\u0163ii didactice 2021\/2022<\/a><\/strong><\/li>\n<\/ul>\n<p>Pentru a afla numele de utilizator si parola pentru eLis si Gsuite for Education faceti <strong><span style=\"text-decoration: underline\"><span style=\"color: #ff0000;text-decoration: underline\"><a style=\"color: #ff0000;text-decoration: underline\" href=\"https:\/\/www.univnt.ro\/conturi\/login.php\">click aici<\/a><\/span><\/span><span style=\"color: #ff0000\">.\u00a0<\/span><\/strong><\/p>\n<p>Dupa accesarea link-ului va rugam sa completati campurile cu datele cerute. Ulterior apasarii butonului Login primiti utilizatorul si parola. Pentru accesarea platformei\u00a0<span style=\"text-decoration: underline\"><span style=\"color: #ff0000\"><strong><a style=\"color: #ff0000;text-decoration: underline\" href=\"https:\/\/elis.univnt.ro\/\">eLis\u00a0<\/a><\/strong><\/span><\/span>trebuie sa introduceti utilizatorul si parola primita. Pentru accesarea platformei\u00a0<span style=\"text-decoration: underline\"><span style=\"color: #ff0000\"><strong><a style=\"color: #ff0000;text-decoration: underline\" href=\"https:\/\/mail.google.com\/a\/univnt.ro\">Google Classroom<\/a><\/strong><\/span><\/span>\u00a0trebuie obligatoriu sa introduceti utilizatorul cu terminatia @univnt.ro (Ex.\u00a0MihaiL22133@univnt.ro) si parola primita.<\/p>\n<p><span style=\"color: #000000\">Va rugam sa aveti in vedere ca pot exista unele probleme de conectare la cele doua platforme in urmatoarele 24 de ore<\/span><\/p>\n<p>Gasiti mai multe ghiduri de folosire a platformelor\u00a0<span style=\"text-decoration: underline;color: #ff0000\"><a style=\"color: #ff0000\" href=\"https:\/\/sites.google.com\/univnt.ro\/student\/pagina-de-pornire\"><strong>aici<\/strong><\/a><\/span><\/p>\n                <\/div>\r\n                        <div post_id=\"1099\" itemcount=\"2\" header_id=\"header-1597478588082\" id=\"header-1597478588082\" style=\"\" class=\"accordions-head head1597478588082 border-none\" toggle-text=\"\" main-text=\"EXAMENE\">\r\n                                            <span id=\"accordion-icons-1597478588082\" class=\"accordion-icons\">\r\n                            <span class=\"accordion-icon-active accordion-plus\"><i class=\"fas fa-chevron-up\"><\/i><\/span>\r\n                            <span class=\"accordion-icon-inactive accordion-minus\"><i class=\"fas fa-chevron-right\"><\/i><\/span>\r\n                        <\/span>\r\n                        <span id=\"header-text-1597478588082\" class=\"accordions-head-title\">EXAMENE<\/span>\r\n                                    <\/div>\r\n                <div class=\"accordion-content content1597478588082 \">\r\n                    <p style=\"text-align: center\"><strong>An universitar 2021 \u2013 2022, Semestrul 2<\/strong><\/p>\n<p style=\"text-align: center\"><span style=\"color: #ff0000\"><strong><a style=\"color: #ff0000\" href=\"http:\/\/www.univnt.ro\/wp-content\/uploads\/facultati\/2021-2022\/fria\/master\/examene\/semestrul_2\/EXAMENE_MASTER_ANUL_I_MOSP.pdf\"><span style=\"text-decoration: underline\">Anul 1<\/span><\/a>\u00a0 \u00a0 \u00a0 \u00a0 \u00a0\u00a0<span style=\"text-decoration: underline\"><a style=\"color: #ff0000;text-decoration: underline\" href=\"http:\/\/www.univnt.ro\/wp-content\/uploads\/facultati\/2021-2022\/fria\/master\/examene\/semestrul_2\/EXAMENE_MASTER_ANUL_II_MOSP.pdf\">Anul 2<\/a><\/span><\/strong><\/span><\/p>\n                <\/div>\r\n                        <div post_id=\"1099\" itemcount=\"3\" header_id=\"header-1599659577423\" id=\"header-1599659577423\" style=\"\" class=\"accordions-head head1599659577423 border-none\" toggle-text=\"\" main-text=\"REEXAMIN\u0102RI\">\r\n                                            <span id=\"accordion-icons-1599659577423\" class=\"accordion-icons\">\r\n                            <span class=\"accordion-icon-active accordion-plus\"><i class=\"fas fa-chevron-up\"><\/i><\/span>\r\n                            <span class=\"accordion-icon-inactive accordion-minus\"><i class=\"fas fa-chevron-right\"><\/i><\/span>\r\n                        <\/span>\r\n                        <span id=\"header-text-1599659577423\" class=\"accordions-head-title\">REEXAMIN\u0102RI<\/span>\r\n                                    <\/div>\r\n                <div class=\"accordion-content content1599659577423 \">\r\n                    <p style=\"text-align: center\"><strong>An universitar 2021 \u2013 2022, Semestrul 2<\/strong><\/p>\n<p style=\"text-align: center\"><strong>Anul 1\u00a0 \u00a0\u00a0 \u00a0\u00a0 <\/strong><span style=\"color: #ff0000\"><strong><a style=\"color: #ff0000\" href=\"http:\/\/www.univnt.ro\/wp-content\/uploads\/facultati\/2021-2022\/fria\/master\/restante\/REEXAMIN\u0102RI_ANUL_II_MOSP.pdf\">Anul 2<\/a><\/strong><\/span><\/p>\n<p style=\"text-align: center\">\n                <\/div>\r\n                        <div post_id=\"1099\" itemcount=\"4\" header_id=\"header-1599659580054\" id=\"header-1599659580054\" style=\"\" class=\"accordions-head head1599659580054 border-none\" toggle-text=\"\" main-text=\"RESTAN\u0162E\">\r\n                                            <span id=\"accordion-icons-1599659580054\" class=\"accordion-icons\">\r\n                            <span class=\"accordion-icon-active accordion-plus\"><i class=\"fas fa-chevron-up\"><\/i><\/span>\r\n                            <span class=\"accordion-icon-inactive accordion-minus\"><i class=\"fas fa-chevron-right\"><\/i><\/span>\r\n                        <\/span>\r\n                        <span id=\"header-text-1599659580054\" class=\"accordions-head-title\">RESTAN\u0162E<\/span>\r\n                                    <\/div>\r\n                <div class=\"accordion-content content1599659580054 \">\r\n                    <p style=\"text-align: center\"><strong>An universitar 2021 \u2013 2022, Semestrul 2<\/strong><\/p>\n<p style=\"text-align: center\"><span style=\"color: #ff0000\"><strong><span style=\"color: #000000\"><span style=\"text-decoration: underline\"><span style=\"color: #ff0000;text-decoration: underline\">Anul 1<\/span><\/span>\u00a0<\/span> \u00a0 \u00a0 \u00a0 \u00a0\u00a0<a style=\"color: #ff0000\" href=\"http:\/\/www.univnt.ro\/wp-content\/uploads\/facultati\/2021-2022\/fria\/master\/restante\/RESTANTE_MOSP.pdf\">Anul 2<\/a><\/strong><\/span><\/p>\n                <\/div>\r\n                        <div post_id=\"1099\" itemcount=\"5\" header_id=\"header-1597478605663\" id=\"header-1597478605663\" style=\"\" class=\"accordions-head head1597478605663 border-none\" toggle-text=\"\" main-text=\"STRUCTURA ANULUI UNIVERSITAR\">\r\n                                            <span id=\"accordion-icons-1597478605663\" class=\"accordion-icons\">\r\n                            <span class=\"accordion-icon-active accordion-plus\"><i class=\"fas fa-chevron-up\"><\/i><\/span>\r\n                            <span class=\"accordion-icon-inactive accordion-minus\"><i class=\"fas fa-chevron-right\"><\/i><\/span>\r\n                        <\/span>\r\n                        <span id=\"header-text-1597478605663\" class=\"accordions-head-title\">STRUCTURA ANULUI UNIVERSITAR<\/span>\r\n                                    <\/div>\r\n                <div class=\"accordion-content content1597478605663 \">\r\n                    <p>&nbsp;<\/p>\n<p style=\"text-align: center\"><span style=\"color: #ff0000\"><a style=\"color: #ff0000\" href=\"https:\/\/www.univnt.ro\/wp-content\/uploads\/structura\/Structura_Universitara_FRIA_master_2021-2022.pdf\">STRUCTURA ANULUI UNIVERSITAR<\/a><\/span><\/p>\n                <\/div>\r\n                        <div post_id=\"1099\" itemcount=\"6\" header_id=\"header-1597478626642\" id=\"header-1597478626642\" style=\"\" class=\"accordions-head head1597478626642 border-none\" toggle-text=\"\" main-text=\"DISERTA\u0162IE\">\r\n                                            <span id=\"accordion-icons-1597478626642\" class=\"accordion-icons\">\r\n                            <span class=\"accordion-icon-active accordion-plus\"><i class=\"fas fa-chevron-up\"><\/i><\/span>\r\n                            <span class=\"accordion-icon-inactive accordion-minus\"><i class=\"fas fa-chevron-right\"><\/i><\/span>\r\n                        <\/span>\r\n                        <span id=\"header-text-1597478626642\" class=\"accordions-head-title\">DISERTA\u0162IE<\/span>\r\n                                    <\/div>\r\n                <div class=\"accordion-content content1597478626642 \">\r\n                    <p style=\"text-align: center\"><strong><span style=\"color: #ff0000\">Examen Disertatie Iulie 2022<\/span><\/strong><\/p>\n<p><span style=\"text-decoration: underline;color: #0000ff\"><strong><a style=\"color: #0000ff;text-decoration: underline\" href=\"https:\/\/www.univnt.ro\/index.php\/facultati\/facultatea-de-relatii-internationale-si-administratie\/managementul-organizatiilor-si-serviciilor-publice\/tematica-bibliografie-mosp\/\">Tematic\u0103<\/a><\/strong><\/span><\/p>\n                <\/div>\r\n                        <div post_id=\"1099\" itemcount=\"7\" header_id=\"header-1597478643548\" id=\"header-1597478643548\" style=\"\" class=\"accordions-head head1597478643548 border-none\" toggle-text=\"\" main-text=\"DISCIPLINE\">\r\n                                            <span id=\"accordion-icons-1597478643548\" class=\"accordion-icons\">\r\n                            <span class=\"accordion-icon-active accordion-plus\"><i class=\"fas fa-chevron-up\"><\/i><\/span>\r\n                            <span class=\"accordion-icon-inactive accordion-minus\"><i class=\"fas fa-chevron-right\"><\/i><\/span>\r\n                        <\/span>\r\n                        <span id=\"header-text-1597478643548\" class=\"accordions-head-title\">DISCIPLINE<\/span>\r\n                                    <\/div>\r\n                <div class=\"accordion-content content1597478643548 \">\r\n                    <p style=\"text-align: center\"><a href=\"http:\/\/www.univnt.ro\/wp-content\/uploads\/facultati\/2021-2022\/fria\/master\/planuri\/Mosp_2021-2022.pdf\"><span style=\"text-decoration: underline\"><span style=\"color: #0000ff\"><b>Planuri de \u00eenv\u0103\u0163\u0103m\u00e2nt<\/b><\/span><\/span><\/a><\/p>\n                <\/div>\r\n            <\/div>\r\n    <script>\r\n        jQuery(document).ready(function($) {\r\n            accordions_active_index_1099 = [];\r\n                })\r\n    <\/script>    <script>\r\n        jQuery(document).ready(function($) {\r\n            accordion_1099 = $(\"#accordions-1099 .items\").accordion({\r\n                event: \"click\",\r\n                collapsible: true,\r\n                heightStyle: \"content\",\r\n                animate: (\"swing\", 1000),\r\n                navigation: true,\r\n                active: 999,\r\n                            });\r\n        })\r\n    <\/script>\r\n                <\/div><\/p>\n<!-- \/wp:shortcode --><!-- wp:paragraph -->\n<p>Misiunea programului de studii de masterat <strong>Managementul Organiza\u0163iilor \u015fi Serviciilor Publice<\/strong> este de a forma, la cele mai \u00eenalte standarde de calitate, speciali\u015fti \u00een domeniul institu\u0163iilor publice, care s\u0103 contribuie la \u00eembun\u0103t\u0103\u0163irea sistemului de gestionare a resurselor \u015fi la cre\u015fterea eficien\u0163ei procedurilor din cadrul sectorului public. Absolven\u0163ii acestui program de master vor fi speciali\u015fti \u00een domeniul managementului organiza\u0163iilor publice, al resurselor umane din acest sector, buni coordonatori \u00een sfera managementului \u015fi marketingului serviciilor publice etc.<\/p>\n<p>Programul de studii respectiv dezvolt\u0103 dimensiunea managerial\u0103, economic\u0103, juridic\u0103 \u015fi de cercetare a preg\u0103tirii masteranzilor \u00een contextul cerin\u0163elor statutului Rom\u00e2niei de stat membru al UE, urm\u0103rindu-se dezvoltarea capacit\u0103\u0163ii viitorilor func\u0163ionari publici \u015fi manageri publici de a coordona schimb\u0103rile determinate de procesul reformei, \u00een general, \u015fi de a gestiona interesele institu\u0163iilor publice \u00een concordan\u0163\u0103 cu a\u015ftept\u0103rile cet\u0103\u0163enilor \u015fi ale spa\u0163iului administrativ european.<\/p>\n<!-- \/wp:paragraph --><!-- wp:shortcode -->\n<p><div class='yrm-content yrm-content-18 yrm-content-hide' id='yrm-stWH7' data-id='18' data-show-status='false' data-after-action=''>\n\t\t\t<div id='yrm-inner-content-yrm-stWH7' class='yrm-inner-content-wrapper yrm-cntent-18'><\/p>\n<p>Competen\u0163ele generale \u015fi profesionale ale programului de studii de masterat <strong>Managementul organiza\u0163iilor \u015fi serviciilor publice<\/strong> se concretizeaz\u0103 prin aplicarea creativ\u0103 a metodelor de \u00eenv\u0103\u0163are bazate pe competen\u0163e \u015fi a tehnicilor de cercetare \u015fi de rezolvare a problemelor, viz\u00e2nd urm\u0103toaele direc\u0163ii:<\/p>\n<ul>\n<li>elaborarea de studii \u015fi rapoarte publicate sau aplicate profesional;<\/li>\n<li>abilitatea de a conduce grupuri de lucru \u015fi de a comunica \u00een contexte dintre cele mai diverse;<\/li>\n<li>capacitatea de a ac\u0163iona independent \u015fi creativ \u00een abordarea \u015fi solu\u0163ionarea problemelor, de a evalua obiectiv \u015fi constructiv st\u0103ri critice, de a rezolva creativ probleme \u015fi de a comunica rezultatele \u00een mod conving\u0103tor;<\/li>\n<li>abilit\u0103\u0163i de conduc\u0103tor \u015fi angajare clar\u0103 pe calea propriei dezvolt\u0103ri profesionale;<\/li>\n<li>fundamentarea de sisteme, capacit\u0103\u0163i \u015fi strategii privind dezvoltarea \u015fi diversificarea activit\u0103\u0163ii din sectorul public;<\/li>\n<li>fundamentarea planului de afaceri, a strategiilor, planurilor \u015fi programelor specifice serviciilor publice;<\/li>\n<li>fundamentarea programelor de marketing public, strategiilor \u015fi procedurilor necesare \u00eendeplinirii \u00een condi\u0163ii de eficien\u0163\u0103 a obiectivelor organiza\u0163iilor publice;<\/li>\n<li>participarea la fundamentarea de studii de prefezabilitate \u015fi fezabilitate a investi\u0163iilor publice;<\/li>\n<li>capacitatea de evaluare a rezultatelor ob\u0163inute \u00een exercitarea profesiei de administrator \u00een institu\u0163ii publice;<\/li>\n<li>abilitatea de colaborare cu speciali\u015fti din alte domenii, de a decide \u015fi a fi responsabil de activitatea proprie, de a ac\u0163iona \u00een contextul managementului schimb\u0103rii etc.<\/li>\n<\/ul>\n<p>Debu\u015feele profesionale ale absolven\u0163ilor specializ\u0103rii programului de studii de masterat <strong>Managementul Organiza\u0163iilor \u015fi Serviciilor Publice<\/strong>:<\/p>\n<ul>\n<li>institu\u0163ii publice specializate \u00een diverse domenii;<\/li>\n<li>organiza\u0163ii private care deruleaz\u0103 activit\u0103\u0163i viz\u00e2nd managementul \u015fi tehnicile decizionale;<\/li>\n<li>asocia\u0163ii \u015fi funda\u0163ii care func\u0163ioneaz\u0103 \u00een scopuri nonprofit, \u00een slujba cet\u0103\u0163enilor;<\/li>\n<li>societ\u0103\u0163i de training \u015fi consultan\u0163\u0103;<\/li>\n<li>agen\u0163i de promovare a imaginii institu\u0163iei publice sau a serviciilor publice;<\/li>\n<li>activit\u0103\u0163i de cercetare \u00een domeniul managementului strategic, managementului proiectelor cu finan\u0163are european\u0103 \u015fi a managementului resurselor umane.<\/li>\n<\/ul>\n<p><\/div>\n\t\t<\/div><div class='yrm-btn-wrapper yrm-btn-wrapper-18 yrm-more-button-wrapper '\n\t\tdata-custom-more-class-name='' data-custom-less-class-name=''><span title='' data-less-title='' data-more-title='' class='yrm-toggle-expand  yrm-toggle-expand-18 ' data-rel='yrm-stWH7' data-more='Mai mult' data-less='Mai pu\u021bin'><span class='yrm-text-wrapper yrm-text-wrapper-custom-dimensions'><span class=\"yrm-button-text-18\">Mai mult<\/span><\/span><\/span><\/div><\/p>\n<!-- \/wp:shortcode -->\t\t\t\t\t<\/div>\n\t\t\t\t\t\t<\/div>\n\t\t\t\t<\/div>\n\t\t\t\t\t\t<\/div>\n\t\t\t\t\t<\/div>\n\t\t<\/div>\n\t\t\t\t\t\t\t\t<\/div>\n\t\t\t\t\t<\/div>\n\t\t<\/section>\n\t\t\t\t\t\t\t\t\t<\/div>\n\t\t\t<\/div>\n\t\t\t\t\t<\/div>\n\t\t","protected":false},"excerpt":{"rendered":"<p>A fost publicat\u0103 programarea examenelor pentru sesiunea de var\u0103! &times; Dismiss alert Misiunea programului de studii de masterat Managementul Organiza\u0163iilor &hellip; <\/p>\n","protected":false},"author":1,"featured_media":0,"parent":134,"menu_order":0,"comment_status":"closed","ping_status":"closed","template":"","meta":{"_mi_skip_tracking":false},"_links":{"self":[{"href":"https:\/\/www2.univnt.ro\/index.php\/wp-json\/wp\/v2\/pages\/138"}],"collection":[{"href":"https:\/\/www2.univnt.ro\/index.php\/wp-json\/wp\/v2\/pages"}],"about":[{"href":"https:\/\/www2.univnt.ro\/index.php\/wp-json\/wp\/v2\/types\/page"}],"author":[{"embeddable":true,"href":"https:\/\/www2.univnt.ro\/index.php\/wp-json\/wp\/v2\/users\/1"}],"replies":[{"embeddable":true,"href":"https:\/\/www2.univnt.ro\/index.php\/wp-json\/wp\/v2\/comments?post=138"}],"version-history":[{"count":38,"href":"https:\/\/www2.univnt.ro\/index.php\/wp-json\/wp\/v2\/pages\/138\/revisions"}],"predecessor-version":[{"id":4753,"href":"https:\/\/www2.univnt.ro\/index.php\/wp-json\/wp\/v2\/pages\/138\/revisions\/4753"}],"up":[{"embeddable":true,"href":"https:\/\/www2.univnt.ro\/index.php\/wp-json\/wp\/v2\/pages\/134"}],"wp:attachment":[{"href":"https:\/\/www2.univnt.ro\/index.php\/wp-json\/wp\/v2\/media?parent=138"}],"curies":[{"name":"wp","href":"https:\/\/api.w.org\/{rel}","templated":true}]}}