{"id":1627,"date":"2020-09-05T10:45:38","date_gmt":"2020-09-05T10:45:38","guid":{"rendered":"http:\/\/www.univnt.ro\/?page_id=1627"},"modified":"2020-09-05T13:23:13","modified_gmt":"2020-09-05T13:23:13","slug":"cv-doctoranzi","status":"publish","type":"page","link":"https:\/\/www2.univnt.ro\/index.php\/doctorat\/cv-doctoranzi\/","title":{"rendered":"CV DOCTORANZI"},"content":{"rendered":"\n<table class=\"wp-block-table is-style-stripes\"><tbody><tr><td><a href=\"http:\/\/www.univnt.ro\/wp-content\/uploads\/doctorat\/cv_doctoranzi\/CV_Gheorghe_Bocsan.pdf\">Gheorghe Boc\u0219an<\/a><\/td><td><\/td><\/tr><tr><td><a href=\"http:\/\/www.univnt.ro\/wp-content\/uploads\/doctorat\/cv_doctoranzi\/CV_Stefan_Laurentia.pdf\">\u0218tefan Lauren\u021bia<\/a><\/td><td><\/td><\/tr><tr><td><a href=\"http:\/\/www.univnt.ro\/wp-content\/uploads\/doctorat\/cv_doctoranzi\/CV_Dinescu_Adrian_Gabriel.pdf\">Dinescu Adrian Gabriel<\/a><\/td><td><\/td><\/tr><tr><td><a href=\"http:\/\/www.univnt.ro\/wp-content\/uploads\/doctorat\/cv_doctoranzi\/CV_Suru_Amir.pdf\">Suru Amir<\/a><\/td><td><\/td><\/tr><tr><td><a href=\"http:\/\/www.univnt.ro\/wp-content\/uploads\/doctorat\/cv_doctoranzi\/CV_Bancila_Dorin.pdf\">B\u0103ncil\u0103 Dorin<\/a><\/td><td><\/td><\/tr><tr><td><a href=\"http:\/\/www.univnt.ro\/wp-content\/uploads\/doctorat\/cv_doctoranzi\/CV_Chihaia_Gabriela.pdf\">Chihaia Gabriela<\/a><\/td><td><\/td><\/tr><tr><td><a href=\"http:\/\/www.univnt.ro\/wp-content\/uploads\/doctorat\/cv_doctoranzi\/CV_Neagu_Constantin.pdf\">Neagu Constantin<\/a><\/td><td><\/td><\/tr><tr><td><a href=\"http:\/\/www.univnt.ro\/wp-content\/uploads\/doctorat\/cv_doctoranzi\/CV_Cornelia_Dumitru.pdf\">Dumitru Cornelia<\/a><\/td><td><\/td><\/tr><tr><td><a href=\"http:\/\/www.univnt.ro\/wp-content\/uploads\/doctorat\/cv_doctoranzi\/CV_Antoanetta_Tomescu.pdf\">Tomescu Antoanetta<\/a><\/td><td><\/td><\/tr><tr><td><a href=\"http:\/\/www.univnt.ro\/wp-content\/uploads\/doctorat\/cv_doctoranzi\/CV_Dumitrascu_Ramona.pdf\">Dumitra\u0219cu Ramona<\/a><\/td><td><\/td><\/tr><tr><td><a href=\"http:\/\/www.univnt.ro\/wp-content\/uploads\/doctorat\/cv_doctoranzi\/CV_Onisor_Amelia_Raluca.pdf\">Oni\u0219or Amelia Raluca<\/a><\/td><td><\/td><\/tr><tr><td><a href=\"http:\/\/www.univnt.ro\/wp-content\/uploads\/doctorat\/cv_doctoranzi\/CV_Grama_Dimitriu_Ioana.pdf\">Grama Dimitriu Ioana<\/a><\/td><td><\/td><\/tr><tr><td><a href=\"http:\/\/www.univnt.ro\/wp-content\/uploads\/doctorat\/cv_doctoranzi\/CV_Puscasu_Andrei_Lucian.pdf\">Pu\u0219ca\u0219u Andrei Lucian<\/a><\/td><td><\/td><\/tr><tr><td><a href=\"http:\/\/www.univnt.ro\/wp-content\/uploads\/doctorat\/cv_doctoranzi\/CV_Voicheci_Eugenia.pdf\">Voicheci Eugenia<\/a><\/td><td><\/td><\/tr><tr><td><a href=\"http:\/\/www.univnt.ro\/wp-content\/uploads\/doctorat\/cv_doctoranzi\/CV_Damaschin_Eniko.pdf\">Damaschin Eniko<\/a><\/td><td><\/td><\/tr><tr><td><a href=\"http:\/\/www.univnt.ro\/wp-content\/uploads\/doctorat\/cv_doctoranzi\/CV_Cantemir_Nadia.pdf\">Cantemir Nadia<\/a><\/td><td><\/td><\/tr><tr><td><a href=\"http:\/\/www.univnt.ro\/wp-content\/uploads\/doctorat\/cv_doctoranzi\/CV_Savu_Mariana.pdf\">Savu Mariana<\/a><\/td><td><\/td><\/tr><tr><td><a href=\"http:\/\/www.univnt.ro\/wp-content\/uploads\/doctorat\/cv_doctoranzi\/CV_Haratau_Adrian_en.pdf\">H\u0103r\u0103t\u0103u Adrian<\/a><\/td><td><\/td><\/tr><tr><td><a href=\"http:\/\/www.univnt.ro\/wp-content\/uploads\/doctorat\/cv_doctoranzi\/CV_Voitasec_Dan_Iulian.pdf\">Voitasec Dan Iulian<\/a><\/td><td><\/td><\/tr><tr><td><a href=\"http:\/\/www.univnt.ro\/wp-content\/uploads\/doctorat\/cv_doctoranzi\/CV_Theohari_Delia_Narcisa.pdf\">Teohari Delia Narcisa<\/a><\/td><td><\/td><\/tr><tr><td><a href=\"http:\/\/www.univnt.ro\/wp-content\/uploads\/doctorat\/cv_doctoranzi\/CV_Nicolescu_Alin_Sorin.pdf\">Nicolescu Alin Sorin<\/a><\/td><td><\/td><\/tr><tr><td><a href=\"http:\/\/www.univnt.ro\/wp-content\/uploads\/doctorat\/cv_doctoranzi\/CV_Geamanu_Florin.pdf\">Geam\u0103nu Sorin<\/a><\/td><td><\/td><\/tr><tr><td><a href=\"http:\/\/www.univnt.ro\/wp-content\/uploads\/doctorat\/cv_doctoranzi\/CV_Tomescu_Viorel.pdf\">Tomescu Viorel<\/a><\/td><td><\/td><\/tr><tr><td><a href=\"http:\/\/www.univnt.ro\/wp-content\/uploads\/doctorat\/cv_doctoranzi\/CV_Ivanescu_Ovidiu_Emilian.pdf\">Iv\u0103nescu Ovidiu Emilian<\/a><\/td><td><\/td><\/tr><tr><td><a href=\"http:\/\/www.univnt.ro\/wp-content\/uploads\/doctorat\/cv_doctoranzi\/CV_Iugan_Andrei.pdf\">Iugan Andrei<\/a><\/td><td><\/td><\/tr><tr><td><a href=\"http:\/\/www.univnt.ro\/wp-content\/uploads\/doctorat\/cv_doctoranzi\/CV_Iacob_Oana.pdf\">Iacob Oana<\/a><\/td><td><\/td><\/tr><\/tbody><\/table>\n","protected":false},"excerpt":{"rendered":"<p>Gheorghe Boc\u0219an \u0218tefan Lauren\u021bia Dinescu Adrian Gabriel Suru Amir B\u0103ncil\u0103 Dorin Chihaia Gabriela Neagu Constantin Dumitru Cornelia Tomescu Antoanetta Dumitra\u0219cu &hellip; <\/p>\n","protected":false},"author":1,"featured_media":0,"parent":50,"menu_order":0,"comment_status":"closed","ping_status":"closed","template":"","meta":{"_mi_skip_tracking":false},"_links":{"self":[{"href":"https:\/\/www2.univnt.ro\/index.php\/wp-json\/wp\/v2\/pages\/1627"}],"collection":[{"href":"https:\/\/www2.univnt.ro\/index.php\/wp-json\/wp\/v2\/pages"}],"about":[{"href":"https:\/\/www2.univnt.ro\/index.php\/wp-json\/wp\/v2\/types\/page"}],"author":[{"embeddable":true,"href":"https:\/\/www2.univnt.ro\/index.php\/wp-json\/wp\/v2\/users\/1"}],"replies":[{"embeddable":true,"href":"https:\/\/www2.univnt.ro\/index.php\/wp-json\/wp\/v2\/comments?post=1627"}],"version-history":[{"count":6,"href":"https:\/\/www2.univnt.ro\/index.php\/wp-json\/wp\/v2\/pages\/1627\/revisions"}],"predecessor-version":[{"id":3208,"href":"https:\/\/www2.univnt.ro\/index.php\/wp-json\/wp\/v2\/pages\/1627\/revisions\/3208"}],"up":[{"embeddable":true,"href":"https:\/\/www2.univnt.ro\/index.php\/wp-json\/wp\/v2\/pages\/50"}],"wp:attachment":[{"href":"https:\/\/www2.univnt.ro\/index.php\/wp-json\/wp\/v2\/media?parent=1627"}],"curies":[{"name":"wp","href":"https:\/\/api.w.org\/{rel}","templated":true}]}}