{"id":202,"date":"2020-07-05T12:04:23","date_gmt":"2020-07-05T12:04:23","guid":{"rendered":"http:\/\/www.univnt.ro\/?page_id=202"},"modified":"2020-08-12T11:56:06","modified_gmt":"2020-08-12T11:56:06","slug":"cks","status":"publish","type":"page","link":"https:\/\/www2.univnt.ro\/index.php\/cks\/","title":{"rendered":"CKS"},"content":{"rendered":"\n<p style=\"text-align:center\"><strong>Pentru pagina noua va rugam accesati:<\/strong><\/p>\n\n\n\n<div class=\"wp-block-button aligncenter\"><a class=\"wp-block-button__link\" href=\"http:\/\/cks.univnt.ro\/\">cks.univnt.ro<\/a><\/div>\n\n\n\n<p>\n\nUniversitatea \u201cNicolae Titulescu\u201d din Bucure\u015fti, \u00eempreun\u0103 cu Funda\u0163ia de Drept \u015fi Rela\u0163ii Interna\u0163ionale \u201cNicolae Titulescu\u201d organizeaz\u0103, \u00eencep\u00e2nd cu anul 2007, conferin\u0163a interna\u0163ional\u0103 \u201cProvoc\u0103rile Societ\u0103\u0163ii Cunoa\u015fterii\u201d (\u201cChallenges of the Knowledge Society\u201d &#8211; CKS), manifestare dedicat\u0103 cercet\u0103rii \u015ftiin\u0163ifice \u00een domeniul \u015ftiin\u0163elor sociale. Astfel, pe parcursul celor cinci edi\u0163ii desf\u0103\u015furate p\u00e2n\u0103 \u00een prezent, conferin\u0163a a prilejuit \u00eent\u00e2lnirea a numero\u015fi cercet\u0103tori at\u00e2t din \u0163ar\u0103 c\u00e2t \u015fi din str\u0103in\u0103tate (Spania, Germania, Italia, Fran\u0163a, Ungaria, Croa\u0163ia, SUA, Japonia, Finlanda, China, India, Pakistan, Turcia, Grecia, Ucraina, Serbia, Kosovo, Indonezia, Hong Kong, etc).<br>Domeniile de interes ale&nbsp;<strong><em>CKS<\/em><\/strong>&nbsp;sunt \u015ftiin\u0163ele juridice, \u015ftiin\u0163ele economice, administra\u0163ia public\u0103, \u015ftiin\u0163ele politice, studiile europene, rela\u0163iile interna\u0163ionale, domenii de preg\u0103tire \u00een care Universitatea \u201cNicolae Titulescu\u201d asigur\u0103, prin cele trei facult\u0103\u0163i acreditate, studii de licen\u0163\u0103, master \u015fi doctorat.<\/p>\n\n\n\n<p>Limba de desf\u0103\u015furare a&nbsp;<strong><em>CKS&nbsp;<\/em><\/strong>&nbsp;este exclusiv limba englez\u0103.<\/p>\n\n\n\n<p>Contribu\u0163iile \u015ftiin\u0163ifice \u00eenscrise \u00een fiecare edi\u0163ie a&nbsp;<strong><em>CKS<\/em><\/strong>, odat\u0103 parcurs\u0103 procedura evalu\u0103rii de c\u0103tre comitetul \u015ftiin\u0163ific constituit anual, sunt publicate, \u00een principal, \u00een volumul conferin\u0163ei,&nbsp;<strong><em>CKS eBook<\/em><\/strong>, periodic publicat \u00een parteneriat cu Editura \u201cPro Universitaria\u201d, recunoscut\u0103 CNCSIS. \u00cencep\u00e2nd cu edi\u0163ia a III-a, desf\u0103\u015furat\u0103 \u00een anul 2009, volumul conferin\u0163ei este indexat \u00een prestigioasa baz\u0103 de date EBSCO CEEAS, \u00een acest fel vizibilitatea interna\u0163ional\u0103 a produsului&nbsp; editat fiind asigurat\u0103 pe deplin. Totodat\u0103, o parte a studiilor \u00eenscrise \u015fi acceptate sunt publicate \u00een periodicul Universit\u0103\u0163ii \u201cNicolae Titulescu\u201d, Lex ET Scientia International Journal (<strong><em>LESIJ<\/em><\/strong>), clasificat din anul 2009 ca fiind B+ de c\u0103tre CNCSIS.&nbsp;<strong><em>LESIJ<\/em><\/strong>&nbsp;este indexat \u00een importante baze de date interna\u0163ionale (CEEOL, Index Copernicus, EBSCO CEEAS, VLex). Cre\u015fterea vizibilit\u0103\u0163ii interna\u0163ionale a fost asigurat\u0103 \u015fi prin includerea&nbsp;<strong><em>LESIJ&nbsp;<\/em><\/strong>\u00een cataloage \u015ftiin\u0163ifice interna\u0163ionale, cum ar fi British Library, Intute Library, Catalog George Town etc. Nu \u00een ultimul r\u00e2nd, cele mai semnificative studii \u00eenscrise \u00een domeniul de cercetare Dreptul propriet\u0103\u0163ii intelectuale sunt editate \u00een Revista Rom\u00e2n\u0103 de Dreptul Propriet\u0103\u0163ii Intelectuale, jurnal, de asemenea, clasificat B+ de c\u0103tre CNCSIS.<\/p>\n\n\n\n<p>An de an,&nbsp;<strong><em>CKS<\/em><\/strong>&nbsp;s-au bucurat de o larg\u0103 participare na\u0163ional\u0103, dar \u015fi interna\u0163ional\u0103, mari personalit\u0103\u0163i din domeniul \u015ftiin\u0163elor sociale particip\u00e2nd cu contribu\u0163ii \u015ftiin\u0163ifice deosebit de relevante.<\/p>\n\n\n\n<p>Viitorul&nbsp;<strong><em>CKS&nbsp;<\/em><\/strong>va \u00eensemna continuarea colabor\u0103rii cu Universitatea \u201cComplutense\u201d, at\u00e2t \u00een plan organizatoric, c\u00e2t \u015fi \u00een ceea ce prive\u015fte componen\u0163a comitetului \u015ftiin\u0163ific. De asemenea, comitetul de organizare are ca obiectiv imediat (stabilit inclusiv pentru edi\u0163ia din 2011) de a indexa volumul conferin\u0163ei,&nbsp;<strong><em>CKS eBook,&nbsp;<\/em><\/strong>&nbsp;\u00een baza de date Thomson Reuters.<\/p>\n\n\n\n<p>V\u0103 a\u015ftept\u0103m cu interes la lucr\u0103rile&nbsp;<strong><em>CKS<\/em><\/strong>&nbsp;\u015fi v\u0103 asigur\u0103m c\u0103 ne str\u0103duim s\u0103 transpunem \u00een practic\u0103 deviza Universit\u0103\u0163ii \u201cNicolae Titulescu\u201d: cercetare \u015ftiin\u0163ific\u0103 de calitate, profesionalism \u015fi exigen\u0163\u0103!!\n\n<\/p>\n","protected":false},"excerpt":{"rendered":"<p>Pentru pagina noua va rugam accesati: Universitatea \u201cNicolae Titulescu\u201d din Bucure\u015fti, \u00eempreun\u0103 cu Funda\u0163ia de Drept \u015fi Rela\u0163ii Interna\u0163ionale \u201cNicolae &hellip; <\/p>\n","protected":false},"author":1,"featured_media":0,"parent":0,"menu_order":0,"comment_status":"closed","ping_status":"closed","template":"","meta":{"_mi_skip_tracking":false},"_links":{"self":[{"href":"https:\/\/www2.univnt.ro\/index.php\/wp-json\/wp\/v2\/pages\/202"}],"collection":[{"href":"https:\/\/www2.univnt.ro\/index.php\/wp-json\/wp\/v2\/pages"}],"about":[{"href":"https:\/\/www2.univnt.ro\/index.php\/wp-json\/wp\/v2\/types\/page"}],"author":[{"embeddable":true,"href":"https:\/\/www2.univnt.ro\/index.php\/wp-json\/wp\/v2\/users\/1"}],"replies":[{"embeddable":true,"href":"https:\/\/www2.univnt.ro\/index.php\/wp-json\/wp\/v2\/comments?post=202"}],"version-history":[{"count":4,"href":"https:\/\/www2.univnt.ro\/index.php\/wp-json\/wp\/v2\/pages\/202\/revisions"}],"predecessor-version":[{"id":969,"href":"https:\/\/www2.univnt.ro\/index.php\/wp-json\/wp\/v2\/pages\/202\/revisions\/969"}],"wp:attachment":[{"href":"https:\/\/www2.univnt.ro\/index.php\/wp-json\/wp\/v2\/media?parent=202"}],"curies":[{"name":"wp","href":"https:\/\/api.w.org\/{rel}","templated":true}]}}