{"id":2868,"date":"2021-02-10T09:00:42","date_gmt":"2021-02-10T09:00:42","guid":{"rendered":"http:\/\/www.univnt.ro\/?page_id=2868"},"modified":"2022-03-14T13:12:48","modified_gmt":"2022-03-14T13:12:48","slug":"anunt-selectie-experti","status":"publish","type":"page","link":"https:\/\/www2.univnt.ro\/index.php\/anunt-selectie-experti\/","title":{"rendered":"ANUN\u0162 SELEC\u0162IE EXPER\u0162I"},"content":{"rendered":"\t\t<div data-elementor-type=\"wp-page\" data-elementor-id=\"2868\" class=\"elementor elementor-2868\">\n\t\t\t\t\t\t<div class=\"elementor-inner\">\n\t\t\t\t<div class=\"elementor-section-wrap\">\n\t\t\t\t\t\t\t\t\t<section class=\"elementor-section elementor-top-section elementor-element elementor-element-aad0823 elementor-section-boxed elementor-section-height-default elementor-section-height-default\" data-id=\"aad0823\" data-element_type=\"section\">\n\t\t\t\t\t\t<div class=\"elementor-container elementor-column-gap-default\">\n\t\t\t\t\t\t\t<div class=\"elementor-row\">\n\t\t\t\t\t<div class=\"elementor-column elementor-col-100 elementor-top-column elementor-element elementor-element-7dae3f8\" data-id=\"7dae3f8\" data-element_type=\"column\">\n\t\t\t<div class=\"elementor-column-wrap elementor-element-populated\">\n\t\t\t\t\t\t\t<div class=\"elementor-widget-wrap\">\n\t\t\t\t\t\t<div class=\"elementor-element elementor-element-41121f2 elementor-widget elementor-widget-text-editor\" data-id=\"41121f2\" data-element_type=\"widget\" data-widget_type=\"text-editor.default\">\n\t\t\t\t<div class=\"elementor-widget-container\">\n\t\t\t\t\t\t\t\t<div class=\"elementor-text-editor elementor-clearfix\">\n\t\t\t\t<p style=\"text-align: center;\"><strong>ANUN\u0162<\/strong><\/p><p style=\"text-align: center;\"><strong>privind selec\u0163ia evaluatorilor in cadrul Programului National pentru Reducerea Abandonului Scolar(PNRAs)<\/strong><\/p>\t\t\t\t\t<\/div>\n\t\t\t\t\t\t<\/div>\n\t\t\t\t<\/div>\n\t\t\t\t\t\t<\/div>\n\t\t\t\t\t<\/div>\n\t\t<\/div>\n\t\t\t\t\t\t\t\t<\/div>\n\t\t\t\t\t<\/div>\n\t\t<\/section>\n\t\t\t\t<section class=\"elementor-section elementor-top-section elementor-element elementor-element-6a534ca elementor-section-boxed elementor-section-height-default elementor-section-height-default\" data-id=\"6a534ca\" data-element_type=\"section\">\n\t\t\t\t\t\t<div class=\"elementor-container elementor-column-gap-default\">\n\t\t\t\t\t\t\t<div class=\"elementor-row\">\n\t\t\t\t\t<div class=\"elementor-column elementor-col-100 elementor-top-column elementor-element elementor-element-27661a1\" data-id=\"27661a1\" data-element_type=\"column\">\n\t\t\t<div class=\"elementor-column-wrap elementor-element-populated\">\n\t\t\t\t\t\t\t<div class=\"elementor-widget-wrap\">\n\t\t\t\t\t\t<div class=\"elementor-element elementor-element-125ed4b elementor-widget elementor-widget-accordion\" data-id=\"125ed4b\" data-element_type=\"widget\" data-widget_type=\"accordion.default\">\n\t\t\t\t<div class=\"elementor-widget-container\">\n\t\t\t\t\t<div class=\"elementor-accordion\" role=\"tablist\">\n\t\t\t\t\t\t\t<div class=\"elementor-accordion-item\">\n\t\t\t\t\t<div id=\"elementor-tab-title-1921\" class=\"elementor-tab-title\" data-tab=\"1\" role=\"tab\" aria-controls=\"elementor-tab-content-1921\" aria-expanded=\"false\">\n\t\t\t\t\t\t\t\t\t\t\t\t\t<span class=\"elementor-accordion-icon elementor-accordion-icon-left\" aria-hidden=\"true\">\n\t\t\t\t\t\t\t\t\t\t\t\t\t\t\t<span class=\"elementor-accordion-icon-closed\"><i class=\"fas fa-plus\"><\/i><\/span>\n\t\t\t\t\t\t\t\t<span class=\"elementor-accordion-icon-opened\"><i class=\"fas fa-minus\"><\/i><\/span>\n\t\t\t\t\t\t\t\t\t\t\t\t\t\t<\/span>\n\t\t\t\t\t\t\t\t\t\t\t\t<a class=\"elementor-accordion-title\" href=\"\">INFORMA\u0162II GENERALE<\/a>\n\t\t\t\t\t<\/div>\n\t\t\t\t\t<div id=\"elementor-tab-content-1921\" class=\"elementor-tab-content elementor-clearfix\" data-tab=\"1\" role=\"tabpanel\" aria-labelledby=\"elementor-tab-title-1921\"><p>Ministerul Educa\u0163iei apeleaz\u0103 la experien\u0163a \u015fi sprijinul dumneavoastr\u0103 \u00een cadrul Programului Na\u0163ional pentru Reducerea Abandonului \u015ecolar (PNRAs) lansat de cur\u00e2nd. Aceasta se adreseaz\u0103 unit\u0103\u0163ilor de \u00eenv\u0103\u0163\u0103m\u00e2nt de stat cu nivel gimnazial care grupeaz\u0103 un num\u0103r ridicat de elevi \u00een risc de abandon \u015fcolar sau cu performan\u0163\u0103 \u015fcolar\u0103 sc\u0103zut\u0103. Ne a\u015ftept\u0103m ca un num\u0103r de aproximativ 1200 de unit\u0103\u0163i de \u00eenv\u0103\u0163\u0103m\u00e2nt s\u0103 depun\u0103 cereri de finan\u0163are pentru accesarea fondurilor din aceast\u0103 schem\u0103 de granturi.<\/p><p>Pentru evaluarea cererilor de finan\u0163are ne dorim s\u0103 utiliz\u0103m experien\u0163a colegilor cadre didactice universitare \u015fi doctoranzi din facult\u0103\u0163i cu expertiz\u0103 \u00een domeniile \u015ftiin\u0163ele educa\u0163iei, \u015ftiin\u0163e sociale, asisten\u0163\u0103 social\u0103, psihologie, pedagogie.<\/p><p>\u0162in\u00e2nd cont de calendarul str\u00e2ns al apelului (impus prin PNRR), 31 martie 2022 fiind publicarea deciziei de finan\u0163are, v\u0103 rug\u0103m s\u0103 ne sprijini\u0163i \u00een demersul nostru \u015fi s\u0103 recomanda\u0163i exper\u0163ilor din universitatea Dvs. a se implica \u00een acest proces de evaluare. \u00eenregistrarea evaluatorilor se face prin platforma <a href=\"https:\/\/brainmap.ro\/evaluator-pnras\">https:\/\/brainmap.ro\/evaluator-pnras<\/a> (nu mai mult de 5 minute), p\u00e2n\u0103 \u00een data de 15 martie 2022 ora 17:00. Activitatea de evaluare este remunerat\u0103, cuantumul este de 150 lei brut\/cerere de finan\u0163are evaluat\u0103 (max.10 pagini). Persoanele care accept\u0103 invita\u0163ia de a se implica \u00een acest proces de evaluare vor beneficia de o sesiune de formare privind metodologia de evaluare \u015fi utilizarea platformei.<\/p><p>Informa\u0163ii mai detaliate privind PNRAS \u015fi aceast\u0103 schem\u0103 de granturi sunt disponible la adresa <a href=\"http:\/\/www.edu.ro\/PNRR\">www.edu.ro\/PNRR<\/a>. Derularea schemei de granturi se realizeaz\u0103 cu sprijinul UEFISCDI.\u00a0<\/p><\/div>\n\t\t\t\t<\/div>\n\t\t\t\t\t\t\t\t<\/div>\n\t\t\t\t<\/div>\n\t\t\t\t<\/div>\n\t\t\t\t\t\t<\/div>\n\t\t\t\t\t<\/div>\n\t\t<\/div>\n\t\t\t\t\t\t\t\t<\/div>\n\t\t\t\t\t<\/div>\n\t\t<\/section>\n\t\t\t\t<section class=\"elementor-section elementor-top-section elementor-element elementor-element-9d0aefa elementor-section-boxed elementor-section-height-default elementor-section-height-default\" data-id=\"9d0aefa\" data-element_type=\"section\">\n\t\t\t\t\t\t<div class=\"elementor-container elementor-column-gap-default\">\n\t\t\t\t\t\t\t<div class=\"elementor-row\">\n\t\t\t\t\t<div class=\"elementor-column elementor-col-100 elementor-top-column elementor-element elementor-element-67b499e\" data-id=\"67b499e\" data-element_type=\"column\">\n\t\t\t<div class=\"elementor-column-wrap elementor-element-populated\">\n\t\t\t\t\t\t\t<div class=\"elementor-widget-wrap\">\n\t\t\t\t\t\t<div class=\"elementor-element elementor-element-464e797 elementor-widget elementor-widget-html\" data-id=\"464e797\" data-element_type=\"widget\" data-widget_type=\"html.default\">\n\t\t\t\t<div class=\"elementor-widget-container\">\n\t\t\t<script> \r\njQuery(document).ready(function($) { \r\nvar delay = 100; setTimeout(function() { \r\n$('.elementor-tab-title').removeClass('elementor-active');\r\n $('.elementor-tab-content').css('display', 'none'); }, delay); \r\n}); \r\n<\/script>\t\t<\/div>\n\t\t\t\t<\/div>\n\t\t\t\t\t\t<\/div>\n\t\t\t\t\t<\/div>\n\t\t<\/div>\n\t\t\t\t\t\t\t\t<\/div>\n\t\t\t\t\t<\/div>\n\t\t<\/section>\n\t\t\t\t\t\t\t\t\t<\/div>\n\t\t\t<\/div>\n\t\t\t\t\t<\/div>\n\t\t","protected":false},"excerpt":{"rendered":"<p>ANUN\u0162 privind selec\u0163ia evaluatorilor in cadrul Programului National pentru Reducerea Abandonului Scolar(PNRAs) INFORMA\u0162II GENERALE Ministerul Educa\u0163iei apeleaz\u0103 la experien\u0163a \u015fi &hellip; <\/p>\n","protected":false},"author":1,"featured_media":0,"parent":0,"menu_order":0,"comment_status":"closed","ping_status":"closed","template":"","meta":{"_mi_skip_tracking":false},"_links":{"self":[{"href":"https:\/\/www2.univnt.ro\/index.php\/wp-json\/wp\/v2\/pages\/2868"}],"collection":[{"href":"https:\/\/www2.univnt.ro\/index.php\/wp-json\/wp\/v2\/pages"}],"about":[{"href":"https:\/\/www2.univnt.ro\/index.php\/wp-json\/wp\/v2\/types\/page"}],"author":[{"embeddable":true,"href":"https:\/\/www2.univnt.ro\/index.php\/wp-json\/wp\/v2\/users\/1"}],"replies":[{"embeddable":true,"href":"https:\/\/www2.univnt.ro\/index.php\/wp-json\/wp\/v2\/comments?post=2868"}],"version-history":[{"count":31,"href":"https:\/\/www2.univnt.ro\/index.php\/wp-json\/wp\/v2\/pages\/2868\/revisions"}],"predecessor-version":[{"id":4585,"href":"https:\/\/www2.univnt.ro\/index.php\/wp-json\/wp\/v2\/pages\/2868\/revisions\/4585"}],"wp:attachment":[{"href":"https:\/\/www2.univnt.ro\/index.php\/wp-json\/wp\/v2\/media?parent=2868"}],"curies":[{"name":"wp","href":"https:\/\/api.w.org\/{rel}","templated":true}]}}