{"id":3034,"date":"2021-03-10T08:10:53","date_gmt":"2021-03-10T08:10:53","guid":{"rendered":"http:\/\/www.univnt.ro\/?page_id=3034"},"modified":"2021-03-11T11:37:50","modified_gmt":"2021-03-11T11:37:50","slug":"protectia-integritatii-organizatiilor","status":"publish","type":"page","link":"https:\/\/www2.univnt.ro\/index.php\/facultati\/facultatea-de-relatii-internationale-si-administratie\/protectia-integritatii-organizatiilor\/","title":{"rendered":"PROTECTIA INTEGRITATII ORGANIZATIILOR"},"content":{"rendered":"\t\t<div data-elementor-type=\"wp-page\" data-elementor-id=\"3034\" class=\"elementor elementor-3034\">\n\t\t\t\t\t\t<div class=\"elementor-inner\">\n\t\t\t\t<div class=\"elementor-section-wrap\">\n\t\t\t\t\t\t\t\t\t<section class=\"elementor-section elementor-top-section elementor-element elementor-element-63d72e77 elementor-section-boxed elementor-section-height-default elementor-section-height-default\" data-id=\"63d72e77\" data-element_type=\"section\">\n\t\t\t\t\t\t<div class=\"elementor-container elementor-column-gap-default\">\n\t\t\t\t\t\t\t<div class=\"elementor-row\">\n\t\t\t\t\t<div class=\"elementor-column elementor-col-100 elementor-top-column elementor-element elementor-element-4e11dc09\" data-id=\"4e11dc09\" data-element_type=\"column\">\n\t\t\t<div class=\"elementor-column-wrap elementor-element-populated\">\n\t\t\t\t\t\t\t<div class=\"elementor-widget-wrap\">\n\t\t\t\t\t\t<div class=\"elementor-element elementor-element-109a0e4 elementor-widget elementor-widget-text-editor\" data-id=\"109a0e4\" data-element_type=\"widget\" data-widget_type=\"text-editor.default\">\n\t\t\t\t<div class=\"elementor-widget-container\">\n\t\t\t\t\t\t\t\t<div class=\"elementor-text-editor elementor-clearfix\">\n\t\t\t\t<!-- wp:shortcode -->\n<div id=\"accordions-3036\" class=\"accordions-3036 accordions\">\r\n                <div id=\"accordions-lazy-3036\" class=\"accordions-lazy\">\r\n                    <\/div>\r\n        <script>\r\n            jQuery(window).load(function() {\r\n                jQuery('#accordions-lazy-3036').fadeOut();\r\n                jQuery('#accordions-3036 .items').fadeIn();\r\n            });\r\n        <\/script><style type='text\/css'>\r\n        @media only screen and (min-width: 1024px) {\r\n            #accordions-3036 {\r\n                width: 100%;\r\n                            }\r\n        }\r\n\r\n        @media only screen and (min-width: 768px) and (max-width: 1023px) {\r\n            #accordions-3036 {\r\n                width: 100%;\r\n                            }\r\n        }\r\n\r\n        @media only screen and (min-width: 0px) and (max-width: 767px) {\r\n            #accordions-3036 {\r\n                width: 100%;\r\n                            }\r\n        }\r\n\r\n        #accordions-3036 .items {\r\n            display: none;\r\n        }\r\n\r\n        #accordions-3036 .accordions-lazy {\r\n            text-align: center;\r\n            position: absolute;\r\n            top: 50%;\r\n            left: 50%;\r\n            transform: translate(-50%, -50%);\r\n        }\r\n\r\n        #accordions-3036 {\r\n            text-align: left;\r\n            background: #ffffff url() repeat scroll 0 0;\r\n            position: relative;\r\n        }\r\n\r\n        #accordions-3036 .accordions-head {\r\n            background: #1e73be none repeat scroll 0 0;\r\n            \r\n                        outline: none;\r\n        }\r\n\r\n        #accordions-3036 .accordions-head-title {\r\n            color: #ffffff;\r\n            font-size: 16px;\r\n                    }\r\n\r\n        #accordions-3036 .accordions-head-title-toggle {\r\n            color: #ffffff;\r\n            font-size: 16px;\r\n                    }\r\n\r\n        #accordions-3036 .accordions-head:hover .accordions-head-title {\r\n            color: #ffffff;\r\n                    }\r\n\r\n        #accordions-3036 .ui-state-active {\r\n            background: #174e7f;\r\n            border: none;\r\n        }\r\n\r\n        #accordions-3036 .accordion-content {\r\n            background: #ffffff none repeat scroll 0 0;\r\n            border: none;\r\n        }\r\n\r\n        #accordions-3036 .accordion-icons {\r\n                    }\r\n\r\n        #accordions-3036 .accordions-head:hover .accordion-icons span {\r\n                    }\r\n\r\n            <\/style>\r\n<div class=\"items\">\r\n                        <div post_id=\"3036\" itemcount=\"0\" header_id=\"header-1597478577336\" id=\"header-1597478577336\" style=\"\" class=\"accordions-head head1597478577336 border-none\" toggle-text=\"\" main-text=\"ORAR\">\r\n                                            <span id=\"accordion-icons-1597478577336\" class=\"accordion-icons\">\r\n                            <span class=\"accordion-icon-active accordion-plus\"><i class=\"fas fa-chevron-up\"><\/i><\/span>\r\n                            <span class=\"accordion-icon-inactive accordion-minus\"><i class=\"fas fa-chevron-right\"><\/i><\/span>\r\n                        <\/span>\r\n                        <span id=\"header-text-1597478577336\" class=\"accordions-head-title\">ORAR<\/span>\r\n                                    <\/div>\r\n                <div class=\"accordion-content content1597478577336 \">\r\n                                    <\/div>\r\n                        <div post_id=\"3036\" itemcount=\"1\" header_id=\"header-1599659574485\" id=\"header-1599659574485\" style=\"\" class=\"accordions-head head1599659574485 border-none\" toggle-text=\"\" main-text=\"ANUN\u0162URI\">\r\n                                            <span id=\"accordion-icons-1599659574485\" class=\"accordion-icons\">\r\n                            <span class=\"accordion-icon-active accordion-plus\"><i class=\"fas fa-chevron-up\"><\/i><\/span>\r\n                            <span class=\"accordion-icon-inactive accordion-minus\"><i class=\"fas fa-chevron-right\"><\/i><\/span>\r\n                        <\/span>\r\n                        <span id=\"header-text-1599659574485\" class=\"accordions-head-title\">ANUN\u0162URI<\/span>\r\n                                    <\/div>\r\n                <div class=\"accordion-content content1599659574485 \">\r\n                                    <\/div>\r\n                        <div post_id=\"3036\" itemcount=\"2\" header_id=\"header-1597478588082\" id=\"header-1597478588082\" style=\"\" class=\"accordions-head head1597478588082 border-none\" toggle-text=\"\" main-text=\"EXAMENE\">\r\n                                            <span id=\"accordion-icons-1597478588082\" class=\"accordion-icons\">\r\n                            <span class=\"accordion-icon-active accordion-plus\"><i class=\"fas fa-chevron-up\"><\/i><\/span>\r\n                            <span class=\"accordion-icon-inactive accordion-minus\"><i class=\"fas fa-chevron-right\"><\/i><\/span>\r\n                        <\/span>\r\n                        <span id=\"header-text-1597478588082\" class=\"accordions-head-title\">EXAMENE<\/span>\r\n                                    <\/div>\r\n                <div class=\"accordion-content content1597478588082 \">\r\n                                    <\/div>\r\n                        <div post_id=\"3036\" itemcount=\"3\" header_id=\"header-1599659577423\" id=\"header-1599659577423\" style=\"\" class=\"accordions-head head1599659577423 border-none\" toggle-text=\"\" main-text=\"REEXAMIN\u0102RI\">\r\n                                            <span id=\"accordion-icons-1599659577423\" class=\"accordion-icons\">\r\n                            <span class=\"accordion-icon-active accordion-plus\"><i class=\"fas fa-chevron-up\"><\/i><\/span>\r\n                            <span class=\"accordion-icon-inactive accordion-minus\"><i class=\"fas fa-chevron-right\"><\/i><\/span>\r\n                        <\/span>\r\n                        <span id=\"header-text-1599659577423\" class=\"accordions-head-title\">REEXAMIN\u0102RI<\/span>\r\n                                    <\/div>\r\n                <div class=\"accordion-content content1599659577423 \">\r\n                                    <\/div>\r\n                        <div post_id=\"3036\" itemcount=\"4\" header_id=\"header-1599659580054\" id=\"header-1599659580054\" style=\"\" class=\"accordions-head head1599659580054 border-none\" toggle-text=\"\" main-text=\"RESTAN\u0162E\">\r\n                                            <span id=\"accordion-icons-1599659580054\" class=\"accordion-icons\">\r\n                            <span class=\"accordion-icon-active accordion-plus\"><i class=\"fas fa-chevron-up\"><\/i><\/span>\r\n                            <span class=\"accordion-icon-inactive accordion-minus\"><i class=\"fas fa-chevron-right\"><\/i><\/span>\r\n                        <\/span>\r\n                        <span id=\"header-text-1599659580054\" class=\"accordions-head-title\">RESTAN\u0162E<\/span>\r\n                                    <\/div>\r\n                <div class=\"accordion-content content1599659580054 \">\r\n                                    <\/div>\r\n                        <div post_id=\"3036\" itemcount=\"5\" header_id=\"header-1597478605663\" id=\"header-1597478605663\" style=\"\" class=\"accordions-head head1597478605663 border-none\" toggle-text=\"\" main-text=\"STRUCTURA ANULUI UNIVERSITAR\">\r\n                                            <span id=\"accordion-icons-1597478605663\" class=\"accordion-icons\">\r\n                            <span class=\"accordion-icon-active accordion-plus\"><i class=\"fas fa-chevron-up\"><\/i><\/span>\r\n                            <span class=\"accordion-icon-inactive accordion-minus\"><i class=\"fas fa-chevron-right\"><\/i><\/span>\r\n                        <\/span>\r\n                        <span id=\"header-text-1597478605663\" class=\"accordions-head-title\">STRUCTURA ANULUI UNIVERSITAR<\/span>\r\n                                    <\/div>\r\n                <div class=\"accordion-content content1597478605663 \">\r\n                                    <\/div>\r\n                        <div post_id=\"3036\" itemcount=\"6\" header_id=\"header-1597478626642\" id=\"header-1597478626642\" style=\"\" class=\"accordions-head head1597478626642 border-none\" toggle-text=\"\" main-text=\"DISERTA\u0162IE\">\r\n                                            <span id=\"accordion-icons-1597478626642\" class=\"accordion-icons\">\r\n                            <span class=\"accordion-icon-active accordion-plus\"><i class=\"fas fa-chevron-up\"><\/i><\/span>\r\n                            <span class=\"accordion-icon-inactive accordion-minus\"><i class=\"fas fa-chevron-right\"><\/i><\/span>\r\n                        <\/span>\r\n                        <span id=\"header-text-1597478626642\" class=\"accordions-head-title\">DISERTA\u0162IE<\/span>\r\n                                    <\/div>\r\n                <div class=\"accordion-content content1597478626642 \">\r\n                                    <\/div>\r\n                        <div post_id=\"3036\" itemcount=\"7\" header_id=\"header-1597478643548\" id=\"header-1597478643548\" style=\"\" class=\"accordions-head head1597478643548 border-none\" toggle-text=\"\" main-text=\"DISCIPLINE\">\r\n                                            <span id=\"accordion-icons-1597478643548\" class=\"accordion-icons\">\r\n                            <span class=\"accordion-icon-active accordion-plus\"><i class=\"fas fa-chevron-up\"><\/i><\/span>\r\n                            <span class=\"accordion-icon-inactive accordion-minus\"><i class=\"fas fa-chevron-right\"><\/i><\/span>\r\n                        <\/span>\r\n                        <span id=\"header-text-1597478643548\" class=\"accordions-head-title\">DISCIPLINE<\/span>\r\n                                    <\/div>\r\n                <div class=\"accordion-content content1597478643548 \">\r\n                                    <\/div>\r\n            <\/div>\r\n    <script>\r\n        jQuery(document).ready(function($) {\r\n            accordions_active_index_3036 = [];\r\n                })\r\n    <\/script>    <script>\r\n        jQuery(document).ready(function($) {\r\n            accordion_3036 = $(\"#accordions-3036 .items\").accordion({\r\n                event: \"click\",\r\n                collapsible: true,\r\n                heightStyle: \"content\",\r\n                animate: (\"swing\", 1000),\r\n                navigation: true,\r\n                active: 999,\r\n                            });\r\n        })\r\n    <\/script>\r\n                <\/div>\n<!-- \/wp:shortcode -->\t\t\t\t\t<\/div>\n\t\t\t\t\t\t<\/div>\n\t\t\t\t<\/div>\n\t\t\t\t\t\t<\/div>\n\t\t\t\t\t<\/div>\n\t\t<\/div>\n\t\t\t\t\t\t\t\t<\/div>\n\t\t\t\t\t<\/div>\n\t\t<\/section>\n\t\t\t\t<section class=\"elementor-section elementor-top-section elementor-element elementor-element-8df0aa1 elementor-section-boxed elementor-section-height-default elementor-section-height-default\" data-id=\"8df0aa1\" data-element_type=\"section\">\n\t\t\t\t\t\t<div class=\"elementor-container elementor-column-gap-default\">\n\t\t\t\t\t\t\t<div class=\"elementor-row\">\n\t\t\t\t\t<div class=\"elementor-column elementor-col-100 elementor-top-column elementor-element elementor-element-4cfa795\" data-id=\"4cfa795\" data-element_type=\"column\">\n\t\t\t<div class=\"elementor-column-wrap elementor-element-populated\">\n\t\t\t\t\t\t\t<div class=\"elementor-widget-wrap\">\n\t\t\t\t\t\t<div class=\"elementor-element elementor-element-a1cc2d6 elementor-widget elementor-widget-text-editor\" data-id=\"a1cc2d6\" data-element_type=\"widget\" data-widget_type=\"text-editor.default\">\n\t\t\t\t<div class=\"elementor-widget-container\">\n\t\t\t\t\t\t\t\t<div class=\"elementor-text-editor elementor-clearfix\">\n\t\t\t\t<p>Programul de studii de masterat &#8211; <strong>Protec\u021bia Integrit\u0103\u021bii Organiza\u021biilor<\/strong> &#8211; r\u0103spunde noilor cerin\u021be care se manifest\u0103 pe pia\u021ba for\u021bei de munc\u0103 din Rom\u00e2nia, exist\u00e2nd o cerere mare de speciali\u0219ti \u00een domeniul protec\u021biei integrit\u0103\u021bii organiza\u021biilor publice \u0219i private. Persoanele care ocup\u0103 diverse func\u021bii \u00een cadrul organiza\u021biilor trebuie s\u0103 dob\u00e2ndeasc\u0103 anumite competen\u021be noi, a c\u0103ror necesitate a ap\u0103rut ca urmare a schimb\u0103rii legisla\u021biei \u0219i a standardelor administrative la nivel european \u0219i na\u021bional, dintre care amintim: regulile de integritate organiza\u021bional\u0103; regulile de protec\u021bie \u00eempotriva corup\u021biei; regulile de manipulare a datelor cu caracter personal; sistemul de prevenire \u0219i combatere a sp\u0103l\u0103rii banilor; managementul riscurilor; codurile de integritate; avertizorii de integritate; ofi\u021berii de integritate \u0219.a.<\/p>\n<p>Programul de studii de respectiv este organizat potrivit criteriilor, standardelor \u015fi indicatorilor de performan\u0163\u0103 stabili\u0163i de Agen\u021bia Rom\u00e2n\u0103 de Asigurare a Calit\u0103\u021bii \u00een \u00cenv\u0103\u021b\u0103m\u00e2ntul Superior (ARACIS). Programul este planificat s\u0103 se desf\u0103\u015foare pe durata a 4 semestre, av\u00e2nd ca prioritate cercetarea \u015ftiin\u0163ific\u0103, dar asigur\u00e2nd \u00een acela\u015fi timp \u015fi preg\u0103tire profesional\u0103, prin acumularea de cuno\u015ftin\u0163e teoretice \u015fi competen\u0163e practice, f\u0103c\u00e2nd astfel posibil\u0103 dezvoltarea carierei \u00een domeniul \u015ftiin\u0163elor administrative. Programul de master are caracter dinamic prin continua armonizare cu programele de \u00eenv\u0103\u0163\u0103m\u00e2nt la nivel european \u015fi, mai ales, prin promovarea parteneriatului cu facult\u0103\u0163i de profil din Europa.<\/p>\n<p><div class='yrm-content yrm-content-18 yrm-content-hide' id='yrm-VxheM' data-id='18' data-show-status='false' data-after-action=''>\n\t\t\t<div id='yrm-inner-content-yrm-VxheM' class='yrm-inner-content-wrapper yrm-cntent-18'><\/p>\n<p>Programul de studii de master <strong>Protec\u0163ia Integrit\u0103\u0163ii Organiza\u0163iilor<\/strong> urm\u0103re\u015fte calific\u0103ri profesionale specifice administra\u0163iei publice. Astfel, acest program are ca misiune preg\u0103tirea licen\u021bia\u021bilor \u00een administra\u021bie public\u0103, rela\u021bii europene \u0219i studii europene, \u0219tiin\u021be economice etc. \u00een domeniul protec\u021biei integrit\u0103\u021bii organiza\u021biilor, domemiu care a devenit un element esen\u021bial pentru buna func\u021bionare \u0219i succesul social al oric\u0103rei organiza\u021bii.<\/p>\n<p>Planul de \u00eenv\u0103\u0163\u0103m\u00e2nt abordeaz\u0103 domeniul larg al protec\u0163iei integrit\u0103\u0163ii organiza\u0163iilor, \u00een contextul socio-economic actual. Disciplinele ce vor fi studiate pe parcursul celor doi ani sunt structurate \u00een a\u0219a fel \u00eenc\u00e2t s\u0103 ofere at\u00e2t o perspectiv\u0103 teoretic\u0103 c\u00e2t \u0219i una practic\u0103 \u00een acest domeniu.<\/p>\n<p>Obiectivele programului de studii de master<strong> Protec\u021bia Integrit\u0103\u021bii Organiza\u0163iilor<\/strong> pot fi sintetizate astfel:<\/p>\n<ul>\n<li>s\u0103 permit\u0103 masteranzilor acumularea unor cuno\u015ftin\u0163e aprofundate privind protec\u021bia integrit\u0103\u021bii \u00een organiza\u021biile publice \u0219i private, precum \u0219i \u00eensu\u015firea practicilor de lucru moderne pentru o carier\u0103 profesional\u0103 de succes \u00een domeniu;<\/li>\n<li>s\u0103 contribuie la formarea unui corp de manageri publici sau priva\u021bi profesioni\u015fti cu abilit\u0103\u0163i \u015fi cuno\u015ftin\u0163e avansate \u00een protec\u021bia integrit\u0103\u021bii organiza\u021biilor;<\/li>\n<li>s\u0103 \u00eei preg\u0103teasc\u0103 pe masteranzi s\u0103 aplice teoriile manageriale \u015fi instrumentele de analiz\u0103, pentru a aborda cu succes viitoarele responsabilit\u0103\u0163ile ca manageri publici sau priva\u021bi.<\/li>\n<\/ul>\n<p>Debu\u015feele profesionale ale absolven\u0163ilor specializ\u0103rii programului de studii de master sunt:<\/p>\n<ul>\n<li>organiza\u021bii publice din toate domeniile;<\/li>\n<li>organiza\u0163ii economice publice sau private pentru func\u021bii sau ocupa\u021bii precum: DPO, ofi\u021beri de etic\u0103 \u0219i integritate; persoane responsabile cu politicile contra sp\u0103l\u0103rii banilor sau anticorup\u021bie; manageri de risc;<\/li>\n<li>asocia\u0163ii \u015fi funda\u0163ii care func\u0163ioneaz\u0103 \u00een scopuri nonprofit \u015fi \u00een slujba cet\u0103\u0163enilor;<\/li>\n<li>institu\u021bii financiare sau bancare;<\/li>\n<li>auditori specializa\u021bi \u00een domeniul protec\u021biei integrit\u0103\u021bii;<\/li>\n<\/ul>\n<p>activit\u0103\u0163i de cercetare, consultan\u021b\u0103 sau consiliere \u00een domeniul protec\u021biei integrit\u0103\u021bii \u0219i managementului riscurilor<\/p>\n<p><\/div>\n\t\t<\/div><div class='yrm-btn-wrapper yrm-btn-wrapper-18 yrm-more-button-wrapper '\n\t\tdata-custom-more-class-name='' data-custom-less-class-name=''><span title='' data-less-title='' data-more-title='' class='yrm-toggle-expand  yrm-toggle-expand-18 ' data-rel='yrm-VxheM' data-more='Mai mult' data-less='Mai pu\u021bin'><span class='yrm-text-wrapper yrm-text-wrapper-custom-dimensions'><span class=\"yrm-button-text-18\">Mai mult<\/span><\/span><\/span><\/div><\/p>\n<p>\u00a0<\/p>\t\t\t\t\t<\/div>\n\t\t\t\t\t\t<\/div>\n\t\t\t\t<\/div>\n\t\t\t\t\t\t<\/div>\n\t\t\t\t\t<\/div>\n\t\t<\/div>\n\t\t\t\t\t\t\t\t<\/div>\n\t\t\t\t\t<\/div>\n\t\t<\/section>\n\t\t\t\t\t\t\t\t\t<\/div>\n\t\t\t<\/div>\n\t\t\t\t\t<\/div>\n\t\t","protected":false},"excerpt":{"rendered":"<p>Programul de studii de masterat &#8211; Protec\u021bia Integrit\u0103\u021bii Organiza\u021biilor &#8211; r\u0103spunde noilor cerin\u021be care se manifest\u0103 pe pia\u021ba for\u021bei de &hellip; <\/p>\n","protected":false},"author":1,"featured_media":0,"parent":134,"menu_order":0,"comment_status":"closed","ping_status":"closed","template":"","meta":{"_mi_skip_tracking":false},"_links":{"self":[{"href":"https:\/\/www2.univnt.ro\/index.php\/wp-json\/wp\/v2\/pages\/3034"}],"collection":[{"href":"https:\/\/www2.univnt.ro\/index.php\/wp-json\/wp\/v2\/pages"}],"about":[{"href":"https:\/\/www2.univnt.ro\/index.php\/wp-json\/wp\/v2\/types\/page"}],"author":[{"embeddable":true,"href":"https:\/\/www2.univnt.ro\/index.php\/wp-json\/wp\/v2\/users\/1"}],"replies":[{"embeddable":true,"href":"https:\/\/www2.univnt.ro\/index.php\/wp-json\/wp\/v2\/comments?post=3034"}],"version-history":[{"count":14,"href":"https:\/\/www2.univnt.ro\/index.php\/wp-json\/wp\/v2\/pages\/3034\/revisions"}],"predecessor-version":[{"id":3053,"href":"https:\/\/www2.univnt.ro\/index.php\/wp-json\/wp\/v2\/pages\/3034\/revisions\/3053"}],"up":[{"embeddable":true,"href":"https:\/\/www2.univnt.ro\/index.php\/wp-json\/wp\/v2\/pages\/134"}],"wp:attachment":[{"href":"https:\/\/www2.univnt.ro\/index.php\/wp-json\/wp\/v2\/media?parent=3034"}],"curies":[{"name":"wp","href":"https:\/\/api.w.org\/{rel}","templated":true}]}}