{"id":40,"date":"2020-07-04T12:24:10","date_gmt":"2020-07-04T12:24:10","guid":{"rendered":"http:\/\/www.univnt.ro\/?page_id=40"},"modified":"2022-05-31T07:01:27","modified_gmt":"2022-05-31T07:01:27","slug":"program-biblioteca","status":"publish","type":"page","link":"https:\/\/www2.univnt.ro\/index.php\/biblioteca\/program-biblioteca\/","title":{"rendered":"PROGRAM BIBLIOTEC\u0102"},"content":{"rendered":"\t\t<div data-elementor-type=\"wp-page\" data-elementor-id=\"40\" class=\"elementor elementor-40\">\n\t\t\t\t\t\t<div class=\"elementor-inner\">\n\t\t\t\t<div class=\"elementor-section-wrap\">\n\t\t\t\t\t\t\t\t\t<section class=\"elementor-section elementor-top-section elementor-element elementor-element-9212121 elementor-section-boxed elementor-section-height-default elementor-section-height-default\" data-id=\"9212121\" data-element_type=\"section\">\n\t\t\t\t\t\t<div class=\"elementor-container elementor-column-gap-default\">\n\t\t\t\t\t\t\t<div class=\"elementor-row\">\n\t\t\t\t\t<div class=\"elementor-column elementor-col-100 elementor-top-column elementor-element elementor-element-ca38cfb\" data-id=\"ca38cfb\" data-element_type=\"column\">\n\t\t\t<div class=\"elementor-column-wrap elementor-element-populated\">\n\t\t\t\t\t\t\t<div class=\"elementor-widget-wrap\">\n\t\t\t\t\t\t<div class=\"elementor-element elementor-element-5fb2746 elementor-widget elementor-widget-heading\" data-id=\"5fb2746\" data-element_type=\"widget\" data-widget_type=\"heading.default\">\n\t\t\t\t<div class=\"elementor-widget-container\">\n\t\t\t<h2 class=\"elementor-heading-title elementor-size-default\">MIERCURI, 1 IUNIE 2022, BIBLIOTECA ESTE \u00ceNCHIS\u0102\n<\/h2>\t\t<\/div>\n\t\t\t\t<\/div>\n\t\t\t\t\t\t<\/div>\n\t\t\t\t\t<\/div>\n\t\t<\/div>\n\t\t\t\t\t\t\t\t<\/div>\n\t\t\t\t\t<\/div>\n\t\t<\/section>\n\t\t\t\t<section class=\"elementor-section elementor-top-section elementor-element elementor-element-42119f12 elementor-section-boxed elementor-section-height-default elementor-section-height-default\" data-id=\"42119f12\" data-element_type=\"section\">\n\t\t\t\t\t\t<div class=\"elementor-container elementor-column-gap-default\">\n\t\t\t\t\t\t\t<div class=\"elementor-row\">\n\t\t\t\t\t<div class=\"elementor-column elementor-col-100 elementor-top-column elementor-element elementor-element-a5bb17f\" data-id=\"a5bb17f\" data-element_type=\"column\">\n\t\t\t<div class=\"elementor-column-wrap elementor-element-populated\">\n\t\t\t\t\t\t\t<div class=\"elementor-widget-wrap\">\n\t\t\t\t\t\t<div class=\"elementor-element elementor-element-37446717 elementor-widget elementor-widget-text-editor\" data-id=\"37446717\" data-element_type=\"widget\" data-widget_type=\"text-editor.default\">\n\t\t\t\t<div class=\"elementor-widget-container\">\n\t\t\t\t\t\t\t\t<div class=\"elementor-text-editor elementor-clearfix\">\n\t\t\t\t<p><!-- wp:image {\"id\":3659,\"sizeSlug\":\"large\"} --><\/p>\n<figure class=\"wp-block-image size-large\"><\/figure>\n<p><!-- \/wp:image --><!-- wp:paragraph --><\/p>\n<p><img loading=\"lazy\" class=\"wp-image-3659 aligncenter\" src=\"http:\/\/www.univnt.ro\/wp-content\/uploads\/Program-pe-site-1-1024x553.png\" alt=\"\" width=\"529\" height=\"286\" srcset=\"https:\/\/www2.univnt.ro\/wp-content\/uploads\/Program-pe-site-1-1024x553.png 1024w, https:\/\/www2.univnt.ro\/wp-content\/uploads\/Program-pe-site-1-300x162.png 300w, https:\/\/www2.univnt.ro\/wp-content\/uploads\/Program-pe-site-1-768x415.png 768w, https:\/\/www2.univnt.ro\/wp-content\/uploads\/Program-pe-site-1.png 1113w\" sizes=\"(max-width: 529px) 100vw, 529px\" \/><\/p>\n<p><!-- \/wp:list --><!-- wp:paragraph --><\/p>\n<p>Publica\u021biile bibliotecii nu se \u00eemprumut\u0103 la domiciliu.<\/p>\n<p><!-- \/wp:paragraph --><!-- wp:paragraph --><\/p>\n<p>Accesul la xerox este teporar suspendat, dar este permis\u0103 fotografierea \u00een regim de 30 pagini\/volum\/zi.<\/p>\n<p><!-- \/wp:paragraph --><!-- wp:paragraph --><\/p>\n<p>Permisul de acces se ob\u021bine conform prevederilor specificate la rubrica de mai jos, <strong><em>ELIBER\u0102RI PERMISE, <\/em><\/strong>unde sunt men\u021bionate documentele necesare.<\/p>\n<p><!-- \/wp:paragraph --><!-- wp:paragraph --><\/p>\n<p><!-- \/wp:paragraph --><!-- wp:paragraph --><\/p>\n<p><!-- \/wp:paragraph --><!-- wp:paragraph {\"textColor\":\"vivid-red\"} --><\/p>\n<p class=\"has-vivid-red-color has-text-color\"><strong>V\u0103 recomand\u0103m ca pe perioada lecturii \u00een sal\u0103 s\u0103 purta\u0163i masca de protec\u021bie!<\/strong><\/p>\n<p><!-- \/wp:paragraph --><!-- wp:separator --><\/p>\n<hr class=\"wp-block-separator\" \/>\n<p><!-- \/wp:separator --><!-- wp:paragraph --><\/p>\n<p><strong>ELIBERAREA PERMISELOR<\/strong><br \/>Permisele se elibereaza la Biblioteca Universitatii \u201cN. Titulescu\u201d in cadrul programului de la sala de lectura. (Etajul II, camera 69)<br \/>Permisul este valabil pe durata studiilor universitare si trebuie vizat la inceputul fiecarui an universitar.<\/p>\n<p><strong>DOCUMENTE NECESARE PENTRU ELIBERAREA PERMISULUI.<\/strong><br \/>\u2013<strong>STUDENTI<\/strong>: C.I., fotografie tip legitimatie,carnetul de student vizat pe anul universitar in curs (chitanta de plata a taxei sau adeverinta eliberata de secretariat).<br \/>\u2013<strong>MASTERANZI<\/strong>: C.I., fotografie tip legitimatie, carnetul de student masterand vizat pe anul in curs (chitanta de plata a taxei sau adeverinta eliberata de secretariat).<br \/>\u2013<strong>DOCTORANZI<\/strong>: C.I., fotografie tip legitimatie, adeverinta de inscriere la doctorat.<br \/>\u2013<strong>CADRE DIDACTICE DIN UNIVERSITATE:<\/strong>: C.I., legitimatia de serviciu vizata.<\/p>\n<p><!-- \/wp:paragraph --><!-- wp:paragraph {\"textColor\":\"vivid-red\"} --><\/p>\n<p class=\"has-vivid-red-color has-text-color\"><strong>PERMISUL SE ELIBEREAZA GRATUIT!<\/strong><\/p>\n<p><!-- \/wp:paragraph --><!-- wp:paragraph {\"textColor\":\"vivid-red\"} --><\/p>\n<p class=\"has-vivid-red-color has-text-color\"><strong>PENTRU VIZAREA PERMISULUI SUNT NECESARE DOCUMENTELE DE LA ELIBERARE PERMIS, MAI PU\u021aIN FOTOGRAFIA.<\/strong><\/p>\n<p><!-- \/wp:paragraph --><!-- wp:paragraph --><\/p>\n<p><!-- \/wp:paragraph --><\/p>\t\t\t\t\t<\/div>\n\t\t\t\t\t\t<\/div>\n\t\t\t\t<\/div>\n\t\t\t\t\t\t<\/div>\n\t\t\t\t\t<\/div>\n\t\t<\/div>\n\t\t\t\t\t\t\t\t<\/div>\n\t\t\t\t\t<\/div>\n\t\t<\/section>\n\t\t\t\t\t\t\t\t\t<\/div>\n\t\t\t<\/div>\n\t\t\t\t\t<\/div>\n\t\t","protected":false},"excerpt":{"rendered":"<p>MIERCURI, 1 IUNIE 2022, BIBLIOTECA ESTE \u00ceNCHIS\u0102 Publica\u021biile bibliotecii nu se \u00eemprumut\u0103 la domiciliu. Accesul la xerox este teporar suspendat, &hellip; <\/p>\n","protected":false},"author":1,"featured_media":0,"parent":34,"menu_order":0,"comment_status":"closed","ping_status":"closed","template":"","meta":{"_mi_skip_tracking":false},"_links":{"self":[{"href":"https:\/\/www2.univnt.ro\/index.php\/wp-json\/wp\/v2\/pages\/40"}],"collection":[{"href":"https:\/\/www2.univnt.ro\/index.php\/wp-json\/wp\/v2\/pages"}],"about":[{"href":"https:\/\/www2.univnt.ro\/index.php\/wp-json\/wp\/v2\/types\/page"}],"author":[{"embeddable":true,"href":"https:\/\/www2.univnt.ro\/index.php\/wp-json\/wp\/v2\/users\/1"}],"replies":[{"embeddable":true,"href":"https:\/\/www2.univnt.ro\/index.php\/wp-json\/wp\/v2\/comments?post=40"}],"version-history":[{"count":70,"href":"https:\/\/www2.univnt.ro\/index.php\/wp-json\/wp\/v2\/pages\/40\/revisions"}],"predecessor-version":[{"id":4868,"href":"https:\/\/www2.univnt.ro\/index.php\/wp-json\/wp\/v2\/pages\/40\/revisions\/4868"}],"up":[{"embeddable":true,"href":"https:\/\/www2.univnt.ro\/index.php\/wp-json\/wp\/v2\/pages\/34"}],"wp:attachment":[{"href":"https:\/\/www2.univnt.ro\/index.php\/wp-json\/wp\/v2\/media?parent=40"}],"curies":[{"name":"wp","href":"https:\/\/api.w.org\/{rel}","templated":true}]}}