{"id":46,"date":"2020-07-04T12:28:32","date_gmt":"2020-07-04T12:28:32","guid":{"rendered":"http:\/\/www.univnt.ro\/?page_id=46"},"modified":"2021-05-26T06:55:50","modified_gmt":"2021-05-26T06:55:50","slug":"contact","status":"publish","type":"page","link":"https:\/\/www2.univnt.ro\/index.php\/contact\/","title":{"rendered":"CONTACT"},"content":{"rendered":"\n<p><strong>Informa\u0163ii de contact<\/strong><\/p>\n\n\n\n<p>Adresa:&nbsp;<strong>Calea V\u0103c\u0103re\u015fti, Nr. 185, Sector 4, Bucure\u015fti, cod 040051. <\/strong>&#8211;&nbsp;<strong>(zona Timpuri Noi)<\/strong> <br>Telefoane:&nbsp;<strong>021.330.90.32; 021.330.90.76; 021.330.88.64; 021.330.89.58.<\/strong> <br>Fax:&nbsp;<strong>021.330.86.06 ; 021.330.86.30<\/strong> <br>e-mail: <a href=\"mailto:office@univnt.ro\"><strong>office@univnt.ro<\/strong><\/a> <br>Rectorat: <a href=\"mailto:rectorat@univnt.ro\"><strong>rectorat@univnt.ro<\/strong><\/a> <br>Departamentul  it: <a href=\"mailto:departament_it@univnt.ro\"><strong>departament_it@univnt.ro<\/strong><\/a> <br>Departamentul Contabilitate: <a href=\"mailto:contabilitate@univnt.ro\"><strong>contabilitate@univnt.ro<\/strong><\/a> <br>Secretariat universitate: <a href=\"mailto:secretariat@univnt.ro\"><strong>secretariat@univnt.ro<\/strong><\/a> <br>\nBiroul Acte de Studii:  <a href=\"mailto:diplome@univnt.ro\"><strong>diplome@univnt.ro<\/strong> <\/a>   <\/p>\n\n\n<div role=\"form\" class=\"wpcf7\" id=\"wpcf7-f700-o1\" lang=\"en-US\" dir=\"ltr\">\n<div class=\"screen-reader-response\" role=\"alert\" aria-live=\"polite\"><\/div>\n<form action=\"\/index.php\/wp-json\/wp\/v2\/pages\/46#wpcf7-f700-o1\" method=\"post\" class=\"wpcf7-form init\" novalidate=\"novalidate\">\n<div style=\"display: none;\">\n<input type=\"hidden\" name=\"_wpcf7\" value=\"700\" \/>\n<input type=\"hidden\" name=\"_wpcf7_version\" value=\"5.2.2\" \/>\n<input type=\"hidden\" name=\"_wpcf7_locale\" value=\"en_US\" \/>\n<input type=\"hidden\" name=\"_wpcf7_unit_tag\" value=\"wpcf7-f700-o1\" \/>\n<input type=\"hidden\" name=\"_wpcf7_container_post\" value=\"0\" \/>\n<input type=\"hidden\" name=\"_wpcf7_posted_data_hash\" value=\"\" \/>\n<\/div>\n<p><label> Nume: (obligatoriu)<br \/>\n    <span class=\"wpcf7-form-control-wrap your-name\"><input type=\"text\" name=\"your-name\" value=\"\" size=\"40\" class=\"wpcf7-form-control wpcf7-text wpcf7-validates-as-required\" aria-required=\"true\" aria-invalid=\"false\" \/><\/span> <\/label><\/p>\n<p><label> Prenume: (obligatoriu)<br \/>\n    <span class=\"wpcf7-form-control-wrap your-name\"><input type=\"text\" name=\"your-name\" value=\"\" size=\"40\" class=\"wpcf7-form-control wpcf7-text wpcf7-validates-as-required\" aria-required=\"true\" aria-invalid=\"false\" \/><\/span> <\/label><\/p>\n<p><label> E-mail: (obligatoriu)<br \/>\n    <span class=\"wpcf7-form-control-wrap your-email\"><input type=\"email\" name=\"your-email\" value=\"\" size=\"40\" class=\"wpcf7-form-control wpcf7-text wpcf7-email wpcf7-validates-as-required wpcf7-validates-as-email\" aria-required=\"true\" aria-invalid=\"false\" \/><\/span> <\/label><\/p>\n<p><label> Subiect:<br \/>\n    <span class=\"wpcf7-form-control-wrap your-subject\"><input type=\"text\" name=\"your-subject\" value=\"\" size=\"40\" class=\"wpcf7-form-control wpcf7-text\" aria-invalid=\"false\" \/><\/span> <\/label><\/p>\n<p><label> Mesaj:<br \/>\n    <span class=\"wpcf7-form-control-wrap your-message\"><textarea name=\"your-message\" cols=\"40\" rows=\"10\" class=\"wpcf7-form-control wpcf7-textarea\" aria-invalid=\"false\"><\/textarea><\/span> <\/label><\/p>\n<p><input type=\"submit\" value=\"Trimite\" class=\"wpcf7-form-control wpcf7-submit\" \/><\/p>\n<div class=\"wpcf7-response-output\" role=\"alert\" aria-hidden=\"true\"><\/div><\/form><\/div>\n","protected":false},"excerpt":{"rendered":"<p>Informa\u0163ii de contact Adresa:&nbsp;Calea V\u0103c\u0103re\u015fti, Nr. 185, Sector 4, Bucure\u015fti, cod 040051. &#8211;&nbsp;(zona Timpuri Noi) Telefoane:&nbsp;021.330.90.32; 021.330.90.76; 021.330.88.64; 021.330.89.58. Fax:&nbsp;021.330.86.06 &hellip; <\/p>\n","protected":false},"author":1,"featured_media":0,"parent":0,"menu_order":0,"comment_status":"closed","ping_status":"closed","template":"","meta":{"_mi_skip_tracking":false},"_links":{"self":[{"href":"https:\/\/www2.univnt.ro\/index.php\/wp-json\/wp\/v2\/pages\/46"}],"collection":[{"href":"https:\/\/www2.univnt.ro\/index.php\/wp-json\/wp\/v2\/pages"}],"about":[{"href":"https:\/\/www2.univnt.ro\/index.php\/wp-json\/wp\/v2\/types\/page"}],"author":[{"embeddable":true,"href":"https:\/\/www2.univnt.ro\/index.php\/wp-json\/wp\/v2\/users\/1"}],"replies":[{"embeddable":true,"href":"https:\/\/www2.univnt.ro\/index.php\/wp-json\/wp\/v2\/comments?post=46"}],"version-history":[{"count":12,"href":"https:\/\/www2.univnt.ro\/index.php\/wp-json\/wp\/v2\/pages\/46\/revisions"}],"predecessor-version":[{"id":3313,"href":"https:\/\/www2.univnt.ro\/index.php\/wp-json\/wp\/v2\/pages\/46\/revisions\/3313"}],"wp:attachment":[{"href":"https:\/\/www2.univnt.ro\/index.php\/wp-json\/wp\/v2\/media?parent=46"}],"curies":[{"name":"wp","href":"https:\/\/api.w.org\/{rel}","templated":true}]}}