{"id":48,"date":"2020-07-04T12:28:46","date_gmt":"2020-07-04T12:28:46","guid":{"rendered":"http:\/\/www.univnt.ro\/?page_id=48"},"modified":"2021-04-06T08:12:36","modified_gmt":"2021-04-06T08:12:36","slug":"despre-noi","status":"publish","type":"page","link":"https:\/\/www2.univnt.ro\/index.php\/despre-noi\/","title":{"rendered":"DESPRE NOI"},"content":{"rendered":"\n<p><strong> Prezentare universitate<\/strong><\/p>\n\n\n\n<p>&nbsp;&nbsp;&nbsp;&nbsp;&nbsp;&nbsp;&nbsp; \u00cenfiin\u0163at\u0103 \u00een 1990 ca institutie de \u00eenv\u0103\u0163\u0103m\u00e2nt superior particular\u0103, Universitatea \u201eNicolae Titulescu\u201d din Bucure\u015fti a fost acreditat\u0103 prin Legea nr. 241 din 23 aprilie 2002 (publicat\u0103 \u00een Monitorul Oficial al Rom\u00e2niei, nr. 291 din 30 aprilie 2002).<br><\/p>\n\n\n\n<p>&nbsp;&nbsp;&nbsp;&nbsp;&nbsp;&nbsp;&nbsp;&nbsp;\u00cencep\u00e2nd cu anul universitar 1999-2000 a fost dat \u00een func\u0163iune noul sediu al universitatii din Bulevardul Vacaresti (statia de metrou Timpuri Noi); conceput ca un campus universitar de standard occidental.<br><\/p>\n\n\n\n<p>&nbsp;&nbsp;&nbsp;&nbsp;&nbsp;&nbsp;&nbsp;&nbsp;Universitatea are \u00een structura sa&nbsp;trei facult\u0103\u0163i:&nbsp;<strong>Facultatea de Drept<\/strong>,&nbsp;<strong>Facultatea de Economie \u015fi Administrarea Afacerilor<\/strong>,&nbsp;<strong>Facultatea de Rela\u0163ii Interna\u0163ionale \u015fi Administra\u0163ie<\/strong>.<\/p>\n\n\n\n<p><br>&nbsp;&nbsp;&nbsp;&nbsp;&nbsp;&nbsp;&nbsp;&nbsp;Universitatea, \u00een intreaga sa activitate respect\u0103 Constitu\u0163ia \u015fi legile romane, \u00een general, precum \u015fi legisla\u0163ia \u00eenv\u0103\u0163\u0103m\u00e2ntului, \u00een special, inclusiv ordinele \u015fi instruc\u0163iunile cu caracter normativ ale Ministerului Educa\u0163iei; respect\u0103 principiile \u00eenscrise \u00een &#8220;Declara\u0163ia universal\u0103 a Drepturilor omului&#8221;, adoptat\u0103 la O.N.U. \u00een anul 1948 \u015fi ader\u0103 la &#8220;The Lima Declaration on Academic Freedom and Autonomy of Institutions of Higher Education&#8221; (1988) \u015fi la &#8220;The Magna Charta of European Universities&#8221; (Bologna, 1988).<br><\/p>\n\n\n\n<p>&nbsp;&nbsp;&nbsp;&nbsp;&nbsp;&nbsp;&nbsp; Universitatea func\u0163ioneaz\u0103 \u00een baza autonomiei universitare, \u00eentemeiat\u0103 pe principiile Constitu\u0163iei Rom\u00e2niei, ale Legii educa\u0163iei na\u0163ionale nr. 1\/2011, ale altor acte normative, precum si ale reglement\u0103rilor proprii.<br><\/p>\n\n\n\n<p>&nbsp;&nbsp;&nbsp;&nbsp;&nbsp;&nbsp;&nbsp;&nbsp;Universitatea respecta valorile democratiei si ale statului de drept si actioneaza pentru promovarea lor in societatea romaneasca. Este apolitica si nu permite orientarea procesului de invatamant catre nici una din doctrinele si practicile ideologice.<\/p>\n\n\n\n<figure class=\"wp-block-image\"><a href=\"http:\/\/www.univnt.ro\/wp-content\/uploads\/Organigrama_2019.png\" target=\"_blank\" rel=\"noreferrer noopener\"><img loading=\"lazy\" width=\"1024\" height=\"724\" src=\"http:\/\/www.univnt.ro\/wp-content\/uploads\/Organigrama_2019-1024x724.png\" alt=\"\" class=\"wp-image-1994\" srcset=\"https:\/\/www2.univnt.ro\/wp-content\/uploads\/Organigrama_2019-1024x724.png 1024w, https:\/\/www2.univnt.ro\/wp-content\/uploads\/Organigrama_2019-300x212.png 300w, https:\/\/www2.univnt.ro\/wp-content\/uploads\/Organigrama_2019-768x543.png 768w, https:\/\/www2.univnt.ro\/wp-content\/uploads\/Organigrama_2019.png 1653w\" sizes=\"(max-width: 1024px) 100vw, 1024px\" \/><\/a><\/figure>\n\n\n\n<p><a><strong>CONDUCERE UNIVERSITATE<\/strong><\/a><\/p>\n\n\n\n<ul><li>Pre\u0219edintele Consiliului de Administra\u021bie: prof. univ. dr.:&nbsp;<a href=\"http:\/\/www.univnt.ro\/index.php\/profesori\/prof-univ-dr-neagu-ion\/\">Ion NEAGU<\/a><\/li><li>Vicepre\u0219edintele Consiliului de Administra\u021bie: prof. univ. dr.:&nbsp;<a href=\"http:\/\/www.univnt.ro\/index.php\/profesori\/prof-univ-dr-cornescu-viorel\/\">Viorel CORNESCU<\/a><\/li><li>Rector: prof. univ. dr.:&nbsp;<a href=\"http:\/\/www.univnt.ro\/index.php\/profesori\/prof-univ-dr-hotca-mihai-adrian\/\">Mihai Adrian HOTCA<\/a><\/li><li>Prorector: prof. univ. dr.:&nbsp;<a href=\"http:\/\/www.univnt.ro\/index.php\/profesori\/prof-univ-dr-boroi-gabriel\/\">Gabriel BOROI<\/a><\/li><li>Secretar \u015eef:&nbsp;Ancuta PICHINERU<\/li><\/ul>\n\n\n\n<p><a><strong>FACULTATI<\/strong><\/a><br><strong>Drept:<\/strong><br><\/p>\n\n\n\n<ul><li>Decan: conf. univ. dr.:&nbsp;<a href=\"http:\/\/www.univnt.ro\/index.php\/profesori\/conf-univ-dr-micu-bogdan-florin\/\">Bogdan MICU<\/a><\/li><li>Prodecan: conf. univ. dr.:&nbsp;<a href=\"http:\/\/www.univnt.ro\/index.php\/profesori\/conf-univ-dr-gorunescu-mirela\/\">Mirela GORUNESCU<\/a><\/li><li>Secretar sef:&nbsp;Iuliana CALIN<\/li><li>Secretar:&nbsp;Laura-Georgiana POPA<\/li><li>Secretar:&nbsp;Ioana Marina VILCEANU<\/li><li>Secretar: Magdalena SMEU<\/li><li>Secretar: Serena PETRAS<\/li><\/ul>\n\n\n\n<p><strong>Economie si Administrarea Afacerilor:<\/strong><br><\/p>\n\n\n\n<ul><li>Decan: conf. univ. dr.:\u00a0<a href=\"http:\/\/www.univnt.ro\/index.php\/profesori\/conf-univ-dr-grigore-maria-zenovia\/\">Maria GRIGORE<\/a><\/li><li>Prodecan: lect. univ. dr.:\u00a0<a href=\"http:\/\/www.univnt.ro\/index.php\/profesori\/lect-univ-dr-gurau-mariana\/\">Mariana GURAU<\/a><\/li><li>Secretar \u015fef:\u00a0Camelia CRACIUN<\/li><li>Secretar:\u00a0Alexandra Mireille MIRON<\/li><\/ul>\n\n\n\n<p><strong>Relatii Internationale si Administratie:<\/strong><br><\/p>\n\n\n\n<ul><li>Decan: lect. univ. dr.:&nbsp;<a href=\"http:\/\/www.univnt.ro\/index.php\/profesori\/lect-univ-dr-radu-liviu-george\/\">Liviu RADU<\/a><\/li><li>Director Departamentul de \u015etiin\u0163e Politice \u015fi Administrative: lect. univ. dr.:&nbsp;<a href=\"http:\/\/www.univnt.ro\/index.php\/profesori\/lect-univ-dr-bucur-norica-felicia\/\">Norica Felicia BUCUR<\/a><\/li><li>Secretar sef:&nbsp;Ioana PETRICA-ROMANESCU<\/li><\/ul>\n\n\n\n<p><a><strong>DEPARTAMENT CONTABILITATE<\/strong><\/a><\/p>\n\n\n\n<ul><li>Contabil \u015eef: Economist:&nbsp;Elena STRUGARU<\/li><li>Contabil:&nbsp;Malina MATEI<\/li><li>Referend specialitate financiar contabilitate:&nbsp;Rodica LEHMANN<\/li><li>Functionar administrativ:&nbsp;Ioana ALISTAR<\/li><li>Casier:&nbsp;Georgiana MANTU<\/li><\/ul>\n\n\n\n<p><a><strong>DEPARTAMENT INVATAMANT DISTANTA<\/strong><\/a><\/p>\n\n\n\n<ul><li>Director:&nbsp;<a href=\"http:\/\/www.univnt.ro\/index.php\/profesori\/conf-univ-dr-sudacevschi-mihaela\/\">Mihaela SUDACEVSCHI<\/a><\/li><li>Secretar:&nbsp;Ancuta PICHINERU<\/li><\/ul>\n\n\n\n<p><a><strong>DEPARTAMENT IT<\/strong><\/a><\/p>\n\n\n\n<ul><li>Sef Compartiment IT:&nbsp;George PRETOR<\/li><li>Analist IT:&nbsp;Eduard VECHLER<\/li><li>Operator Calculator: Sebastian NISTOR<\/li><\/ul>\n\n\n\n<p><a><strong>BIBLIOTECA<\/strong><\/a><\/p>\n\n\n\n<ul><li>Bibliotecar \u015eef:&nbsp;Crina STAN<\/li><li>Bibliotecar Studii Superioare:&nbsp;Mihaela RACOVEANU<\/li><li>Bibliotecar Studii Superioare:&nbsp;Victoria STEFANESCU<\/li><\/ul>\n\n\n\n<p><a><strong>ACTE STUDII<\/strong><\/a><\/p>\n\n\n\n<ul><li>Sef Birou:&nbsp;Livia Anca TRANDAFIRIDI<\/li><li>Secretar:&nbsp;Mihaela MELALIU<\/li><\/ul>\n\n\n\n<p><a><strong>SERVICIUL DOCTORAT<\/strong><\/a><\/p>\n\n\n\n<ul><li>Secretar:&nbsp;Cristina IORDACHE<\/li><\/ul>\n\n\n\n<p><a><strong>REGISTRATURA<\/strong><\/a><\/p>\n\n\n\n<ul><li>Secretar:&nbsp;Mariana TRASCA<\/li><\/ul>\n\n\n\n<p><a><strong>RESURSE UMANE<\/strong><\/a><\/p>\n\n\n\n<ul><li>Referent de specialitate forta de munca si somaj:&nbsp;Camelia ADOMNICA<\/li><\/ul>\n\n\n\n<p><a><strong>ALTE DEPARTAMENTE SI SERVICII<\/strong><\/a><\/p>\n\n\n\n<ul><li>Serviciu Tehnic: Sef:&nbsp;George NEDELCU<\/li><li>Tehnician:&nbsp;Mihaela CHELEMEN<\/li><li>Magaziner:&nbsp;Mariana MOCANU<\/li><li>Centralist:&nbsp;Mariana DRAGAN<\/li><\/ul>\n","protected":false},"excerpt":{"rendered":"<p>Prezentare universitate &nbsp;&nbsp;&nbsp;&nbsp;&nbsp;&nbsp;&nbsp; \u00cenfiin\u0163at\u0103 \u00een 1990 ca institutie de \u00eenv\u0103\u0163\u0103m\u00e2nt superior particular\u0103, Universitatea \u201eNicolae Titulescu\u201d din Bucure\u015fti a fost acreditat\u0103 &hellip; <\/p>\n","protected":false},"author":1,"featured_media":0,"parent":0,"menu_order":0,"comment_status":"closed","ping_status":"closed","template":"","meta":{"_mi_skip_tracking":false},"_links":{"self":[{"href":"https:\/\/www2.univnt.ro\/index.php\/wp-json\/wp\/v2\/pages\/48"}],"collection":[{"href":"https:\/\/www2.univnt.ro\/index.php\/wp-json\/wp\/v2\/pages"}],"about":[{"href":"https:\/\/www2.univnt.ro\/index.php\/wp-json\/wp\/v2\/types\/page"}],"author":[{"embeddable":true,"href":"https:\/\/www2.univnt.ro\/index.php\/wp-json\/wp\/v2\/users\/1"}],"replies":[{"embeddable":true,"href":"https:\/\/www2.univnt.ro\/index.php\/wp-json\/wp\/v2\/comments?post=48"}],"version-history":[{"count":11,"href":"https:\/\/www2.univnt.ro\/index.php\/wp-json\/wp\/v2\/pages\/48\/revisions"}],"predecessor-version":[{"id":3141,"href":"https:\/\/www2.univnt.ro\/index.php\/wp-json\/wp\/v2\/pages\/48\/revisions\/3141"}],"wp:attachment":[{"href":"https:\/\/www2.univnt.ro\/index.php\/wp-json\/wp\/v2\/media?parent=48"}],"curies":[{"name":"wp","href":"https:\/\/api.w.org\/{rel}","templated":true}]}}