{"id":54,"date":"2020-07-04T12:29:49","date_gmt":"2020-07-04T12:29:49","guid":{"rendered":"http:\/\/www.univnt.ro\/?page_id=54"},"modified":"2020-09-10T11:19:39","modified_gmt":"2020-09-10T11:19:39","slug":"documente","status":"publish","type":"page","link":"https:\/\/www2.univnt.ro\/index.php\/doctorat\/documente\/","title":{"rendered":"DOCUMENTE"},"content":{"rendered":"\n<ul><li> <a href=\"http:\/\/www.univnt.ro\/\/wp-content\/uploads\/doctorat\/documente\/01_regulament_studii_RO.pdf\">REGULAMENT DE ORGANIZARE \u015eI DESF\u0102\u015eURARE A STUDIILOR UNIVERSITARE DE DOCTORAT <\/a> <\/li><li> <a href=\"http:\/\/www.univnt.ro\/\/wp-content\/uploads\/doctorat\/documente\/02_ghid_redactare_teza.pdf\">GHID DE REDACTARE A TEZEI DE DOCTORAT <\/a> <\/li><li> <a href=\"http:\/\/www.univnt.ro\/\/wp-content\/uploads\/doctorat\/documente\/03_raport_autoevaluare_2010_2011.pdf\">RAPORT PRIVIND CICLUL DE STUDII UNIVERSITARE DE DOCTORAT ANUL UNIVERSITAR 2010 \u2013 2011 <\/a> <\/li><li> <a href=\"http:\/\/www.univnt.ro\/\/wp-content\/uploads\/doctorat\/documente\/04_raport_autoevaluare_2011_2015.pdf\">RAPORT DE AUTOEVALUARE A \u0218COLII DOCTORALE PENTRU ANII UNIVERSITARI 2011-2015 <\/a><\/li><li> <a href=\"http:\/\/www.univnt.ro\/\/wp-content\/uploads\/doctorat\/documente\/06_regulament_studii_EN.pdf\">Regulament_studii EN<\/a> <\/li><\/ul>\n","protected":false},"excerpt":{"rendered":"<p>REGULAMENT DE ORGANIZARE \u015eI DESF\u0102\u015eURARE A STUDIILOR UNIVERSITARE DE DOCTORAT GHID DE REDACTARE A TEZEI DE DOCTORAT RAPORT PRIVIND CICLUL &hellip; <\/p>\n","protected":false},"author":1,"featured_media":0,"parent":50,"menu_order":0,"comment_status":"closed","ping_status":"closed","template":"","meta":{"_mi_skip_tracking":false},"_links":{"self":[{"href":"https:\/\/www2.univnt.ro\/index.php\/wp-json\/wp\/v2\/pages\/54"}],"collection":[{"href":"https:\/\/www2.univnt.ro\/index.php\/wp-json\/wp\/v2\/pages"}],"about":[{"href":"https:\/\/www2.univnt.ro\/index.php\/wp-json\/wp\/v2\/types\/page"}],"author":[{"embeddable":true,"href":"https:\/\/www2.univnt.ro\/index.php\/wp-json\/wp\/v2\/users\/1"}],"replies":[{"embeddable":true,"href":"https:\/\/www2.univnt.ro\/index.php\/wp-json\/wp\/v2\/comments?post=54"}],"version-history":[{"count":30,"href":"https:\/\/www2.univnt.ro\/index.php\/wp-json\/wp\/v2\/pages\/54\/revisions"}],"predecessor-version":[{"id":1702,"href":"https:\/\/www2.univnt.ro\/index.php\/wp-json\/wp\/v2\/pages\/54\/revisions\/1702"}],"up":[{"embeddable":true,"href":"https:\/\/www2.univnt.ro\/index.php\/wp-json\/wp\/v2\/pages\/50"}],"wp:attachment":[{"href":"https:\/\/www2.univnt.ro\/index.php\/wp-json\/wp\/v2\/media?parent=54"}],"curies":[{"name":"wp","href":"https:\/\/api.w.org\/{rel}","templated":true}]}}