{"id":72,"date":"2020-07-04T12:34:43","date_gmt":"2020-07-04T12:34:43","guid":{"rendered":"http:\/\/www.univnt.ro\/?page_id=72"},"modified":"2021-12-06T09:04:44","modified_gmt":"2021-12-06T09:04:44","slug":"facultatea-de-drept","status":"publish","type":"page","link":"https:\/\/www2.univnt.ro\/index.php\/facultati\/facultatea-de-drept\/","title":{"rendered":"FACULTATEA DE DREPT"},"content":{"rendered":"\t\t<div data-elementor-type=\"wp-page\" data-elementor-id=\"72\" class=\"elementor elementor-72\">\n\t\t\t\t\t\t<div class=\"elementor-inner\">\n\t\t\t\t<div class=\"elementor-section-wrap\">\n\t\t\t\t\t\t\t\t\t<section class=\"elementor-section elementor-top-section elementor-element elementor-element-30180f6e elementor-section-boxed elementor-section-height-default elementor-section-height-default\" data-id=\"30180f6e\" data-element_type=\"section\">\n\t\t\t\t\t\t<div class=\"elementor-container elementor-column-gap-default\">\n\t\t\t\t\t\t\t<div class=\"elementor-row\">\n\t\t\t\t\t<div class=\"elementor-column elementor-col-100 elementor-top-column elementor-element elementor-element-324f5927\" data-id=\"324f5927\" data-element_type=\"column\">\n\t\t\t<div class=\"elementor-column-wrap elementor-element-populated\">\n\t\t\t\t\t\t\t<div class=\"elementor-widget-wrap\">\n\t\t\t\t\t\t<div class=\"elementor-element elementor-element-556e1571 elementor-drop-cap-yes elementor-drop-cap-view-default elementor-widget elementor-widget-text-editor\" data-id=\"556e1571\" data-element_type=\"widget\" data-settings=\"{&quot;drop_cap&quot;:&quot;yes&quot;}\" data-widget_type=\"text-editor.default\">\n\t\t\t\t<div class=\"elementor-widget-container\">\n\t\t\t\t\t\t\t\t<div class=\"elementor-text-editor elementor-clearfix\">\n\t\t\t\t<!-- wp:shortcode -->\n<p><div id=\"metaslider-id-788\" style=\"width: 100%;\" class=\"ml-slider-3-18-1 metaslider metaslider-flex metaslider-788 ml-slider\">\n    <div id=\"metaslider_container_788\">\n        <div id=\"metaslider_788\" class=\"flexslider\">\n            <ul aria-live=\"polite\" class=\"slides\">\n                <li style=\"display: block; width: 100%;\" class=\"slide-795 ms-image\"><img loading=\"lazy\" src=\"https:\/\/www2.univnt.ro\/wp-content\/uploads\/P1040331-e1596451042519-1036x400.jpg\" height=\"400\" width=\"1036\" alt=\"\" class=\"slider-788 slide-795\" title=\"P1040331\" \/><\/li>\n                <li style=\"display: none; width: 100%;\" class=\"slide-808 ms-image\"><img loading=\"lazy\" src=\"https:\/\/www2.univnt.ro\/wp-content\/uploads\/tingey-injury-law-firm-DZpc4UY8ZtY-unsplash-1-e1596450994879-1036x400.jpg\" height=\"400\" width=\"1036\" alt=\"\" class=\"slider-788 slide-808\" \/><\/li>\n                <li style=\"display: none; width: 100%;\" class=\"slide-817 ms-image\"><img loading=\"lazy\" src=\"https:\/\/www2.univnt.ro\/wp-content\/uploads\/logo-text-color-untfacultate-drept-e1595593876615-1036x400.jpg\" height=\"400\" width=\"1036\" alt=\"\" class=\"slider-788 slide-817\" \/><\/li>\n            <\/ul>\n        <\/div>\n        \n    <\/div>\n<\/div><\/p>\n<!-- \/wp:shortcode --><!-- wp:heading -->\n<h2>Despre noi<\/h2>\n<!-- \/wp:heading --><!-- wp:separator --><hr class=\"wp-block-separator\" \/><!-- \/wp:separator --><!-- wp:paragraph -->\n<p>Facultatea de Drept continu\u0103 tradi\u0163iile \u015fcolii rom\u00e2ne\u015fti de studii juridice oferind un profil de preg\u0103tire complex, cu deschidere spre rela\u0163ii interna\u0163ionale.<\/p>\n<!-- \/wp:paragraph --><!-- wp:paragraph -->\n<p>\u00a0\u00a0\u00a0\u00a0Planurile de \u00eenv\u0103\u0163\u0103m\u00e2nt cuprind at\u00e2t discipline fundamentale de drept, c\u00e2t \u015fi disciplinele complementare, de profil economic \u015fi social. De asemenea, studen\u0163ii au posibilitatea s\u0103 studieze anumite discipline op\u0163ionale sau facultative.<\/p>\n<!-- \/wp:paragraph --><!-- wp:paragraph -->\n<p>Facultatea dispune de un corp didactic de elit\u0103, cu vast\u0103 experien\u0163\u0103 didactic\u0103 \u015fi \u015ftiin\u0163ific\u0103. Cadrele didactice ale facult\u0103\u0163ii sunt capabile s\u0103 insufle studen\u0163ilor \u015ftiin\u0163a de desf\u0103\u015fura activit\u0103\u0163i juridice, de a \u00een\u0163elege mediul juridic \u00een care ac\u0163ioneaz\u0103, de a sintetiza tr\u0103s\u0103turile specifice ale acestuia \u015fi de a le folosi pentru aprofundarea cunoa\u015fterii legilor sau a jurispruden\u0163ei.<br \/>Facultatea \u015fi-a propus \u015fi a reu\u015fit s\u0103 statorniceasc\u0103 \u00eentre cadrele didactice, pe de o parte \u015fi \u00eentre studen\u0163i, pe de alt\u0103 parte, o benefic\u0103 emula\u0163ie \u015ftiin\u0163ific\u0103 \u015fi un spirit universitar elevat, caracterizate de:<\/p>\n<!-- \/wp:paragraph --><!-- wp:paragraph -->\n<p>\u00a0<\/p>\n<!-- \/wp:paragraph --><!-- wp:shortcode -->\n<p><div class='yrm-content yrm-content-1 yrm-content-hide' id='yrm-CPIoJ' data-id='1' data-show-status='false' data-after-action=''>\n\t\t\t<div id='yrm-inner-content-yrm-CPIoJ' class='yrm-inner-content-wrapper yrm-cntent-1'> Facultatea de Drept continu\u0103 tradi\u0163iile \u015fcolii rom\u00e2ne\u015fti de studii juridice oferind un profil de preg\u0103tire complex, cu deschidere spre rela\u0163ii interna\u0163ionale. Planurile de \u00eenv\u0103\u0163\u0103m\u00e2nt cuprind at\u00e2t discipline fundamentale de drept, c\u00e2t \u015fi disciplinele complementare, de profil economic \u015fi social. De asemenea, studen\u0163ii au posibilitatea s\u0103 studieze anumite discipline op\u0163ionale sau facultative. Facultatea dispune de un corp didactic de elit\u0103, cu vast\u0103 experien\u0163\u0103 didactic\u0103 \u015fi \u015ftiin\u0163ific\u0103. Cadrele didactice ale facult\u0103\u0163ii sunt capabile s\u0103 insufle studen\u0163ilor \u015ftiin\u0163a de desf\u0103\u015fura activit\u0103\u0163i juridice, de a \u00een\u0163elege mediul juridic \u00een care ac\u0163ioneaz\u0103, de a sintetiza tr\u0103s\u0103turile specifice ale acestuia \u015fi de a le folosi pentru aprofundarea cunoa\u015fterii legilor sau a jurispruden\u0163ei. Facultatea \u015fi-a propus \u015fi a reu\u015fit s\u0103 statorniceasc\u0103 \u00eentre cadrele didactice, pe de o parte \u015fi \u00eentre studen\u0163i, pe de alt\u0103 parte, o benefic\u0103 emula\u0163ie \u015ftiin\u0163ific\u0103 \u015fi un spirit universitar elevat, caracterizate de: &#8211; stimularea cunoa\u015fterii vie\u0163ii juridice reale, a legilor, a practicii judiciare \u015fi a domeniilor conexe dreptului; &#8211; stimularea procesului de \u00eenv\u0103\u0163are continu\u0103 \u015fi de cultivare a spiritului ce \u00eendeamn\u0103 la cercetare; &#8211; toleran\u0163\u0103 rezonabil\u0103 \u00een confrunt\u0103rile spirituale, fa\u0163\u0103 de confesiunile religioase \u015fi convingerile politice; &#8211; institu\u0163ionalizarea unor dezbateri \u015ftiin\u0163ifice pe teme juridice \u015fi interdisciplinare (sesiunile anuale de comunic\u0103ri \u015ftiin\u0163ifice ale universit\u0103\u0163ii); &#8211; stimularea cercet\u0103rii \u015ftiin\u0163ifice; &#8211; cultivarea solidarit\u0103\u0163ii studen\u0163e\u015fti, profesionale, sociale etc. Pentru crearea \u015fi dezvoltarea unui mediu universitar de excep\u0163ie, conducerea facult\u0103\u0163ii a conceput reguli generale de conduit\u0103 universitar\u0103, care au fost aplicate cu consecven\u0163\u0103 \u015fi care au fost acceptate at\u00e2t de studen\u0163i, c\u00e2t \u015fi cadrele didactice. Printre acestea men\u0163ion\u0103m: &#8211; selectarea cadrelor didactice \u00een raport de criteriile onestit\u0103\u0163ii, preg\u0103tirii profesionale, probit\u0103\u0163ii \u015ftiin\u0163ifice, neimplic\u0103rii \u00een evenimente, ac\u0163iuni, lu\u0103ri de pozi\u0163ie, \u00een care s\u0103 se profereze idei \u015fi orient\u0103ri nedemocratice, incompatibile cu standardele moderne ale condi\u0163iei umane; &#8211; neadmiterea manifest\u0103rii politice a cadrelor didactice sau a studen\u0163ilor \u00een cadrul universit\u0103\u0163ii; &#8211; constituirea unor organe sau organisme care s\u0103 apere \u015fi promoveze onoarea \u015fi disciplina \u00een cadrul facult\u0103\u0163ii \u015fi care s\u0103 se ocupe de abaterile de la normele vie\u0163ii universitare; &#8211; organizarea unor cercuri \u015ftiin\u0163ifice. Absolven\u0163ii Facult\u0103\u0163ii de Drept vor putea profesa ca: &#8211; magistra\u0163i &#8211; avoca\u0163i; &#8211; practicieni \u00een insolven\u0163\u0103; &#8211; notari; &#8211; consultan\u0163i legali; &#8211; diploma\u0163i; &#8211; arbitri, mediatori \u015fi conciliatori; &#8211; executori judec\u0103tore\u015fti; &#8211; func\u0163ionari publici \u00een administra\u0163ia public\u0103; &#8211; exper\u0163i \u00een domeniul juridic; &#8211; cercet\u0103tori \u015ftiin\u0163ifici sau cadre didactice \u00een \u00eenv\u0103\u0163\u0103m\u00e2ntul superior etc. <\/div>\n\t\t<\/div><div class='yrm-btn-wrapper yrm-btn-wrapper-1 yrm-more-button-wrapper '\n\t\tdata-custom-more-class-name='' data-custom-less-class-name=''><span title='' data-less-title='' data-more-title='' class='yrm-toggle-expand  yrm-toggle-expand-1 ' data-rel='yrm-CPIoJ' data-more='Mai mult' data-less='Mai pu\u021bin'><span class='yrm-text-wrapper yrm-text-wrapper-custom-dimensions'><span class=\"yrm-button-text-1\">Mai mult<\/span><\/span><\/span><\/div><\/p>\n<!-- \/wp:shortcode -->\t\t\t\t\t<\/div>\n\t\t\t\t\t\t<\/div>\n\t\t\t\t<\/div>\n\t\t\t\t\t\t<\/div>\n\t\t\t\t\t<\/div>\n\t\t<\/div>\n\t\t\t\t\t\t\t\t<\/div>\n\t\t\t\t\t<\/div>\n\t\t<\/section>\n\t\t\t\t\t\t\t\t\t<\/div>\n\t\t\t<\/div>\n\t\t\t\t\t<\/div>\n\t\t","protected":false},"excerpt":{"rendered":"<p>Despre noi Facultatea de Drept continu\u0103 tradi\u0163iile \u015fcolii rom\u00e2ne\u015fti de studii juridice oferind un profil de preg\u0103tire complex, cu deschidere &hellip; <\/p>\n","protected":false},"author":1,"featured_media":0,"parent":70,"menu_order":0,"comment_status":"closed","ping_status":"closed","template":"","meta":{"_mi_skip_tracking":false},"_links":{"self":[{"href":"https:\/\/www2.univnt.ro\/index.php\/wp-json\/wp\/v2\/pages\/72"}],"collection":[{"href":"https:\/\/www2.univnt.ro\/index.php\/wp-json\/wp\/v2\/pages"}],"about":[{"href":"https:\/\/www2.univnt.ro\/index.php\/wp-json\/wp\/v2\/types\/page"}],"author":[{"embeddable":true,"href":"https:\/\/www2.univnt.ro\/index.php\/wp-json\/wp\/v2\/users\/1"}],"replies":[{"embeddable":true,"href":"https:\/\/www2.univnt.ro\/index.php\/wp-json\/wp\/v2\/comments?post=72"}],"version-history":[{"count":32,"href":"https:\/\/www2.univnt.ro\/index.php\/wp-json\/wp\/v2\/pages\/72\/revisions"}],"predecessor-version":[{"id":4173,"href":"https:\/\/www2.univnt.ro\/index.php\/wp-json\/wp\/v2\/pages\/72\/revisions\/4173"}],"up":[{"embeddable":true,"href":"https:\/\/www2.univnt.ro\/index.php\/wp-json\/wp\/v2\/pages\/70"}],"wp:attachment":[{"href":"https:\/\/www2.univnt.ro\/index.php\/wp-json\/wp\/v2\/media?parent=72"}],"curies":[{"name":"wp","href":"https:\/\/api.w.org\/{rel}","templated":true}]}}