{"id":93,"date":"2020-07-04T12:50:58","date_gmt":"2020-07-04T12:50:58","guid":{"rendered":"http:\/\/www.univnt.ro\/?page_id=93"},"modified":"2023-12-15T13:15:54","modified_gmt":"2023-12-15T13:15:54","slug":"corp-profesoral-drept","status":"publish","type":"page","link":"https:\/\/www2.univnt.ro\/index.php\/facultati\/facultatea-de-drept\/corp-profesoral-drept\/","title":{"rendered":"CORP PROFESORAL DREPT"},"content":{"rendered":"\t\t<div data-elementor-type=\"wp-page\" data-elementor-id=\"93\" class=\"elementor elementor-93\">\n\t\t\t\t\t\t<div class=\"elementor-inner\">\n\t\t\t\t<div class=\"elementor-section-wrap\">\n\t\t\t\t\t\t\t\t\t<section class=\"elementor-section elementor-top-section elementor-element elementor-element-44db9f0d elementor-section-boxed elementor-section-height-default elementor-section-height-default\" data-id=\"44db9f0d\" data-element_type=\"section\">\n\t\t\t\t\t\t<div class=\"elementor-container elementor-column-gap-default\">\n\t\t\t\t\t\t\t<div class=\"elementor-row\">\n\t\t\t\t\t<div class=\"elementor-column elementor-col-100 elementor-top-column elementor-element elementor-element-357f5a25\" data-id=\"357f5a25\" data-element_type=\"column\">\n\t\t\t<div class=\"elementor-column-wrap elementor-element-populated\">\n\t\t\t\t\t\t\t<div class=\"elementor-widget-wrap\">\n\t\t\t\t\t\t<div class=\"elementor-element elementor-element-253695d7 elementor-widget elementor-widget-text-editor\" data-id=\"253695d7\" data-element_type=\"widget\" data-widget_type=\"text-editor.default\">\n\t\t\t\t<div class=\"elementor-widget-container\">\n\t\t\t\t\t\t\t\t<div class=\"elementor-text-editor elementor-clearfix\">\n\t\t\t\t<p><!-- wp:list {\"ordered\":true} --><\/p>\n<ol>\n<li><strong><a href=\"http:\/\/www.univnt.ro\/index.php\/profesorii\/prof-univ-dr-aurescu-bogdan-lucian\/\">Prof. univ. dr.\u00a0AURESCU Bogdan Lucian <\/a><\/strong><\/li>\n<li><a href=\"http:\/\/www.univnt.ro\/index.php\/profesorii\/prof-univ-dr-boroi-gabriel\/\"><strong>Prof. univ. dr.\u00a0BOROI Gabriel <\/strong><\/a><\/li>\n<li><a href=\"http:\/\/www.univnt.ro\/index.php\/profesorii\/prof-univ-dr-cornescu-viorel\/\"><strong>Prof. univ. dr.\u00a0CORNESCU Viorel <\/strong><\/a><\/li>\n<li><a href=\"http:\/\/www.univnt.ro\/index.php\/profesorii\/prof-univ-dr-damaschin-mircea\/\"><strong>Prof. univ. dr.\u00a0DAMASCHIN Mircea<\/strong><\/a><\/li>\n<li><strong><a href=\"https:\/\/www2.univnt.ro\/index.php\/profesori\/prof-univ-dr-dobrinoiu-vasile\/\">Prof. univ. dr. DOBRINOIU Vasile<\/a><\/strong><\/li>\n<li><a href=\"http:\/\/www.univnt.ro\/index.php\/profesorii\/prof-univ-dr-dorneanu-valer\/\"><strong>Prof. univ. dr.\u00a0DORNEANU Valer <\/strong><\/a><\/li>\n<li><a href=\"http:\/\/www.univnt.ro\/index.php\/profesorii\/prof-univ-dr-fuerea-augustin\/\"><strong>Prof. univ. dr.\u00a0FUEREA Augustin <\/strong><\/a><\/li>\n<li><a href=\"http:\/\/www.univnt.ro\/index.php\/profesorii\/prof-univ-dr-hotca-mihai-adrian\/\"><strong>Prof. univ. dr.\u00a0HOTCA Mihai Adrian <\/strong><\/a><\/li>\n<li><strong><a href=\"https:\/\/www2.univnt.ro\/index.php\/profesori\/prof-univ-dr-lupascu-dan\/\">Prof. univ. dr. LUPA\u0218CU Dan<\/a><\/strong><\/li>\n<li><strong><a href=\"https:\/\/www2.univnt.ro\/index.php\/profesori\/prof-univ-dr-margulescu-serghei\/\">Prof. univ. dr. M\u0102RGULESCU Serghei<\/a><\/strong><\/li>\n<li><strong><a href=\"https:\/\/www2.univnt.ro\/index.php\/profesori\/prof-univ-dr-moarcas-claudia\/\">Prof. univ. dr. MOARC\u0102\u0218 Claudia<\/a><\/strong><\/li>\n<li><a href=\"http:\/\/www.univnt.ro\/index.php\/profesorii\/prof-univ-dr-neagu-ion\/\"><strong>Prof. univ. dr.\u00a0NEAGU Ion <\/strong><\/a><\/li>\n<li><a href=\"http:\/\/www.univnt.ro\/index.php\/profesorii\/prof-univ-dr-popa-nicolae\/\"><strong>Prof. univ. dr.\u00a0POPA Nicolae <\/strong><\/a><\/li>\n<li><a href=\"http:\/\/www.univnt.ro\/index.php\/profesorii\/prof-univ-dr-ros-viorel\/\"><strong>Prof. univ. dr.\u00a0RO\u015e Viorel <\/strong><\/a><\/li>\n<li><a href=\"http:\/\/www.univnt.ro\/index.php\/profesorii\/prof-univ-dr-sitaru-dragos-alexandru\/\"><strong>Prof. univ. dr.\u00a0SITARU Drago\u015f Alexandru <\/strong><\/a><\/li>\n<li><a href=\"http:\/\/www.univnt.ro\/index.php\/profesorii\/conf-univ-dr-cliza-marta-claudia\/\"><strong>Conf. univ. dr. CLIZA Marta Claudia <\/strong><\/a><\/li>\n<li><a href=\"http:\/\/www.univnt.ro\/index.php\/profesorii\/conf-univ-dr-dobrinoiu-maxim\/\"><strong>Conf. univ. dr.\u00a0DOBRINOIU Maxim <\/strong><\/a><\/li>\n<li><a href=\"http:\/\/www.univnt.ro\/index.php\/profesorii\/conf-univ-dr-gheorghe-cristian\/\"><strong>Conf. univ. dr.\u00a0GHEORGHE Cristian <\/strong><\/a><\/li>\n<li><a href=\"http:\/\/www.univnt.ro\/index.php\/profesorii\/conf-univ-dr-gorunescu-mirela\/\"><strong>Conf. univ. dr.\u00a0GORUNESCU Mirela <\/strong><\/a><\/li>\n<li><a href=\"http:\/\/www.univnt.ro\/index.php\/profesorii\/conf-univ-dr-micu-bogdan-florin\/\"><strong>Conf. univ. dr.\u00a0MICU Bogdan Florin <\/strong><\/a><\/li>\n<li><a href=\"http:\/\/www.univnt.ro\/index.php\/profesorii\/conf-univ-dr-nemes-vasile\/\"><strong>Conf. univ. dr.\u00a0NEME\u015e Vasile <\/strong><\/a><\/li>\n<li><a href=\"http:\/\/www.univnt.ro\/index.php\/profesorii\/conf-univ-dr-popescu-roxana\/\"><strong>Conf. univ. dr.\u00a0POPESCU Roxana <\/strong><\/a><\/li>\n<li><strong><a href=\"https:\/\/www2.univnt.ro\/index.php\/profesori\/conf-univ-dr-radoi-madalina-antoaneta\/\">Conf. univ. dr. R\u0102DOI M\u0103d\u0103lina Antoaneta<\/a><\/strong><\/li>\n<li><a href=\"http:\/\/www.univnt.ro\/index.php\/profesorii\/lect-univ-dr-stefan-elena-emilia\/\"><strong> Conf. univ. dr.\u00a0\u015eTEFAN Elena Emilia<\/strong><\/a><\/li>\n<li><strong><a href=\"https:\/\/www2.univnt.ro\/index.php\/profesori\/conf-univ-dr-stoica-emilia-cornelia\/\">Conf. univ. dr. STOICA Emilia Cornelia<\/a><\/strong><\/li>\n<li><strong><a href=\"https:\/\/www2.univnt.ro\/index.php\/profesori\/conf-univ-dr-sudacevschi-mihaela\/\">Conf. univ. dr. SUDACEVSCHI Mihaela<\/a><\/strong><\/li>\n<li><a href=\"http:\/\/www.univnt.ro\/index.php\/profesorii\/lect-univ-dr-anghel-comsa-elena\/\"><strong>Lect. univ. dr.\u00a0ANGHEL (COM\u015eA) Elena <\/strong><\/a><\/li>\n<li><a href=\"http:\/\/www.univnt.ro\/index.php\/profesorii\/asist-univ-dr-anghelescu-carla-alexandra\/\"><strong> Lect. univ. dr.\u00a0ANGHELESCU Carla Alexandra<\/strong><\/a><\/li>\n<li><a href=\"http:\/\/www.univnt.ro\/index.php\/profesorii\/lect-univ-dr-bucur-norica-felicia\/\"><strong>Lect. univ. dr.\u00a0BUCUR Norica Felicia<\/strong><\/a><\/li>\n<li><strong><a href=\"http:\/\/www.univnt.ro\/index.php\/profesorii\/asist-univ-dr-buta-paul-george\/\"> Lec<\/a><\/strong><a href=\"http:\/\/www.univnt.ro\/index.php\/profesorii\/asist-univ-dr-buta-paul-george\/\"><strong>t<\/strong><\/a><strong><a href=\"http:\/\/www.univnt.ro\/index.php\/profesorii\/asist-univ-dr-buta-paul-george\/\">. univ. dr.\u00a0BUTA Paul George<\/a><\/strong><\/li>\n<li><a href=\"http:\/\/www.univnt.ro\/index.php\/profesorii\/asist-univ-dr-conea-alina-mihaela\/\"><strong> Lect. univ. dr.\u00a0CONEA Alina Mihaela<\/strong><\/a><\/li>\n<li><strong><a href=\"https:\/\/www2.univnt.ro\/index.php\/profesori\/lect-univ-dr-cristiu-ninu-luminita\/\">Lect. univ. dr. CRI\u0218TIU-NINU Lumini\u021ba<\/a><\/strong><\/li>\n<li><a href=\"http:\/\/www.univnt.ro\/index.php\/profesorii\/lect-univ-dr-dragne-ion\/\"><strong>Lect. univ. dr.\u00a0DRAGNE Ion <\/strong><\/a><\/li>\n<li><strong><a href=\"http:\/\/www.univnt.ro\/index.php\/profesorii\/lect-univ-dr-dumitru-dragos-nicolae\/\">Lect. univ. dr.\u00a0DUMITRU Drago\u015f Nicolae <\/a><\/strong><\/li>\n<li><a href=\"http:\/\/www.univnt.ro\/index.php\/profesorii\/lect-univ-dr-ene-dinu-cornelia-beatrice-gabriela\/\"><strong>Lect. univ. dr.\u00a0ENE-DINU Cornelia Beatrice Gabriela<\/strong><\/a><\/li>\n<li><a href=\"http:\/\/www.univnt.ro\/index.php\/profesorii\/asist-univ-dr-haratau-lamya-diana\/\"><strong>Lect. univ. dr.\u00a0H\u0102R\u0102T\u0102U Lamya Diana <\/strong><\/a><\/li>\n<li><strong><a href=\"https:\/\/www2.univnt.ro\/index.php\/profesori\/lect-univ-dr-iliescu-elena-mihaela\/\">Lect. univ. dr. ILIESCU Mihaela<\/a><\/strong><\/li>\n<li><a href=\"http:\/\/www.univnt.ro\/index.php\/profesorii\/lect-univ-dr-muraru-andrei\/\"><strong>Lect. univ. dr.\u00a0MURARU Andrei <\/strong><\/a><\/li>\n<li><a href=\"http:\/\/www.univnt.ro\/index.php\/profesorii\/lect-univ-dr-naubauer-stefan\/\"><strong>Lect. univ. dr.\u00a0NAUBAUER \u015etefan <\/strong><\/a><\/li>\n<li><a href=\"http:\/\/www.univnt.ro\/index.php\/profesorii\/lect-univ-dr-nazat-catalin-bogdan\/\"><strong>Lect. univ. dr.\u00a0NAZAT C\u0103t\u0103lin Bogdan <\/strong><\/a><\/li>\n<li><a href=\"http:\/\/www.univnt.ro\/index.php\/profesorii\/lect-univ-dr-nedelcu-constantin\/\"><strong>Lect. univ. dr.\u00a0NEDELCU Constantin <\/strong><\/a><\/li>\n<li><strong><a href=\"https:\/\/www2.univnt.ro\/index.php\/profesori\/lect-univ-dr-nicolescu-alin\/\">Lect. univ. dr. NICOLESCU Alin<\/a><\/strong><\/li>\n<li><a href=\"http:\/\/www.univnt.ro\/index.php\/profesorii\/lect-univ-dr-padurariu-ioana\/\"><strong>Lect. univ. dr.\u00a0P\u0102DURARIU Ioana <\/strong><\/a><\/li>\n<li><strong><a href=\"https:\/\/www2.univnt.ro\/index.php\/profesori\/asist-univ-dr-panait-nicoleta\/\">Lect. univ. dr. PANAIT Nicoleta<\/a><\/strong><\/li>\n<li><a href=\"http:\/\/www.univnt.ro\/index.php\/profesorii\/lect-univ-dr-popa-rodica-aida\/\"><strong>Lect. univ. dr.\u00a0POPA Rodica Aida<\/strong><\/a><\/li>\n<li><a href=\"http:\/\/www.univnt.ro\/index.php\/profesorii\/lect-univ-dr-radu-liviu-george\/\"><strong>Lect. univ. dr.\u00a0RADU Liviu George <\/strong><\/a><\/li>\n<li><a href=\"http:\/\/www.univnt.ro\/index.php\/profesorii\/lect-univ-dr-sinescu-mircea-constantin\/\"><strong> Lect. univ. dr.\u00a0SINESCU Mircea Constantin <\/strong><\/a><\/li>\n<li><strong><a href=\"http:\/\/www.univnt.ro\/index.php\/profesorii\/lect-univ-dr-sitaru-dan-alexandru\/\">Lect. univ. dr.\u00a0SITARU Dan Alexandru <\/a><\/strong><\/li>\n<li><a href=\"http:\/\/www.univnt.ro\/index.php\/profesorii\/asist-univ-dr-slavoiu-radu\/\"><strong> Lect. univ. dr.\u00a0SL\u0102VOIU Radu<\/strong><\/a><\/li>\n<li><a href=\"http:\/\/www.univnt.ro\/index.php\/profesorii\/lect-univ-dr-spataru-negura-laura-cristiana\/\"><strong>Lect. univ. dr.\u00a0SP\u0102TARU-NEGUR\u0102 Laura-Cristiana <\/strong><\/a><\/li>\n<li><strong><a href=\"https:\/\/www2.univnt.ro\/index.php\/profesori\/asist-univ-dr-bancila-andrei\/\">Asist. univ. dr. B\u0102NCIL\u0102 Andrei<\/a><\/strong><\/li>\n<li><a href=\"http:\/\/www.univnt.ro\/index.php\/profesorii\/asist-univ-dr-barbateanu-valentina\/\"><strong>Asist. univ. dr.\u00a0B\u0102RB\u0102\u0162EANU Valentina <\/strong><\/a><\/li>\n<li><strong><a href=\"https:\/\/www2.univnt.ro\/index.php\/profesori\/asist-univ-dr-botic-sebastian\/\">Asist. univ. dr. BO\u021aIC Sebastian<\/a><\/strong><\/li>\n<li><a href=\"http:\/\/www.univnt.ro\/index.php\/profesorii\/asist-univ-drd-catea-roxana\/\"><strong>Asist. univ. dr.\u00a0CATEA Roxana<\/strong><\/a><\/li>\n<li><a href=\"http:\/\/www.univnt.ro\/index.php\/profesorii\/asist-univ-dr-geamanu-radu\/\"><strong>Asist. univ. dr.\u00a0GEAM\u0102NU Radu <\/strong><\/a><\/li>\n<li><a href=\"http:\/\/www.univnt.ro\/index.php\/profesorii\/asist-univ-drd-haratau-adrian\/\"><strong>Asist. univ. dr.\u00a0H\u0102R\u0102T\u0102U Adrian<\/strong><\/a><\/li>\n<li><a href=\"http:\/\/www.univnt.ro\/index.php\/profesorii\/asist-univ-drd-livadariu-andreea\/\"><strong>Asist. univ. dr.\u00a0LIV\u0102DARIU Andreea <\/strong><\/a><\/li>\n<li><a href=\"http:\/\/www.univnt.ro\/index.php\/profesorii\/asist-univ-drd-lospa-paul\/\"><strong>Asist. univ. dr.\u00a0LOSPA Paul<\/strong><\/a><\/li>\n<li><a href=\"http:\/\/www.univnt.ro\/index.php\/profesorii\/asist-univ-drd-magdalena-catalin\/\"><strong> Asist. univ. dr.\u00a0MAGDALENA C\u0103t\u0103lin<\/strong><\/a><\/li>\n<li><a href=\"http:\/\/www.univnt.ro\/index.php\/profesorii\/asist-univ-drd-olanescu-alexandru\/\"><strong>Asist. univ. dr.\u00a0OL\u0102NESCU Alexandru<\/strong><\/a><\/li>\n<li><a href=\"http:\/\/www.univnt.ro\/index.php\/profesorii\/asist-univ-drd-soare-filatov-andra\/\"><strong>Asist. univ. dr.\u00a0SOARE-FILATOV Andra<\/strong><\/a><\/li>\n<li><strong><a href=\"https:\/\/www2.univnt.ro\/index.php\/profesori\/asist-univ-dr-solacolu-maria\/\">Asist. univ. dr. SOLACOLU Maria<\/a><\/strong><\/li>\n<li><a href=\"http:\/\/www.univnt.ro\/index.php\/profesorii\/asist-univ-dr-sorica-irina\/\"><strong>Asist. univ. dr.\u00a0SORICA Irina<\/strong><\/a><\/li>\n<li><a href=\"http:\/\/www.univnt.ro\/index.php\/profesorii\/asist-univ-drd-stoica-cantemir-nadia\/\"><strong> Asist. univ. dr.\u00a0STOICA CANTEMIR Nadia<\/strong><\/a><\/li>\n<li><a href=\"http:\/\/www.univnt.ro\/index.php\/profesorii\/asist-univ-drd-vasii-gabriel\/\"><strong>Asist. univ. dr.\u00a0V\u0102SII Gabriel<\/strong><\/a><\/li>\n<li><strong><a href=\"https:\/\/www2.univnt.ro\/index.php\/profesori\/asist-univ-drd-andrescu-alina\/\">Asist. univ. drd. ANDRESCU Alina<\/a><\/strong><\/li>\n<li><a href=\"http:\/\/www.univnt.ro\/index.php\/profesorii\/asist-univ-drd-arghir-bogdan\/\"><strong>Asist. univ. drd.\u00a0ARGHIR Bogdan<\/strong><\/a><\/li>\n<li><strong><a href=\"https:\/\/www2.univnt.ro\/index.php\/profesori\/asist-univ-drd-burlacu-tudor\/\">Asist. univ. drd. BURLACU Tudor<\/a><\/strong><\/li>\n<li><strong><a href=\"https:\/\/www2.univnt.ro\/index.php\/profesori\/asist-univ-drd-calin-radu\/\">Asist. univ. drd. C\u0102LIN Radu<\/a><\/strong><\/li>\n<li><a href=\"http:\/\/www.univnt.ro\/index.php\/profesorii\/asist-univ-drd-cercel-cristian\/\"><strong>Asist. univ. drd.\u00a0CERCEL Cristian <\/strong><\/a><\/li>\n<li><strong><a href=\"https:\/\/www2.univnt.ro\/index.php\/profesori\/asist-univ-drd-ciltea-valentin\/\">Asist. univ. drd. C\u00ceL\u021aEA Valentin<\/a><\/strong><\/li>\n<li><strong><a href=\"https:\/\/www2.univnt.ro\/index.php\/profesori\/asist-univ-drd-dimitriu-oana\/\">Asist. univ. drd. DIMITRIU Oana<\/a><\/strong><\/li>\n<li><strong><a href=\"https:\/\/www2.univnt.ro\/index.php\/profesori\/asist-univ-drd-dinescu-adrian\/\">Asist. univ. drd. DINESCU Adrian<\/a><\/strong><\/li>\n<li><strong><a href=\"https:\/\/www2.univnt.ro\/index.php\/profesori\/asist-univ-drd-george-bogdan\/\">Asist. univ. drd. GEORGE Bogdan<\/a><\/strong><\/li>\n<li><strong><a href=\"https:\/\/www2.univnt.ro\/index.php\/profesori\/asist-univ-drd-ilie-alexandru\/\">Asist. univ. drd. ILIE Alexandru<\/a><\/strong><\/li>\n<li><strong><a href=\"https:\/\/www2.univnt.ro\/index.php\/profesori\/asist-univ-drd-imre-lajos\/\">Asist. univ. drd. IMRE Lajos<\/a><\/strong><\/li>\n<li><strong><a href=\"https:\/\/www2.univnt.ro\/index.php\/profesori\/asist-univ-drd-ionescu-lupeanu-bogdan\/\">Asist. univ. drd. IONESCU-LUPEANU Bogdan<\/a><\/strong><\/li>\n<li><strong><a href=\"https:\/\/www2.univnt.ro\/index.php\/profesori\/asist-univ-drd-irimescu-george-mihai\/\">Asist. univ. drd. IRIMESCU George-Mihai<\/a><\/strong><\/li>\n<li><strong><a href=\"https:\/\/www2.univnt.ro\/index.php\/profesori\/asist-univ-drd-marin-andrada\/\">Asist. univ. drd. MARIN Andrada<\/a><\/strong><\/li>\n<li><strong><a href=\"https:\/\/www2.univnt.ro\/index.php\/profesori\/asist-univ-drd-meiu-emilian\/\">Asist. univ. drd. MEIU Emilian Constantin<\/a><\/strong><\/li>\n<li><strong><a href=\"https:\/\/www2.univnt.ro\/index.php\/profesori\/asist-univ-drd-neacsu-mirel\/\">Asist. univ. drd. NEAC\u0218U Mirel<\/a><\/strong><\/li>\n<li><strong><a href=\"https:\/\/www2.univnt.ro\/index.php\/profesori\/asist-univ-drd-onea-larisa\/\">Asist. univ. drd. ONEA Larisa<\/a><\/strong><\/li>\n<li><strong><a href=\"https:\/\/www2.univnt.ro\/index.php\/profesori\/asist-univ-drd-popescu-andreea\/\">Asist. univ. drd. POPESCU Andreea<\/a><\/strong><\/li>\n<li><strong><a href=\"https:\/\/www2.univnt.ro\/index.php\/profesori\/asist-univ-drd-popescu-simina\/\">Asist. univ. drd. POPESCU Simina<\/a><\/strong><\/li>\n<li><strong><a href=\"https:\/\/www2.univnt.ro\/index.php\/profesori\/asist-univ-drd-stan-alexandru\/\">Asist. univ. drd. STAN Alexandru<\/a><\/strong><\/li>\n<li><strong><a href=\"https:\/\/www2.univnt.ro\/index.php\/profesori\/asist-univ-drd-stoica-andrei\/\">Asist. univ. drd. STOICA Andrei<\/a><\/strong><\/li>\n<li><strong><a href=\"https:\/\/www2.univnt.ro\/index.php\/profesori\/asist-univ-drd-tache-marta\/\">Asist. univ. drd. TACHE Marta<\/a><\/strong><\/li>\n<li><strong><a href=\"https:\/\/www2.univnt.ro\/index.php\/profesori\/asist-univ-drd-toma-diana\/\">Asist. univ. drd. TOMA Diana<\/a><\/strong><\/li>\n<li><a href=\"http:\/\/www.univnt.ro\/index.php\/profesorii\/asist-univ-drd-tudor-eduard-florin\/\"><strong>Asist. univ. drd.\u00a0TUDOR Eduard Florin<\/strong><\/a><\/li>\n<li><strong><a href=\"https:\/\/www2.univnt.ro\/index.php\/profesori\/asist-univ-drd-tudose-roxana\/\">Asist. univ. drd. TUDOSE Roxana<\/a><\/strong><\/li>\n<li><strong><a href=\"https:\/\/www2.univnt.ro\/index.php\/profesori\/asist-univ-drd-ulariu-claudiu\/\">Asist. univ. drd. ULARIU Claudiu<\/a><\/strong><\/li>\n<li><strong><a href=\"https:\/\/www2.univnt.ro\/index.php\/profesori\/asist-univ-drd-viorel-georgiana\/\">Asist. univ. drd. VIOREL Georgiana<\/a><\/strong><\/li>\n<li><strong><a href=\"https:\/\/www2.univnt.ro\/index.php\/profesori\/asist-univ-drd-viorel-liviu\/\">Asist. univ. drd. VIOREL Liviu<\/a><\/strong><\/li>\n<li><strong><a href=\"https:\/\/www2.univnt.ro\/index.php\/profesori\/asist-univ-drd-visoiu-ruxandra\/\">Asist. univ. drd. VI\u0218OIU Ruxandra<\/a><\/strong><\/li>\n<li><strong><a href=\"https:\/\/www2.univnt.ro\/index.php\/profesori\/asist-univ-drd-voiculescu-anca-magda\/\">Asist. univ. drd. VOICULESCU Anca-Magda<\/a><\/strong><\/li>\n<li><a href=\"http:\/\/www.univnt.ro\/index.php\/profesorii\/asist-univ-dieac-bogdan\/\"><strong> Av.\u00a0DIEAC Bogdan <\/strong><\/a><\/li>\n<li><strong><a href=\"https:\/\/www2.univnt.ro\/index.php\/profesori\/instr-ed-fiz-gheorghe-camelia-denise\/\">Instr. ed. fiz. GHEORGHE Camelia Denise<\/a><\/strong><\/li>\n<\/ol>\n<p><!-- \/wp:list --><\/p>\t\t\t\t\t<\/div>\n\t\t\t\t\t\t<\/div>\n\t\t\t\t<\/div>\n\t\t\t\t\t\t<\/div>\n\t\t\t\t\t<\/div>\n\t\t<\/div>\n\t\t\t\t\t\t\t\t<\/div>\n\t\t\t\t\t<\/div>\n\t\t<\/section>\n\t\t\t\t\t\t\t\t\t<\/div>\n\t\t\t<\/div>\n\t\t\t\t\t<\/div>\n\t\t","protected":false},"excerpt":{"rendered":"<p>Prof. univ. dr.\u00a0AURESCU Bogdan Lucian Prof. univ. dr.\u00a0BOROI Gabriel Prof. univ. dr.\u00a0CORNESCU Viorel Prof. univ. dr.\u00a0DAMASCHIN Mircea Prof. univ. dr. &hellip; <\/p>\n","protected":false},"author":1,"featured_media":0,"parent":72,"menu_order":0,"comment_status":"closed","ping_status":"closed","template":"","meta":{"_mi_skip_tracking":false},"_links":{"self":[{"href":"https:\/\/www2.univnt.ro\/index.php\/wp-json\/wp\/v2\/pages\/93"}],"collection":[{"href":"https:\/\/www2.univnt.ro\/index.php\/wp-json\/wp\/v2\/pages"}],"about":[{"href":"https:\/\/www2.univnt.ro\/index.php\/wp-json\/wp\/v2\/types\/page"}],"author":[{"embeddable":true,"href":"https:\/\/www2.univnt.ro\/index.php\/wp-json\/wp\/v2\/users\/1"}],"replies":[{"embeddable":true,"href":"https:\/\/www2.univnt.ro\/index.php\/wp-json\/wp\/v2\/comments?post=93"}],"version-history":[{"count":37,"href":"https:\/\/www2.univnt.ro\/index.php\/wp-json\/wp\/v2\/pages\/93\/revisions"}],"predecessor-version":[{"id":4954,"href":"https:\/\/www2.univnt.ro\/index.php\/wp-json\/wp\/v2\/pages\/93\/revisions\/4954"}],"up":[{"embeddable":true,"href":"https:\/\/www2.univnt.ro\/index.php\/wp-json\/wp\/v2\/pages\/72"}],"wp:attachment":[{"href":"https:\/\/www2.univnt.ro\/index.php\/wp-json\/wp\/v2\/media?parent=93"}],"curies":[{"name":"wp","href":"https:\/\/api.w.org\/{rel}","templated":true}]}}